{"id":652715,"date":"2025-06-16T18:49:18","date_gmt":"2025-06-16T15:49:18","guid":{"rendered":"https:\/\/nextsnkr.com\/product\/sale-dr-martens-jadon-lv-premium-khutro-zastibka\/"},"modified":"2026-01-29T13:36:24","modified_gmt":"2026-01-29T10:36:24","slug":"sale-dr-martens-jadon-lv-premium-khutro-zastibka","status":"publish","type":"product","link":"https:\/\/nextsnkr.com\/de\/produkt\/sale-dr-martens-jadon-lv-premium-khutro-zastibka\/","title":{"rendered":"Dr. Stiefel.Martens Jadon LV Premium mit Pelz und Verschluss"},"content":{"rendered":"<h2>Dr. Stiefel.Martens Jadon LV Premium mit Pelz und Verschluss<\/h2>\n<p>&nbsp;<\/p>\n<p>Dr. Premium Stiefel.Die Martens Jadon LV Premium sind aus weichem, glattem Leder gefertigt und mit Fell und einem praktischen Verschluss ausgestattet, der bei kaltem Wetter W\u00e4rme und Komfort bietet. Das Modell hat ein stilvolles schwarzes Design, eine robuste Konstruktion und zus\u00e4tzliche Schn\u00fcrsenkel f\u00fcr eine individuelle Passform. Hergestellt in Vietnam, wiegen diese Stiefel 1110 g und sind mit einem Markenbeutel, Dokumentation und Zubeh\u00f6r ausgestattet, das den Premium-Stil der Marke Dr. kombiniert.Martens und Praktikabilit\u00e4t f\u00fcr das t\u00e4gliche Tragen.<\/p>\n","protected":false},"excerpt":{"rendered":"<p>Dr. Premium Stiefel.Die Martens Jadon LV Premium sind aus weichem, glattem Leder gefertigt und mit Fell und einem praktischen Verschluss ausgestattet, der bei kaltem Wetter W\u00e4rme und Komfort bietet. Das Modell hat ein stilvolles schwarzes Design, eine robuste Konstruktion und zus\u00e4tzliche Schn\u00fcrsenkel f\u00fcr eine individuelle Passform. Hergestellt in Vietnam, wiegen diese Stiefel 1110 g und sind mit einem Markenbeutel, Dokumentation und Zubeh\u00f6r ausgestattet, das den Premium-Stil der Marke Dr. kombiniert.Martens und Praktikabilit\u00e4t f\u00fcr das t\u00e4gliche Tragen.<\/p>\n","protected":false},"featured_media":652716,"comment_status":"open","ping_status":"open","template":"","meta":[],"product_brand":[2398],"product_cat":[3618,3225,3333],"product_tag":[],"class_list":{"0":"post-652715","1":"product","2":"type-product","3":"status-publish","4":"has-post-thumbnail","6":"product_brand-dr-martens","7":"product_cat-dr-martens","8":"product_cat-all-product","9":"product_cat-cherevyky","10":"pa_rozmir-910","11":"pa_rozmir-912","12":"pa_rozmir-914","13":"pa_rozmir-915","14":"pa_rozmir-916","15":"pa_rozmir-917","16":"pa_rozmir-918","17":"pa_rozmir-919","18":"pa_rozmir-920","19":"pa_rozmir-921","20":"pa_rozmir-922","22":"first","23":"instock","24":"purchasable","25":"product-type-variable"},"_links":{"self":[{"href":"https:\/\/nextsnkr.com\/de\/wp-json\/wp\/v2\/product\/652715","targetHints":{"allow":["GET"]}}],"collection":[{"href":"https:\/\/nextsnkr.com\/de\/wp-json\/wp\/v2\/product"}],"about":[{"href":"https:\/\/nextsnkr.com\/de\/wp-json\/wp\/v2\/types\/product"}],"replies":[{"embeddable":true,"href":"https:\/\/nextsnkr.com\/de\/wp-json\/wp\/v2\/comments?post=652715"}],"version-history":[{"count":0,"href":"https:\/\/nextsnkr.com\/de\/wp-json\/wp\/v2\/product\/652715\/revisions"}],"wp:featuredmedia":[{"embeddable":true,"href":"https:\/\/nextsnkr.com\/de\/wp-json\/wp\/v2\/media\/652716"}],"wp:attachment":[{"href":"https:\/\/nextsnkr.com\/de\/wp-json\/wp\/v2\/media?parent=652715"}],"wp:term":[{"taxonomy":"product_brand","embeddable":true,"href":"https:\/\/nextsnkr.com\/de\/wp-json\/wp\/v2\/product_brand?post=652715"},{"taxonomy":"product_cat","embeddable":true,"href":"https:\/\/nextsnkr.com\/de\/wp-json\/wp\/v2\/product_cat?post=652715"},{"taxonomy":"product_tag","embeddable":true,"href":"https:\/\/nextsnkr.com\/de\/wp-json\/wp\/v2\/product_tag?post=652715"}],"curies":[{"name":"wp","href":"https:\/\/api.w.org\/{rel}","templated":true}]}}