{"id":652499,"date":"2025-06-14T15:10:03","date_gmt":"2025-06-14T12:10:03","guid":{"rendered":"https:\/\/nextsnkr.com\/product\/nike-air-force-1-low-luxe\/"},"modified":"2026-01-29T13:36:19","modified_gmt":"2026-01-29T10:36:19","slug":"nike-air-force-1-low-luxe","status":"publish","type":"product","link":"https:\/\/nextsnkr.com\/de\/produkt\/nike-air-force-1-low-luxe\/","title":{"rendered":"Nike Air Force 1 Low Luxe Sneakers-Stilvolle Sneakers aus Leder f\u00fcr Herren"},"content":{"rendered":"<h2>Nike Air Force 1 Low Luxe Sneakers-Stilvolle Sneakers aus Leder f\u00fcr Herren<\/h2>\n<p>&nbsp;<\/p>\n<p>Die Nike Air Force 1 Low Sneakers &#8222;Luxe&#8220; sind eine Premium-Version des ikonischen Modells aus strapazierf\u00e4higem echtem Leder. Sie bieten hohen Komfort, hervorragende Fu\u00dfunterst\u00fctzung und Haltbarkeit im t\u00e4glichen Gebrauch. Die stilvolle Silhouette der Air Force 1, kombiniert mit hochwertigen Materialien, schafft einen vielseitigen Schuh f\u00fcr urbane Bilder. Die ideale Wahl f\u00fcr diejenigen, die die Marke Nike, Zuverl\u00e4ssigkeit und modernes Design sch\u00e4tzen.<\/p>\n","protected":false},"excerpt":{"rendered":"<p>Die Nike Air Force 1 Low Sneakers &#8222;Luxe&#8220; sind eine Premium-Version des ikonischen Modells aus strapazierf\u00e4higem echtem Leder. Sie bieten hohen Komfort, hervorragende Fu\u00dfunterst\u00fctzung und Haltbarkeit im t\u00e4glichen Gebrauch. Die stilvolle Silhouette der Air Force 1, kombiniert mit hochwertigen Materialien, schafft einen vielseitigen Schuh f\u00fcr urbane Bilder. Die ideale Wahl f\u00fcr diejenigen, die die Marke Nike, Zuverl\u00e4ssigkeit und modernes Design sch\u00e4tzen.<\/p>\n","protected":false},"featured_media":652503,"comment_status":"open","ping_status":"open","template":"","meta":[],"product_brand":[],"product_cat":[3225,3320],"product_tag":[],"class_list":{"0":"post-652499","1":"product","2":"type-product","3":"status-publish","4":"has-post-thumbnail","6":"product_cat-all-product","7":"product_cat-kedy","8":"pa_rozmir-910","9":"pa_rozmir-912","10":"pa_rozmir-914","11":"pa_rozmir-915","12":"pa_rozmir-916","13":"pa_rozmir-917","14":"pa_rozmir-918","15":"pa_rozmir-919","16":"pa_rozmir-920","17":"pa_rozmir-921","18":"pa_rozmir-922","20":"first","21":"onbackorder","22":"purchasable","23":"product-type-variable"},"_links":{"self":[{"href":"https:\/\/nextsnkr.com\/de\/wp-json\/wp\/v2\/product\/652499","targetHints":{"allow":["GET"]}}],"collection":[{"href":"https:\/\/nextsnkr.com\/de\/wp-json\/wp\/v2\/product"}],"about":[{"href":"https:\/\/nextsnkr.com\/de\/wp-json\/wp\/v2\/types\/product"}],"replies":[{"embeddable":true,"href":"https:\/\/nextsnkr.com\/de\/wp-json\/wp\/v2\/comments?post=652499"}],"version-history":[{"count":0,"href":"https:\/\/nextsnkr.com\/de\/wp-json\/wp\/v2\/product\/652499\/revisions"}],"wp:featuredmedia":[{"embeddable":true,"href":"https:\/\/nextsnkr.com\/de\/wp-json\/wp\/v2\/media\/652503"}],"wp:attachment":[{"href":"https:\/\/nextsnkr.com\/de\/wp-json\/wp\/v2\/media?parent=652499"}],"wp:term":[{"taxonomy":"product_brand","embeddable":true,"href":"https:\/\/nextsnkr.com\/de\/wp-json\/wp\/v2\/product_brand?post=652499"},{"taxonomy":"product_cat","embeddable":true,"href":"https:\/\/nextsnkr.com\/de\/wp-json\/wp\/v2\/product_cat?post=652499"},{"taxonomy":"product_tag","embeddable":true,"href":"https:\/\/nextsnkr.com\/de\/wp-json\/wp\/v2\/product_tag?post=652499"}],"curies":[{"name":"wp","href":"https:\/\/api.w.org\/{rel}","templated":true}]}}