{"id":648801,"date":"2025-06-14T15:16:57","date_gmt":"2025-06-14T12:16:57","guid":{"rendered":"https:\/\/nextsnkr.com\/product\/air-force-1-swoosh-lime-light\/"},"modified":"2026-01-29T13:33:49","modified_gmt":"2026-01-29T10:33:49","slug":"air-force-1-swoosh-lime-light","status":"publish","type":"product","link":"https:\/\/nextsnkr.com\/de\/produkt\/air-force-1-swoosh-lime-light\/","title":{"rendered":"Air Force 1 Swoosh Lime Light Sneakers-Stilvolle lederne Turnschuhe"},"content":{"rendered":"<h2>Air Force 1 Swoosh Lime Light Sneakers-Stilvolle lederne Turnschuhe<\/h2>\n<p>&nbsp;<\/p>\n<p>Die Air Force 1 Swoosh Lime Light Sneakers sind aus hochwertigem Leder gefertigt und bieten ein strapazierf\u00e4higes und erstklassiges Aussehen. Helle Lime Akzente verleihen dem Modell einen modernen Stil, wodurch es auff\u00e4llig und trendig wird. Die Produktion in Vietnam garantiert eine zuverl\u00e4ssige Qualit\u00e4t und die bequeme Sohle bietet Komfort beim t\u00e4glichen Tragen. Die perfekte Wahl f\u00fcr diejenigen, die nach stilvollen, robusten und vielseitigen Sneakers suchen.<\/p>\n","protected":false},"excerpt":{"rendered":"<p>Die Air Force 1 Swoosh Lime Light Sneakers sind aus hochwertigem Leder gefertigt und bieten ein strapazierf\u00e4higes und erstklassiges Aussehen. Helle Lime Akzente verleihen dem Modell einen modernen Stil, wodurch es auff\u00e4llig und trendig wird. Die Produktion in Vietnam garantiert eine zuverl\u00e4ssige Qualit\u00e4t und die bequeme Sohle bietet Komfort beim t\u00e4glichen Tragen. Die perfekte Wahl f\u00fcr diejenigen, die nach stilvollen, robusten und vielseitigen Sneakers suchen.<\/p>\n","protected":false},"featured_media":648802,"comment_status":"open","ping_status":"open","template":"","meta":[],"product_brand":[],"product_cat":[3225,3320],"product_tag":[],"class_list":{"0":"post-648801","1":"product","2":"type-product","3":"status-publish","4":"has-post-thumbnail","6":"product_cat-all-product","7":"product_cat-kedy","8":"pa_rozmir-910","9":"pa_rozmir-912","10":"pa_rozmir-914","11":"pa_rozmir-915","12":"pa_rozmir-916","13":"pa_rozmir-917","14":"pa_rozmir-918","15":"pa_rozmir-919","16":"pa_rozmir-920","17":"pa_rozmir-921","18":"pa_rozmir-922","20":"first","21":"instock","22":"purchasable","23":"product-type-variable"},"_links":{"self":[{"href":"https:\/\/nextsnkr.com\/de\/wp-json\/wp\/v2\/product\/648801","targetHints":{"allow":["GET"]}}],"collection":[{"href":"https:\/\/nextsnkr.com\/de\/wp-json\/wp\/v2\/product"}],"about":[{"href":"https:\/\/nextsnkr.com\/de\/wp-json\/wp\/v2\/types\/product"}],"replies":[{"embeddable":true,"href":"https:\/\/nextsnkr.com\/de\/wp-json\/wp\/v2\/comments?post=648801"}],"version-history":[{"count":0,"href":"https:\/\/nextsnkr.com\/de\/wp-json\/wp\/v2\/product\/648801\/revisions"}],"wp:featuredmedia":[{"embeddable":true,"href":"https:\/\/nextsnkr.com\/de\/wp-json\/wp\/v2\/media\/648802"}],"wp:attachment":[{"href":"https:\/\/nextsnkr.com\/de\/wp-json\/wp\/v2\/media?parent=648801"}],"wp:term":[{"taxonomy":"product_brand","embeddable":true,"href":"https:\/\/nextsnkr.com\/de\/wp-json\/wp\/v2\/product_brand?post=648801"},{"taxonomy":"product_cat","embeddable":true,"href":"https:\/\/nextsnkr.com\/de\/wp-json\/wp\/v2\/product_cat?post=648801"},{"taxonomy":"product_tag","embeddable":true,"href":"https:\/\/nextsnkr.com\/de\/wp-json\/wp\/v2\/product_tag?post=648801"}],"curies":[{"name":"wp","href":"https:\/\/api.w.org\/{rel}","templated":true}]}}