{"id":646923,"date":"2025-06-14T15:23:36","date_gmt":"2025-06-14T12:23:36","guid":{"rendered":"https:\/\/nextsnkr.com\/product\/air-force-low-grey\/"},"modified":"2026-01-29T13:32:37","modified_gmt":"2026-01-29T10:32:37","slug":"air-force-low-grey","status":"publish","type":"product","link":"https:\/\/nextsnkr.com\/de\/produkt\/air-force-low-grey\/","title":{"rendered":"Die Air Force Low Grey Sneakers aus Wildleder sind ein stilvolles Casual-Modell"},"content":{"rendered":"<h2>Die Air Force Low Grey Sneakers aus Wildleder sind ein stilvolles Casual-Modell<\/h2>\n<p>&nbsp;<\/p>\n<p>Die Air Force Low Grey Sneakers sind aus hochwertigem Wildleder gefertigt, das Weichheit, Komfort und ein erstklassiges Aussehen bietet. Die klassische Silhouette, kombiniert mit einer universellen grauen Farbe, passt leicht zu jedem Bild. Die robuste Sohle garantiert Komfort beim t\u00e4glichen Tragen, und das durchdachte Design macht das Modell f\u00fcr den urbanen Stil relevant. Es ist die perfekte Wahl f\u00fcr diejenigen, die die Kombination aus Komfort, Stil und Praktikabilit\u00e4t sch\u00e4tzen.<\/p>\n","protected":false},"excerpt":{"rendered":"<p>Die Air Force Low Grey Sneakers sind aus hochwertigem Wildleder gefertigt, das Weichheit, Komfort und ein erstklassiges Aussehen bietet. Die klassische Silhouette, kombiniert mit einer universellen grauen Farbe, passt leicht zu jedem Bild. Die robuste Sohle garantiert Komfort beim t\u00e4glichen Tragen, und das durchdachte Design macht das Modell f\u00fcr den urbanen Stil relevant. Es ist die perfekte Wahl f\u00fcr diejenigen, die die Kombination aus Komfort, Stil und Praktikabilit\u00e4t sch\u00e4tzen.<\/p>\n","protected":false},"featured_media":646924,"comment_status":"open","ping_status":"open","template":"","meta":[],"product_brand":[],"product_cat":[3225,3320],"product_tag":[],"class_list":{"0":"post-646923","1":"product","2":"type-product","3":"status-publish","4":"has-post-thumbnail","6":"product_cat-all-product","7":"product_cat-kedy","8":"pa_rozmir-910","9":"pa_rozmir-912","10":"pa_rozmir-914","11":"pa_rozmir-915","12":"pa_rozmir-916","13":"pa_rozmir-917","14":"pa_rozmir-918","15":"pa_rozmir-919","16":"pa_rozmir-920","17":"pa_rozmir-921","18":"pa_rozmir-922","20":"first","21":"instock","22":"purchasable","23":"product-type-variable"},"_links":{"self":[{"href":"https:\/\/nextsnkr.com\/de\/wp-json\/wp\/v2\/product\/646923","targetHints":{"allow":["GET"]}}],"collection":[{"href":"https:\/\/nextsnkr.com\/de\/wp-json\/wp\/v2\/product"}],"about":[{"href":"https:\/\/nextsnkr.com\/de\/wp-json\/wp\/v2\/types\/product"}],"replies":[{"embeddable":true,"href":"https:\/\/nextsnkr.com\/de\/wp-json\/wp\/v2\/comments?post=646923"}],"version-history":[{"count":0,"href":"https:\/\/nextsnkr.com\/de\/wp-json\/wp\/v2\/product\/646923\/revisions"}],"wp:featuredmedia":[{"embeddable":true,"href":"https:\/\/nextsnkr.com\/de\/wp-json\/wp\/v2\/media\/646924"}],"wp:attachment":[{"href":"https:\/\/nextsnkr.com\/de\/wp-json\/wp\/v2\/media?parent=646923"}],"wp:term":[{"taxonomy":"product_brand","embeddable":true,"href":"https:\/\/nextsnkr.com\/de\/wp-json\/wp\/v2\/product_brand?post=646923"},{"taxonomy":"product_cat","embeddable":true,"href":"https:\/\/nextsnkr.com\/de\/wp-json\/wp\/v2\/product_cat?post=646923"},{"taxonomy":"product_tag","embeddable":true,"href":"https:\/\/nextsnkr.com\/de\/wp-json\/wp\/v2\/product_tag?post=646923"}],"curies":[{"name":"wp","href":"https:\/\/api.w.org\/{rel}","templated":true}]}}