{"id":646232,"date":"2025-06-14T15:26:02","date_gmt":"2025-06-14T12:26:02","guid":{"rendered":"https:\/\/nextsnkr.com\/product\/air-force-1-low-07-pattern\/"},"modified":"2026-01-29T13:32:08","modified_gmt":"2026-01-29T10:32:08","slug":"air-force-1-low-07-pattern","status":"publish","type":"product","link":"https:\/\/nextsnkr.com\/de\/produkt\/air-force-1-low-07-pattern\/","title":{"rendered":"Air Force Sneakers 1 Low 07 Pattern-Stilvolle Sneakers aus Leder"},"content":{"rendered":"<h2>Air Force Sneakers 1 Low 07 Pattern-Stilvolle Sneakers aus Leder<\/h2>\n<p>&nbsp;<\/p>\n<p>Die Air Force 1 Low 07 Pattern Sneakers sind eine moderne Interpretation des ikonischen Modells aus hochwertigem echtem Leder. Das Material sorgt f\u00fcr Langlebigkeit, Komfort und ein ordentliches Aussehen im t\u00e4glichen Tragen. Das originelle Musterdesign macht das Paar hell und trendig, und die robuste Sohle garantiert eine zuverl\u00e4ssige D\u00e4mpfung. Diese Turnschuhe sind ideal f\u00fcr urbanen Stil, aktiven Rhythmus und diejenigen, die Komfort in Kombination mit moderner \u00c4sthetik sch\u00e4tzen.<\/p>\n","protected":false},"excerpt":{"rendered":"<p>Die Air Force 1 Low 07 Pattern Sneakers sind eine moderne Interpretation des ikonischen Modells aus hochwertigem echtem Leder. Das Material sorgt f\u00fcr Langlebigkeit, Komfort und ein ordentliches Aussehen im t\u00e4glichen Tragen. Das originelle Musterdesign macht das Paar hell und trendig, und die robuste Sohle garantiert eine zuverl\u00e4ssige D\u00e4mpfung. Diese Turnschuhe sind ideal f\u00fcr urbanen Stil, aktiven Rhythmus und diejenigen, die Komfort in Kombination mit moderner \u00c4sthetik sch\u00e4tzen.<\/p>\n","protected":false},"featured_media":646233,"comment_status":"open","ping_status":"open","template":"","meta":[],"product_brand":[],"product_cat":[3225,3320],"product_tag":[],"class_list":{"0":"post-646232","1":"product","2":"type-product","3":"status-publish","4":"has-post-thumbnail","6":"product_cat-all-product","7":"product_cat-kedy","8":"pa_rozmir-910","9":"pa_rozmir-912","10":"pa_rozmir-914","11":"pa_rozmir-915","12":"pa_rozmir-916","13":"pa_rozmir-917","14":"pa_rozmir-918","15":"pa_rozmir-919","16":"pa_rozmir-920","17":"pa_rozmir-921","18":"pa_rozmir-922","20":"first","21":"onbackorder","22":"purchasable","23":"product-type-variable"},"_links":{"self":[{"href":"https:\/\/nextsnkr.com\/de\/wp-json\/wp\/v2\/product\/646232","targetHints":{"allow":["GET"]}}],"collection":[{"href":"https:\/\/nextsnkr.com\/de\/wp-json\/wp\/v2\/product"}],"about":[{"href":"https:\/\/nextsnkr.com\/de\/wp-json\/wp\/v2\/types\/product"}],"replies":[{"embeddable":true,"href":"https:\/\/nextsnkr.com\/de\/wp-json\/wp\/v2\/comments?post=646232"}],"version-history":[{"count":0,"href":"https:\/\/nextsnkr.com\/de\/wp-json\/wp\/v2\/product\/646232\/revisions"}],"wp:featuredmedia":[{"embeddable":true,"href":"https:\/\/nextsnkr.com\/de\/wp-json\/wp\/v2\/media\/646233"}],"wp:attachment":[{"href":"https:\/\/nextsnkr.com\/de\/wp-json\/wp\/v2\/media?parent=646232"}],"wp:term":[{"taxonomy":"product_brand","embeddable":true,"href":"https:\/\/nextsnkr.com\/de\/wp-json\/wp\/v2\/product_brand?post=646232"},{"taxonomy":"product_cat","embeddable":true,"href":"https:\/\/nextsnkr.com\/de\/wp-json\/wp\/v2\/product_cat?post=646232"},{"taxonomy":"product_tag","embeddable":true,"href":"https:\/\/nextsnkr.com\/de\/wp-json\/wp\/v2\/product_tag?post=646232"}],"curies":[{"name":"wp","href":"https:\/\/api.w.org\/{rel}","templated":true}]}}