{"id":645540,"date":"2025-06-14T15:28:29","date_gmt":"2025-06-14T12:28:29","guid":{"rendered":"https:\/\/nextsnkr.com\/product\/air-force-1-white-grey\/"},"modified":"2026-01-29T13:31:40","modified_gmt":"2026-01-29T10:31:40","slug":"air-force-1-white-grey","status":"publish","type":"product","link":"https:\/\/nextsnkr.com\/de\/produkt\/air-force-1-white-grey\/","title":{"rendered":"Air Force Sneakers 1 White &#8211; Grey-Herrenlederschuhe in wei\u00df-grauem Stil"},"content":{"rendered":"<h2>Air Force Sneakers 1 White &#8211; Grey-Herrenlederschuhe in wei\u00df-grauem Stil<\/h2>\n<p>&nbsp;<\/p>\n<p>Die Air Force 1 White\/Grey Sneakers sind ein stilvolles und vielseitiges Modell aus hochwertigem echtem Leder. Dank der Kombination aus wei\u00dfen und grauen Farben sieht der Schuh modern aus und l\u00e4sst sich leicht mit jedem allt\u00e4glichen Outfit kombinieren. Die weiche Innensohle und die bequeme Sohle sorgen f\u00fcr Komfort bei l\u00e4ngerem Tragen und die robusten Materialien garantieren Haltbarkeit. W\u00e4hlen Sie Air Force 1 White\/Grey, wenn Sie jeden Tag Stil, Qualit\u00e4t und Komfort sch\u00e4tzen.<\/p>\n","protected":false},"excerpt":{"rendered":"<p>Die Air Force 1 White\/Grey Sneakers sind ein stilvolles und vielseitiges Modell aus hochwertigem echtem Leder. Dank der Kombination aus wei\u00dfen und grauen Farben sieht der Schuh modern aus und l\u00e4sst sich leicht mit jedem allt\u00e4glichen Outfit kombinieren. Die weiche Innensohle und die bequeme Sohle sorgen f\u00fcr Komfort bei l\u00e4ngerem Tragen und die robusten Materialien garantieren Haltbarkeit. W\u00e4hlen Sie Air Force 1 White\/Grey, wenn Sie jeden Tag Stil, Qualit\u00e4t und Komfort sch\u00e4tzen.<\/p>\n","protected":false},"featured_media":645541,"comment_status":"open","ping_status":"open","template":"","meta":[],"product_brand":[],"product_cat":[3225,3320],"product_tag":[],"class_list":{"0":"post-645540","1":"product","2":"type-product","3":"status-publish","4":"has-post-thumbnail","6":"product_cat-all-product","7":"product_cat-kedy","8":"pa_rozmir-910","9":"pa_rozmir-912","10":"pa_rozmir-914","11":"pa_rozmir-915","12":"pa_rozmir-916","13":"pa_rozmir-917","14":"pa_rozmir-918","15":"pa_rozmir-919","16":"pa_rozmir-920","17":"pa_rozmir-921","18":"pa_rozmir-922","20":"first","21":"onbackorder","22":"purchasable","23":"product-type-variable"},"_links":{"self":[{"href":"https:\/\/nextsnkr.com\/de\/wp-json\/wp\/v2\/product\/645540","targetHints":{"allow":["GET"]}}],"collection":[{"href":"https:\/\/nextsnkr.com\/de\/wp-json\/wp\/v2\/product"}],"about":[{"href":"https:\/\/nextsnkr.com\/de\/wp-json\/wp\/v2\/types\/product"}],"replies":[{"embeddable":true,"href":"https:\/\/nextsnkr.com\/de\/wp-json\/wp\/v2\/comments?post=645540"}],"version-history":[{"count":0,"href":"https:\/\/nextsnkr.com\/de\/wp-json\/wp\/v2\/product\/645540\/revisions"}],"wp:featuredmedia":[{"embeddable":true,"href":"https:\/\/nextsnkr.com\/de\/wp-json\/wp\/v2\/media\/645541"}],"wp:attachment":[{"href":"https:\/\/nextsnkr.com\/de\/wp-json\/wp\/v2\/media?parent=645540"}],"wp:term":[{"taxonomy":"product_brand","embeddable":true,"href":"https:\/\/nextsnkr.com\/de\/wp-json\/wp\/v2\/product_brand?post=645540"},{"taxonomy":"product_cat","embeddable":true,"href":"https:\/\/nextsnkr.com\/de\/wp-json\/wp\/v2\/product_cat?post=645540"},{"taxonomy":"product_tag","embeddable":true,"href":"https:\/\/nextsnkr.com\/de\/wp-json\/wp\/v2\/product_tag?post=645540"}],"curies":[{"name":"wp","href":"https:\/\/api.w.org\/{rel}","templated":true}]}}