{"id":644499,"date":"2025-06-14T15:32:01","date_gmt":"2025-06-14T12:32:01","guid":{"rendered":"https:\/\/nextsnkr.com\/product\/hermes-oran-sandals-brown\/"},"modified":"2026-01-29T13:31:02","modified_gmt":"2026-01-29T10:31:02","slug":"hermes-oran-sandals-brown","status":"publish","type":"product","link":"https:\/\/nextsnkr.com\/de\/produkt\/hermes-oran-sandals-brown\/","title":{"rendered":"Hermes Oran Sandals Brown Leder Hausschuhe-elegant und komfortabel"},"content":{"rendered":"<h2>Hermes Oran Sandals Brown Leder Hausschuhe-elegant und komfortabel<\/h2>\n<p>&nbsp;<\/p>\n<p>Die Hermes Oran Sandals Brown Hausschuhe sind aus glattem, hochwertigem Leder gefertigt, das Komfort, Haltbarkeit und einen stilvollen Look bietet. Das offene Modell ist ideal f\u00fcr die Sommersaison und kombiniert Eleganz und Komfort im t\u00e4glichen Tragen. Die universelle braune Farbe l\u00e4sst sich leicht mit jeder Art und Weise kombinieren. Die Produktion in Frankreich \/ China garantiert eine qualitativ hochwertige Ausf\u00fchrung, und Hausschuhe werden zu einem stilvollen Akzent Ihrer Garderobe.<\/p>\n","protected":false},"excerpt":{"rendered":"<p>Die Hermes Oran Sandals Brown Hausschuhe sind aus glattem, hochwertigem Leder gefertigt, das Komfort, Haltbarkeit und einen stilvollen Look bietet. Das offene Modell ist ideal f\u00fcr die Sommersaison und kombiniert Eleganz und Komfort im t\u00e4glichen Tragen. Die universelle braune Farbe l\u00e4sst sich leicht mit jeder Art und Weise kombinieren. Die Produktion in Frankreich \/ China garantiert eine qualitativ hochwertige Ausf\u00fchrung, und Hausschuhe werden zu einem stilvollen Akzent Ihrer Garderobe.<\/p>\n","protected":false},"featured_media":644502,"comment_status":"open","ping_status":"open","template":"","meta":[],"product_brand":[],"product_cat":[3225,3422],"product_tag":[],"class_list":{"0":"post-644499","1":"product","2":"type-product","3":"status-publish","4":"has-post-thumbnail","6":"product_cat-all-product","7":"product_cat-shlopantsi","8":"pa_rozmir-910","9":"pa_rozmir-912","10":"pa_rozmir-914","11":"pa_rozmir-915","12":"pa_rozmir-916","13":"pa_rozmir-917","14":"pa_rozmir-918","15":"pa_rozmir-919","16":"pa_rozmir-920","17":"pa_rozmir-921","18":"pa_rozmir-922","20":"first","21":"instock","22":"purchasable","23":"product-type-variable"},"_links":{"self":[{"href":"https:\/\/nextsnkr.com\/de\/wp-json\/wp\/v2\/product\/644499","targetHints":{"allow":["GET"]}}],"collection":[{"href":"https:\/\/nextsnkr.com\/de\/wp-json\/wp\/v2\/product"}],"about":[{"href":"https:\/\/nextsnkr.com\/de\/wp-json\/wp\/v2\/types\/product"}],"replies":[{"embeddable":true,"href":"https:\/\/nextsnkr.com\/de\/wp-json\/wp\/v2\/comments?post=644499"}],"version-history":[{"count":0,"href":"https:\/\/nextsnkr.com\/de\/wp-json\/wp\/v2\/product\/644499\/revisions"}],"wp:featuredmedia":[{"embeddable":true,"href":"https:\/\/nextsnkr.com\/de\/wp-json\/wp\/v2\/media\/644502"}],"wp:attachment":[{"href":"https:\/\/nextsnkr.com\/de\/wp-json\/wp\/v2\/media?parent=644499"}],"wp:term":[{"taxonomy":"product_brand","embeddable":true,"href":"https:\/\/nextsnkr.com\/de\/wp-json\/wp\/v2\/product_brand?post=644499"},{"taxonomy":"product_cat","embeddable":true,"href":"https:\/\/nextsnkr.com\/de\/wp-json\/wp\/v2\/product_cat?post=644499"},{"taxonomy":"product_tag","embeddable":true,"href":"https:\/\/nextsnkr.com\/de\/wp-json\/wp\/v2\/product_tag?post=644499"}],"curies":[{"name":"wp","href":"https:\/\/api.w.org\/{rel}","templated":true}]}}