{"id":641795,"date":"2025-06-19T21:28:10","date_gmt":"2025-06-19T18:28:10","guid":{"rendered":"https:\/\/nextsnkr.com\/product\/prada-boots-zip-pocket-black-nude\/"},"modified":"2026-01-29T13:29:16","modified_gmt":"2026-01-29T10:29:16","slug":"prada-boots-zip-pocket-black-nude","status":"publish","type":"product","link":"https:\/\/nextsnkr.com\/de\/produkt\/prada-boots-zip-pocket-black-nude\/","title":{"rendered":"Prada Boots Zip Pocket Black \/ Nude Leder stilvolle Stiefel"},"content":{"rendered":"<h2>Prada Boots Zip Pocket Black \/ Nude Leder stilvolle Stiefel<\/h2>\n<p>&nbsp;<\/p>\n<p>Prada Boots Zip Pocket Black \/ Nude sind elegante Premium-Stiefel der italienischen Marke Prada. Hergestellt aus echtem Leder und strapazierf\u00e4higem Nylon, bieten sie Komfort, Haltbarkeit und ein stilvolles Aussehen. Die vielseitige Kombination aus Schwarz- und Nudent\u00f6nen macht sie ideal f\u00fcr den t\u00e4glichen Verschlei\u00df und besondere Anl\u00e4sse. Der funktionale Rei\u00dfverschluss und die Tasche verleihen Funktionalit\u00e4t und die hohe Qualit\u00e4t der Materialien unterstreicht den Status und Geschmack des Tr\u00e4gers.<\/p>\n","protected":false},"excerpt":{"rendered":"<p>Prada Boots Zip Pocket Black \/ Nude sind elegante Premium-Stiefel der italienischen Marke Prada. Hergestellt aus echtem Leder und strapazierf\u00e4higem Nylon, bieten sie Komfort, Haltbarkeit und ein stilvolles Aussehen. Die vielseitige Kombination aus Schwarz- und Nudent\u00f6nen macht sie ideal f\u00fcr den t\u00e4glichen Verschlei\u00df und besondere Anl\u00e4sse. Der funktionale Rei\u00dfverschluss und die Tasche verleihen Funktionalit\u00e4t und die hohe Qualit\u00e4t der Materialien unterstreicht den Status und Geschmack des Tr\u00e4gers.<\/p>\n","protected":false},"featured_media":641797,"comment_status":"open","ping_status":"open","template":"","meta":[],"product_brand":[],"product_cat":[3225,3333],"product_tag":[],"class_list":{"0":"post-641795","1":"product","2":"type-product","3":"status-publish","4":"has-post-thumbnail","6":"product_cat-all-product","7":"product_cat-cherevyky","8":"pa_rozmir-910","9":"pa_rozmir-912","10":"pa_rozmir-914","11":"pa_rozmir-915","12":"pa_rozmir-916","13":"pa_rozmir-917","14":"pa_rozmir-918","15":"pa_rozmir-919","16":"pa_rozmir-920","17":"pa_rozmir-921","18":"pa_rozmir-922","20":"first","21":"onbackorder","22":"purchasable","23":"product-type-variable"},"_links":{"self":[{"href":"https:\/\/nextsnkr.com\/de\/wp-json\/wp\/v2\/product\/641795","targetHints":{"allow":["GET"]}}],"collection":[{"href":"https:\/\/nextsnkr.com\/de\/wp-json\/wp\/v2\/product"}],"about":[{"href":"https:\/\/nextsnkr.com\/de\/wp-json\/wp\/v2\/types\/product"}],"replies":[{"embeddable":true,"href":"https:\/\/nextsnkr.com\/de\/wp-json\/wp\/v2\/comments?post=641795"}],"version-history":[{"count":0,"href":"https:\/\/nextsnkr.com\/de\/wp-json\/wp\/v2\/product\/641795\/revisions"}],"wp:featuredmedia":[{"embeddable":true,"href":"https:\/\/nextsnkr.com\/de\/wp-json\/wp\/v2\/media\/641797"}],"wp:attachment":[{"href":"https:\/\/nextsnkr.com\/de\/wp-json\/wp\/v2\/media?parent=641795"}],"wp:term":[{"taxonomy":"product_brand","embeddable":true,"href":"https:\/\/nextsnkr.com\/de\/wp-json\/wp\/v2\/product_brand?post=641795"},{"taxonomy":"product_cat","embeddable":true,"href":"https:\/\/nextsnkr.com\/de\/wp-json\/wp\/v2\/product_cat?post=641795"},{"taxonomy":"product_tag","embeddable":true,"href":"https:\/\/nextsnkr.com\/de\/wp-json\/wp\/v2\/product_tag?post=641795"}],"curies":[{"name":"wp","href":"https:\/\/api.w.org\/{rel}","templated":true}]}}