{"id":641381,"date":"2025-06-19T21:31:21","date_gmt":"2025-06-19T18:31:21","guid":{"rendered":"https:\/\/nextsnkr.com\/product\/dunk-low-cacao-wow\/"},"modified":"2026-01-29T13:29:07","modified_gmt":"2026-01-29T10:29:07","slug":"dunk-low-cacao-wow","status":"publish","type":"product","link":"https:\/\/nextsnkr.com\/de\/produkt\/dunk-low-cacao-wow\/","title":{"rendered":"Dunk Low Cacao Wow Sneakers aus Leder, stilvoll und komfortabel"},"content":{"rendered":"<h2>Dunk Low Cacao Wow Sneakers aus Leder, stilvoll und komfortabel<\/h2>\n<p>&nbsp;<\/p>\n<p>Die Dunk Low Cacao Wow Sneakers sind aus hochwertigem Leder gefertigt, das Haltbarkeit und Tragekomfort garantiert. Ein eleganter brauner Farbton kombiniert klassisches Design und modernen Stil und unterstreicht die Individualit\u00e4t. Ideal f\u00fcr den t\u00e4glichen Gebrauch und aktiven Lebensstil, bieten St\u00e4rke, Fu\u00dfunterst\u00fctzung und ein stilvolles Aussehen unter allen Bedingungen.<\/p>\n","protected":false},"excerpt":{"rendered":"<p>Die Dunk Low Cacao Wow Sneakers sind aus hochwertigem Leder gefertigt, das Haltbarkeit und Tragekomfort garantiert. Ein eleganter brauner Farbton kombiniert klassisches Design und modernen Stil und unterstreicht die Individualit\u00e4t. Ideal f\u00fcr den t\u00e4glichen Gebrauch und aktiven Lebensstil, bieten St\u00e4rke, Fu\u00dfunterst\u00fctzung und ein stilvolles Aussehen unter allen Bedingungen.<\/p>\n","protected":false},"featured_media":641385,"comment_status":"open","ping_status":"open","template":"","meta":[],"product_brand":[],"product_cat":[3225,3320],"product_tag":[],"class_list":{"0":"post-641381","1":"product","2":"type-product","3":"status-publish","4":"has-post-thumbnail","6":"product_cat-all-product","7":"product_cat-kedy","8":"pa_rozmir-910","9":"pa_rozmir-912","10":"pa_rozmir-914","11":"pa_rozmir-915","12":"pa_rozmir-916","13":"pa_rozmir-917","14":"pa_rozmir-918","15":"pa_rozmir-919","16":"pa_rozmir-920","17":"pa_rozmir-921","18":"pa_rozmir-922","20":"first","21":"instock","22":"purchasable","23":"product-type-variable"},"_links":{"self":[{"href":"https:\/\/nextsnkr.com\/de\/wp-json\/wp\/v2\/product\/641381","targetHints":{"allow":["GET"]}}],"collection":[{"href":"https:\/\/nextsnkr.com\/de\/wp-json\/wp\/v2\/product"}],"about":[{"href":"https:\/\/nextsnkr.com\/de\/wp-json\/wp\/v2\/types\/product"}],"replies":[{"embeddable":true,"href":"https:\/\/nextsnkr.com\/de\/wp-json\/wp\/v2\/comments?post=641381"}],"version-history":[{"count":0,"href":"https:\/\/nextsnkr.com\/de\/wp-json\/wp\/v2\/product\/641381\/revisions"}],"wp:featuredmedia":[{"embeddable":true,"href":"https:\/\/nextsnkr.com\/de\/wp-json\/wp\/v2\/media\/641385"}],"wp:attachment":[{"href":"https:\/\/nextsnkr.com\/de\/wp-json\/wp\/v2\/media?parent=641381"}],"wp:term":[{"taxonomy":"product_brand","embeddable":true,"href":"https:\/\/nextsnkr.com\/de\/wp-json\/wp\/v2\/product_brand?post=641381"},{"taxonomy":"product_cat","embeddable":true,"href":"https:\/\/nextsnkr.com\/de\/wp-json\/wp\/v2\/product_cat?post=641381"},{"taxonomy":"product_tag","embeddable":true,"href":"https:\/\/nextsnkr.com\/de\/wp-json\/wp\/v2\/product_tag?post=641381"}],"curies":[{"name":"wp","href":"https:\/\/api.w.org\/{rel}","templated":true}]}}