{"id":639742,"date":"2025-06-19T22:24:02","date_gmt":"2025-06-19T19:24:02","guid":{"rendered":"https:\/\/nextsnkr.com\/product\/space-total-black-premium\/"},"modified":"2026-01-29T13:27:59","modified_gmt":"2026-01-29T10:27:59","slug":"space-total-black-premium","status":"publish","type":"product","link":"https:\/\/nextsnkr.com\/de\/produkt\/space-total-black-premium\/","title":{"rendered":"Space Total Black Sneakers aus Wildleder und Textilien"},"content":{"rendered":"<h2>Space Total Black Sneakers aus Wildleder und Textilien<\/h2>\n<p>&nbsp;<\/p>\n<p>Die stilvollen Space Total Black Premium Sneakers sind aus hochwertigem Wildleder und Textilien gefertigt, was Komfort und Haltbarkeit garantiert. Ideal f\u00fcr das t\u00e4gliche Tragen und Outdoor-Aktivit\u00e4ten, kombinieren sie modernes Design und Praktikabilit\u00e4t. Marke Space garantiert Zuverl\u00e4ssigkeit und Stil, und die schwarze Farbe f\u00fcgt Vielseitigkeit und Eleganz zu Ihrem Outfit.<\/p>\n","protected":false},"excerpt":{"rendered":"<p>Die stilvollen Space Total Black Premium Sneakers sind aus hochwertigem Wildleder und Textilien gefertigt, was Komfort und Haltbarkeit garantiert. Ideal f\u00fcr das t\u00e4gliche Tragen und Outdoor-Aktivit\u00e4ten, kombinieren sie modernes Design und Praktikabilit\u00e4t. Marke Space garantiert Zuverl\u00e4ssigkeit und Stil, und die schwarze Farbe f\u00fcgt Vielseitigkeit und Eleganz zu Ihrem Outfit.<\/p>\n","protected":false},"featured_media":639743,"comment_status":"open","ping_status":"open","template":"","meta":[],"product_brand":[],"product_cat":[3225,3226],"product_tag":[],"class_list":{"0":"post-639742","1":"product","2":"type-product","3":"status-publish","4":"has-post-thumbnail","6":"product_cat-all-product","7":"product_cat-krosivky","8":"pa_rozmir-910","9":"pa_rozmir-912","10":"pa_rozmir-914","11":"pa_rozmir-915","12":"pa_rozmir-916","13":"pa_rozmir-917","14":"pa_rozmir-918","15":"pa_rozmir-919","16":"pa_rozmir-920","17":"pa_rozmir-921","18":"pa_rozmir-922","20":"first","21":"onbackorder","22":"purchasable","23":"product-type-variable"},"_links":{"self":[{"href":"https:\/\/nextsnkr.com\/de\/wp-json\/wp\/v2\/product\/639742","targetHints":{"allow":["GET"]}}],"collection":[{"href":"https:\/\/nextsnkr.com\/de\/wp-json\/wp\/v2\/product"}],"about":[{"href":"https:\/\/nextsnkr.com\/de\/wp-json\/wp\/v2\/types\/product"}],"replies":[{"embeddable":true,"href":"https:\/\/nextsnkr.com\/de\/wp-json\/wp\/v2\/comments?post=639742"}],"version-history":[{"count":0,"href":"https:\/\/nextsnkr.com\/de\/wp-json\/wp\/v2\/product\/639742\/revisions"}],"wp:featuredmedia":[{"embeddable":true,"href":"https:\/\/nextsnkr.com\/de\/wp-json\/wp\/v2\/media\/639743"}],"wp:attachment":[{"href":"https:\/\/nextsnkr.com\/de\/wp-json\/wp\/v2\/media?parent=639742"}],"wp:term":[{"taxonomy":"product_brand","embeddable":true,"href":"https:\/\/nextsnkr.com\/de\/wp-json\/wp\/v2\/product_brand?post=639742"},{"taxonomy":"product_cat","embeddable":true,"href":"https:\/\/nextsnkr.com\/de\/wp-json\/wp\/v2\/product_cat?post=639742"},{"taxonomy":"product_tag","embeddable":true,"href":"https:\/\/nextsnkr.com\/de\/wp-json\/wp\/v2\/product_tag?post=639742"}],"curies":[{"name":"wp","href":"https:\/\/api.w.org\/{rel}","templated":true}]}}