{"id":639232,"date":"2025-06-19T22:27:11","date_gmt":"2025-06-19T19:27:11","guid":{"rendered":"https:\/\/nextsnkr.com\/product\/lv-time-out-white-premium\/"},"modified":"2026-01-29T13:27:30","modified_gmt":"2026-01-29T10:27:30","slug":"lv-time-out-white-premium","status":"publish","type":"product","link":"https:\/\/nextsnkr.com\/de\/produkt\/lv-time-out-white-premium\/","title":{"rendered":"LV Time Out White Premium Sneakers aus stilvollem Leder"},"content":{"rendered":"<h2>LV Time Out White Premium Sneakers aus stilvollem Leder<\/h2>\n<p>&nbsp;<\/p>\n<p>Die LV Time Out White Premium Sneakers sind aus hochwertigem Leder gefertigt und bieten Komfort und Haltbarkeit. Das Modell ist perfekt f\u00fcr das t\u00e4gliche Tragen und kombiniert ein stilvolles Design und eine bequeme Passform. Raffinierte LV-Sneakers sind eine zuverl\u00e4ssige Wahl f\u00fcr modische Looks und einen aktiven Lebensstil und unterstreichen Ihren Geschmack und Status.<\/p>\n","protected":false},"excerpt":{"rendered":"<p>Die LV Time Out White Premium Sneakers sind aus hochwertigem Leder gefertigt und bieten Komfort und Haltbarkeit. Das Modell ist perfekt f\u00fcr das t\u00e4gliche Tragen und kombiniert ein stilvolles Design und eine bequeme Passform. Raffinierte LV-Sneakers sind eine zuverl\u00e4ssige Wahl f\u00fcr modische Looks und einen aktiven Lebensstil und unterstreichen Ihren Geschmack und Status.<\/p>\n","protected":false},"featured_media":639233,"comment_status":"open","ping_status":"open","template":"","meta":[],"product_brand":[],"product_cat":[3225,3320],"product_tag":[],"class_list":{"0":"post-639232","1":"product","2":"type-product","3":"status-publish","4":"has-post-thumbnail","6":"product_cat-all-product","7":"product_cat-kedy","8":"pa_rozmir-910","9":"pa_rozmir-912","10":"pa_rozmir-914","11":"pa_rozmir-915","12":"pa_rozmir-916","13":"pa_rozmir-917","14":"pa_rozmir-918","15":"pa_rozmir-919","16":"pa_rozmir-920","17":"pa_rozmir-921","18":"pa_rozmir-922","20":"first","21":"instock","22":"purchasable","23":"product-type-variable"},"_links":{"self":[{"href":"https:\/\/nextsnkr.com\/de\/wp-json\/wp\/v2\/product\/639232","targetHints":{"allow":["GET"]}}],"collection":[{"href":"https:\/\/nextsnkr.com\/de\/wp-json\/wp\/v2\/product"}],"about":[{"href":"https:\/\/nextsnkr.com\/de\/wp-json\/wp\/v2\/types\/product"}],"replies":[{"embeddable":true,"href":"https:\/\/nextsnkr.com\/de\/wp-json\/wp\/v2\/comments?post=639232"}],"version-history":[{"count":0,"href":"https:\/\/nextsnkr.com\/de\/wp-json\/wp\/v2\/product\/639232\/revisions"}],"wp:featuredmedia":[{"embeddable":true,"href":"https:\/\/nextsnkr.com\/de\/wp-json\/wp\/v2\/media\/639233"}],"wp:attachment":[{"href":"https:\/\/nextsnkr.com\/de\/wp-json\/wp\/v2\/media?parent=639232"}],"wp:term":[{"taxonomy":"product_brand","embeddable":true,"href":"https:\/\/nextsnkr.com\/de\/wp-json\/wp\/v2\/product_brand?post=639232"},{"taxonomy":"product_cat","embeddable":true,"href":"https:\/\/nextsnkr.com\/de\/wp-json\/wp\/v2\/product_cat?post=639232"},{"taxonomy":"product_tag","embeddable":true,"href":"https:\/\/nextsnkr.com\/de\/wp-json\/wp\/v2\/product_tag?post=639232"}],"curies":[{"name":"wp","href":"https:\/\/api.w.org\/{rel}","templated":true}]}}