{"id":638044,"date":"2025-06-14T16:57:59","date_gmt":"2025-06-14T13:57:59","guid":{"rendered":"https:\/\/nextsnkr.com\/product\/yeezy-boost-350-antlia-reflective-laces\/"},"modified":"2026-01-29T13:26:31","modified_gmt":"2026-01-29T10:26:31","slug":"yeezy-boost-350-antlia-reflective-laces","status":"publish","type":"product","link":"https:\/\/nextsnkr.com\/de\/produkt\/yeezy-boost-350-antlia-reflective-laces\/","title":{"rendered":"YEEZY BOOST 350 Antlia Reflective Laces Sneakers-Stylische Textilien"},"content":{"rendered":"<h2>YEEZY BOOST 350 Antlia Reflective Laces Sneakers-Stylische Textilien<\/h2>\n<p>&nbsp;<\/p>\n<p>Die YEEZY BOOST 350 Antlia Reflective Laces Sneakers sind eine Kombination aus modernem Design, Komfort und Sicherheit. Hergestellt aus hochwertigen Textilien mit reflektierenden Elementen, sorgen sie bei Dunkelheit f\u00fcr Leichtigkeit, Bel\u00fcftung und Sichtbarkeit. Die sto\u00dfd\u00e4mpfende BOOST-Sohle garantiert Komfort bei langen Spazierg\u00e4ngen und aktiver Erholung. Der stilvolle Farbton von Antlia macht das Modell vielseitig und l\u00e4sst sich leicht mit jeder Art und Weise kombinieren. W\u00e4hlen Sie den YEEZY BOOST 350-Komfort und hellen Stil bei jedem Schritt.<\/p>\n","protected":false},"excerpt":{"rendered":"<p>Die YEEZY BOOST 350 Antlia Reflective Laces Sneakers sind eine Kombination aus modernem Design, Komfort und Sicherheit. Hergestellt aus hochwertigen Textilien mit reflektierenden Elementen, sorgen sie bei Dunkelheit f\u00fcr Leichtigkeit, Bel\u00fcftung und Sichtbarkeit. Die sto\u00dfd\u00e4mpfende BOOST-Sohle garantiert Komfort bei langen Spazierg\u00e4ngen und aktiver Erholung. Der stilvolle Farbton von Antlia macht das Modell vielseitig und l\u00e4sst sich leicht mit jeder Art und Weise kombinieren. W\u00e4hlen Sie den YEEZY BOOST 350-Komfort und hellen Stil bei jedem Schritt.<\/p>\n","protected":false},"featured_media":638045,"comment_status":"open","ping_status":"open","template":"","meta":[],"product_brand":[],"product_cat":[3398,3225,3226],"product_tag":[],"class_list":{"0":"post-638044","1":"product","2":"type-product","3":"status-publish","4":"has-post-thumbnail","6":"product_cat-adidas-yeezy","7":"product_cat-all-product","8":"product_cat-krosivky","9":"pa_rozmir-910","10":"pa_rozmir-912","11":"pa_rozmir-914","12":"pa_rozmir-915","13":"pa_rozmir-916","14":"pa_rozmir-917","15":"pa_rozmir-918","16":"pa_rozmir-919","17":"pa_rozmir-920","18":"pa_rozmir-921","19":"pa_rozmir-922","21":"first","22":"instock","23":"purchasable","24":"product-type-variable"},"_links":{"self":[{"href":"https:\/\/nextsnkr.com\/de\/wp-json\/wp\/v2\/product\/638044","targetHints":{"allow":["GET"]}}],"collection":[{"href":"https:\/\/nextsnkr.com\/de\/wp-json\/wp\/v2\/product"}],"about":[{"href":"https:\/\/nextsnkr.com\/de\/wp-json\/wp\/v2\/types\/product"}],"replies":[{"embeddable":true,"href":"https:\/\/nextsnkr.com\/de\/wp-json\/wp\/v2\/comments?post=638044"}],"version-history":[{"count":0,"href":"https:\/\/nextsnkr.com\/de\/wp-json\/wp\/v2\/product\/638044\/revisions"}],"wp:featuredmedia":[{"embeddable":true,"href":"https:\/\/nextsnkr.com\/de\/wp-json\/wp\/v2\/media\/638045"}],"wp:attachment":[{"href":"https:\/\/nextsnkr.com\/de\/wp-json\/wp\/v2\/media?parent=638044"}],"wp:term":[{"taxonomy":"product_brand","embeddable":true,"href":"https:\/\/nextsnkr.com\/de\/wp-json\/wp\/v2\/product_brand?post=638044"},{"taxonomy":"product_cat","embeddable":true,"href":"https:\/\/nextsnkr.com\/de\/wp-json\/wp\/v2\/product_cat?post=638044"},{"taxonomy":"product_tag","embeddable":true,"href":"https:\/\/nextsnkr.com\/de\/wp-json\/wp\/v2\/product_tag?post=638044"}],"curies":[{"name":"wp","href":"https:\/\/api.w.org\/{rel}","templated":true}]}}