{"id":637874,"date":"2025-06-14T16:58:31","date_gmt":"2025-06-14T13:58:31","guid":{"rendered":"https:\/\/nextsnkr.com\/product\/yeezy-boost-350-v2-natural-reflective-premium\/"},"modified":"2026-01-29T13:26:27","modified_gmt":"2026-01-29T10:26:27","slug":"yeezy-boost-350-v2-natural-reflective-premium","status":"publish","type":"product","link":"https:\/\/nextsnkr.com\/de\/produkt\/yeezy-boost-350-v2-natural-reflective-premium\/","title":{"rendered":"YEEZY BOOST 350 V2 Natural Reflective Sneakers-Premium Textile Sneakers"},"content":{"rendered":"<h2>YEEZY BOOST 350 V2 Natural Reflective Sneakers-Premium Textile Sneakers<\/h2>\n<p>&nbsp;<\/p>\n<p>Der YEEZY BOOST 350 V2 Natural Reflective Sneaker ist ein stilvolles Premium-Modell aus Textilien mit reflektierenden Elementen f\u00fcr einen hellen Akzent. Das leichte und atmungsaktive Design bietet Komfort beim t\u00e4glichen Tragen, und das erkennbare YEEZY-Design unterstreicht die Individualit\u00e4t. Perfekt f\u00fcr den urbanen Stil und das aktive Leben, kombiniert moderne Mode, Praktikabilit\u00e4t und Haltbarkeit der Materialien.<\/p>\n","protected":false},"excerpt":{"rendered":"<p>Der YEEZY BOOST 350 V2 Natural Reflective Sneaker ist ein stilvolles Premium-Modell aus Textilien mit reflektierenden Elementen f\u00fcr einen hellen Akzent. Das leichte und atmungsaktive Design bietet Komfort beim t\u00e4glichen Tragen, und das erkennbare YEEZY-Design unterstreicht die Individualit\u00e4t. Perfekt f\u00fcr den urbanen Stil und das aktive Leben, kombiniert moderne Mode, Praktikabilit\u00e4t und Haltbarkeit der Materialien.<\/p>\n","protected":false},"featured_media":637875,"comment_status":"open","ping_status":"open","template":"","meta":[],"product_brand":[],"product_cat":[3398,3225,3226],"product_tag":[],"class_list":{"0":"post-637874","1":"product","2":"type-product","3":"status-publish","4":"has-post-thumbnail","6":"product_cat-adidas-yeezy","7":"product_cat-all-product","8":"product_cat-krosivky","9":"pa_rozmir-910","10":"pa_rozmir-912","11":"pa_rozmir-914","12":"pa_rozmir-915","13":"pa_rozmir-916","14":"pa_rozmir-917","15":"pa_rozmir-918","16":"pa_rozmir-919","17":"pa_rozmir-920","18":"pa_rozmir-921","19":"pa_rozmir-922","21":"first","22":"instock","23":"purchasable","24":"product-type-variable"},"_links":{"self":[{"href":"https:\/\/nextsnkr.com\/de\/wp-json\/wp\/v2\/product\/637874","targetHints":{"allow":["GET"]}}],"collection":[{"href":"https:\/\/nextsnkr.com\/de\/wp-json\/wp\/v2\/product"}],"about":[{"href":"https:\/\/nextsnkr.com\/de\/wp-json\/wp\/v2\/types\/product"}],"replies":[{"embeddable":true,"href":"https:\/\/nextsnkr.com\/de\/wp-json\/wp\/v2\/comments?post=637874"}],"version-history":[{"count":0,"href":"https:\/\/nextsnkr.com\/de\/wp-json\/wp\/v2\/product\/637874\/revisions"}],"wp:featuredmedia":[{"embeddable":true,"href":"https:\/\/nextsnkr.com\/de\/wp-json\/wp\/v2\/media\/637875"}],"wp:attachment":[{"href":"https:\/\/nextsnkr.com\/de\/wp-json\/wp\/v2\/media?parent=637874"}],"wp:term":[{"taxonomy":"product_brand","embeddable":true,"href":"https:\/\/nextsnkr.com\/de\/wp-json\/wp\/v2\/product_brand?post=637874"},{"taxonomy":"product_cat","embeddable":true,"href":"https:\/\/nextsnkr.com\/de\/wp-json\/wp\/v2\/product_cat?post=637874"},{"taxonomy":"product_tag","embeddable":true,"href":"https:\/\/nextsnkr.com\/de\/wp-json\/wp\/v2\/product_tag?post=637874"}],"curies":[{"name":"wp","href":"https:\/\/api.w.org\/{rel}","templated":true}]}}