{"id":637376,"date":"2025-06-14T19:53:41","date_gmt":"2025-06-14T16:53:41","guid":{"rendered":"https:\/\/nextsnkr.com\/product\/air-jordan-1-pink\/"},"modified":"2026-01-29T13:26:14","modified_gmt":"2026-01-29T10:26:14","slug":"air-jordan-1-pink","status":"publish","type":"product","link":"https:\/\/nextsnkr.com\/de\/produkt\/air-jordan-1-pink\/","title":{"rendered":"Die Air Jordan 1 Pink Sneakers sind ein stilvolles rosa hoch"},"content":{"rendered":"<h2>Die Air Jordan 1 Pink Sneakers sind ein stilvolles rosa hoch<\/h2>\n<p>&nbsp;<\/p>\n<p>Die Air Jordan 1 Pink Sneakers sind ein helles und komfortables High-Cut-Modell, das f\u00fcr den t\u00e4glichen Verschlei\u00df und einen aktiven Lebensstil entwickelt wurde. Leichte und robuste Materialien sorgen f\u00fcr eine bequeme Passform und Haltbarkeit, und die rosa Farbe verleiht dem Bild Frische und Pers\u00f6nlichkeit. Die vietnamesische Produktion garantiert eine hohe Verarbeitungsqualit\u00e4t. W\u00e4hlen Sie Air Jordan 1 Pink f\u00fcr einen stilvollen und eing\u00e4ngigen Akzent in Ihrem Kleiderschrank.<\/p>\n","protected":false},"excerpt":{"rendered":"<p>Die Air Jordan 1 Pink Sneakers sind ein helles und komfortables High-Cut-Modell, das f\u00fcr den t\u00e4glichen Verschlei\u00df und einen aktiven Lebensstil entwickelt wurde. Leichte und robuste Materialien sorgen f\u00fcr eine bequeme Passform und Haltbarkeit, und die rosa Farbe verleiht dem Bild Frische und Pers\u00f6nlichkeit. Die vietnamesische Produktion garantiert eine hohe Verarbeitungsqualit\u00e4t. W\u00e4hlen Sie Air Jordan 1 Pink f\u00fcr einen stilvollen und eing\u00e4ngigen Akzent in Ihrem Kleiderschrank.<\/p>\n","protected":false},"featured_media":637379,"comment_status":"open","ping_status":"open","template":"","meta":[],"product_brand":[],"product_cat":[3385,3225,3320],"product_tag":[],"class_list":{"0":"post-637376","1":"product","2":"type-product","3":"status-publish","4":"has-post-thumbnail","6":"product_cat-nike-jordan","7":"product_cat-all-product","8":"product_cat-kedy","9":"pa_rozmir-910","10":"pa_rozmir-912","11":"pa_rozmir-914","12":"pa_rozmir-915","13":"pa_rozmir-916","14":"pa_rozmir-917","15":"pa_rozmir-918","16":"pa_rozmir-919","17":"pa_rozmir-920","18":"pa_rozmir-921","19":"pa_rozmir-922","21":"first","22":"instock","23":"purchasable","24":"product-type-variable"},"_links":{"self":[{"href":"https:\/\/nextsnkr.com\/de\/wp-json\/wp\/v2\/product\/637376","targetHints":{"allow":["GET"]}}],"collection":[{"href":"https:\/\/nextsnkr.com\/de\/wp-json\/wp\/v2\/product"}],"about":[{"href":"https:\/\/nextsnkr.com\/de\/wp-json\/wp\/v2\/types\/product"}],"replies":[{"embeddable":true,"href":"https:\/\/nextsnkr.com\/de\/wp-json\/wp\/v2\/comments?post=637376"}],"version-history":[{"count":0,"href":"https:\/\/nextsnkr.com\/de\/wp-json\/wp\/v2\/product\/637376\/revisions"}],"wp:featuredmedia":[{"embeddable":true,"href":"https:\/\/nextsnkr.com\/de\/wp-json\/wp\/v2\/media\/637379"}],"wp:attachment":[{"href":"https:\/\/nextsnkr.com\/de\/wp-json\/wp\/v2\/media?parent=637376"}],"wp:term":[{"taxonomy":"product_brand","embeddable":true,"href":"https:\/\/nextsnkr.com\/de\/wp-json\/wp\/v2\/product_brand?post=637376"},{"taxonomy":"product_cat","embeddable":true,"href":"https:\/\/nextsnkr.com\/de\/wp-json\/wp\/v2\/product_cat?post=637376"},{"taxonomy":"product_tag","embeddable":true,"href":"https:\/\/nextsnkr.com\/de\/wp-json\/wp\/v2\/product_tag?post=637376"}],"curies":[{"name":"wp","href":"https:\/\/api.w.org\/{rel}","templated":true}]}}