{"id":636346,"date":"2025-06-23T08:14:14","date_gmt":"2025-06-23T05:14:14","guid":{"rendered":"https:\/\/nextsnkr.com\/product\/cali\/"},"modified":"2026-01-29T13:25:26","modified_gmt":"2026-01-29T10:25:26","slug":"cali","status":"publish","type":"product","link":"https:\/\/nextsnkr.com\/de\/produkt\/cali\/","title":{"rendered":"Cali Sneakers sind stilvolle lederne Turnschuhe f\u00fcr das t\u00e4gliche Tragen"},"content":{"rendered":"<h2>Cali Sneakers sind stilvolle lederne Turnschuhe f\u00fcr das t\u00e4gliche Tragen<\/h2>\n<p>&nbsp;<\/p>\n<p>Die stilvollen Cali Sneakers sind aus echtem Leder gefertigt, was Komfort, Haltbarkeit und lange Tragekomfort bietet. Das klassische Design l\u00e4sst sich leicht mit jedem Alltag kombinieren, und die durchdachte Sohle garantiert Sto\u00dfd\u00e4mpfung und Komfort w\u00e4hrend eines aktiven Tages. Die leichte und robuste Konstruktion macht die Sneakers zu einer idealen Wahl f\u00fcr Spazierg\u00e4nge in der Stadt, Arbeit und Sport. Ideal f\u00fcr diejenigen, die Qualit\u00e4t, Komfort und modernes Design sch\u00e4tzen.<\/p>\n","protected":false},"excerpt":{"rendered":"<p>Die stilvollen Cali Sneakers sind aus echtem Leder gefertigt, was Komfort, Haltbarkeit und lange Tragekomfort bietet. Das klassische Design l\u00e4sst sich leicht mit jedem Alltag kombinieren, und die durchdachte Sohle garantiert Sto\u00dfd\u00e4mpfung und Komfort w\u00e4hrend eines aktiven Tages. Die leichte und robuste Konstruktion macht die Sneakers zu einer idealen Wahl f\u00fcr Spazierg\u00e4nge in der Stadt, Arbeit und Sport. Ideal f\u00fcr diejenigen, die Qualit\u00e4t, Komfort und modernes Design sch\u00e4tzen.<\/p>\n","protected":false},"featured_media":636347,"comment_status":"open","ping_status":"open","template":"","meta":[],"product_brand":[],"product_cat":[3225,3320],"product_tag":[],"class_list":{"0":"post-636346","1":"product","2":"type-product","3":"status-publish","4":"has-post-thumbnail","6":"product_cat-all-product","7":"product_cat-kedy","8":"pa_rozmir-910","9":"pa_rozmir-912","10":"pa_rozmir-914","11":"pa_rozmir-915","12":"pa_rozmir-916","13":"pa_rozmir-917","14":"pa_rozmir-918","15":"pa_rozmir-919","16":"pa_rozmir-920","17":"pa_rozmir-921","18":"pa_rozmir-922","20":"first","21":"instock","22":"purchasable","23":"product-type-variable"},"_links":{"self":[{"href":"https:\/\/nextsnkr.com\/de\/wp-json\/wp\/v2\/product\/636346","targetHints":{"allow":["GET"]}}],"collection":[{"href":"https:\/\/nextsnkr.com\/de\/wp-json\/wp\/v2\/product"}],"about":[{"href":"https:\/\/nextsnkr.com\/de\/wp-json\/wp\/v2\/types\/product"}],"replies":[{"embeddable":true,"href":"https:\/\/nextsnkr.com\/de\/wp-json\/wp\/v2\/comments?post=636346"}],"version-history":[{"count":0,"href":"https:\/\/nextsnkr.com\/de\/wp-json\/wp\/v2\/product\/636346\/revisions"}],"wp:featuredmedia":[{"embeddable":true,"href":"https:\/\/nextsnkr.com\/de\/wp-json\/wp\/v2\/media\/636347"}],"wp:attachment":[{"href":"https:\/\/nextsnkr.com\/de\/wp-json\/wp\/v2\/media?parent=636346"}],"wp:term":[{"taxonomy":"product_brand","embeddable":true,"href":"https:\/\/nextsnkr.com\/de\/wp-json\/wp\/v2\/product_brand?post=636346"},{"taxonomy":"product_cat","embeddable":true,"href":"https:\/\/nextsnkr.com\/de\/wp-json\/wp\/v2\/product_cat?post=636346"},{"taxonomy":"product_tag","embeddable":true,"href":"https:\/\/nextsnkr.com\/de\/wp-json\/wp\/v2\/product_tag?post=636346"}],"curies":[{"name":"wp","href":"https:\/\/api.w.org\/{rel}","templated":true}]}}