{"id":635481,"date":"2025-06-14T19:58:36","date_gmt":"2025-06-14T16:58:36","guid":{"rendered":"https:\/\/nextsnkr.com\/product\/off-white-x-nike-air-jordan-4-sp-sail\/"},"modified":"2026-01-29T13:24:53","modified_gmt":"2026-01-29T10:24:53","slug":"off-white-x-nike-air-jordan-4-sp-sail","status":"publish","type":"product","link":"https:\/\/nextsnkr.com\/de\/produkt\/off-white-x-nike-air-jordan-4-sp-sail\/","title":{"rendered":"Sneakers Off-White x Nike Air Jordan 4 SP Sail &#8211; stilvolles Leder"},"content":{"rendered":"<h2>Sneakers Off-White x Nike Air Jordan 4 SP Sail &#8211; stilvolles Leder<\/h2>\n<p>&nbsp;<\/p>\n<p>Der Off-White x Nike Air Jordan 4 SP Sail ist ein exklusiver Sneaker in Zusammenarbeit von Off-White und Nike aus hochwertigem echtem Leder f\u00fcr Komfort und Haltbarkeit. Der helle Farbton der Sail verleiht dem Modell Modernit\u00e4t und Vielseitigkeit, eignet sich f\u00fcr den Alltag und schafft stilvolle Bilder. Die in Vietnam hergestellten Sneakers zeichnen sich durch das legend\u00e4re Air Jordan 4-Design, eine robuste Sohle und eine bequeme Passform am Fu\u00df aus. Die ideale Wahl f\u00fcr Kenner von Premium-Stil und Komfort.<\/p>\n","protected":false},"excerpt":{"rendered":"<p>Der Off-White x Nike Air Jordan 4 SP Sail ist ein exklusiver Sneaker in Zusammenarbeit von Off-White und Nike aus hochwertigem echtem Leder f\u00fcr Komfort und Haltbarkeit. Der helle Farbton der Sail verleiht dem Modell Modernit\u00e4t und Vielseitigkeit, eignet sich f\u00fcr den Alltag und schafft stilvolle Bilder. Die in Vietnam hergestellten Sneakers zeichnen sich durch das legend\u00e4re Air Jordan 4-Design, eine robuste Sohle und eine bequeme Passform am Fu\u00df aus. Die ideale Wahl f\u00fcr Kenner von Premium-Stil und Komfort.<\/p>\n","protected":false},"featured_media":635482,"comment_status":"open","ping_status":"open","template":"","meta":[],"product_brand":[],"product_cat":[3385,3225,3226],"product_tag":[],"class_list":{"0":"post-635481","1":"product","2":"type-product","3":"status-publish","4":"has-post-thumbnail","6":"product_cat-nike-jordan","7":"product_cat-all-product","8":"product_cat-krosivky","9":"pa_rozmir-910","10":"pa_rozmir-912","11":"pa_rozmir-914","12":"pa_rozmir-915","13":"pa_rozmir-916","14":"pa_rozmir-917","15":"pa_rozmir-918","16":"pa_rozmir-919","17":"pa_rozmir-920","18":"pa_rozmir-921","19":"pa_rozmir-922","21":"first","22":"instock","23":"purchasable","24":"product-type-variable"},"_links":{"self":[{"href":"https:\/\/nextsnkr.com\/de\/wp-json\/wp\/v2\/product\/635481","targetHints":{"allow":["GET"]}}],"collection":[{"href":"https:\/\/nextsnkr.com\/de\/wp-json\/wp\/v2\/product"}],"about":[{"href":"https:\/\/nextsnkr.com\/de\/wp-json\/wp\/v2\/types\/product"}],"replies":[{"embeddable":true,"href":"https:\/\/nextsnkr.com\/de\/wp-json\/wp\/v2\/comments?post=635481"}],"version-history":[{"count":0,"href":"https:\/\/nextsnkr.com\/de\/wp-json\/wp\/v2\/product\/635481\/revisions"}],"wp:featuredmedia":[{"embeddable":true,"href":"https:\/\/nextsnkr.com\/de\/wp-json\/wp\/v2\/media\/635482"}],"wp:attachment":[{"href":"https:\/\/nextsnkr.com\/de\/wp-json\/wp\/v2\/media?parent=635481"}],"wp:term":[{"taxonomy":"product_brand","embeddable":true,"href":"https:\/\/nextsnkr.com\/de\/wp-json\/wp\/v2\/product_brand?post=635481"},{"taxonomy":"product_cat","embeddable":true,"href":"https:\/\/nextsnkr.com\/de\/wp-json\/wp\/v2\/product_cat?post=635481"},{"taxonomy":"product_tag","embeddable":true,"href":"https:\/\/nextsnkr.com\/de\/wp-json\/wp\/v2\/product_tag?post=635481"}],"curies":[{"name":"wp","href":"https:\/\/api.w.org\/{rel}","templated":true}]}}