{"id":633688,"date":"2025-06-14T20:02:34","date_gmt":"2025-06-14T17:02:34","guid":{"rendered":"https:\/\/nextsnkr.com\/product\/off-white-black-fur-no-logo\/"},"modified":"2026-01-29T13:23:43","modified_gmt":"2026-01-29T10:23:43","slug":"off-white-black-fur-no-logo","status":"publish","type":"product","link":"https:\/\/nextsnkr.com\/de\/produkt\/off-white-black-fur-no-logo\/","title":{"rendered":"Stiefel Off White Black Fur &#8211; Damen Winterstiefel aus Leder mit Pelz"},"content":{"rendered":"<h2>Stiefel Off White Black Fur &#8211; Damen Winterstiefel aus Leder mit Pelz<\/h2>\n<p>&nbsp;<\/p>\n<p>Stiefel Off White Black Fur \u2014 No Logo) sind stilvolle Winterstiefel f\u00fcr Damen aus echtem Leder und Kunstpelz, die f\u00fcr W\u00e4rme und Komfort in der kalten Jahreszeit geschaffen wurden. Das Modell kombiniert ein modernes Design, ein bequemes Pad und ein robustes Material, das Haltbarkeit und Tragekomfort gew\u00e4hrleistet. Die schwarze Farbe verleiht jedem Look Eleganz und der vielseitige Stil eignet sich f\u00fcr t\u00e4gliche Spazierg\u00e4nge und Outdoor-Aktivit\u00e4ten. Die Produktion in China garantiert die Qualit\u00e4t der Ausf\u00fchrung.<\/p>\n","protected":false},"excerpt":{"rendered":"<p>Stiefel Off White Black Fur \u2014 No Logo) sind stilvolle Winterstiefel f\u00fcr Damen aus echtem Leder und Kunstpelz, die f\u00fcr W\u00e4rme und Komfort in der kalten Jahreszeit geschaffen wurden. Das Modell kombiniert ein modernes Design, ein bequemes Pad und ein robustes Material, das Haltbarkeit und Tragekomfort gew\u00e4hrleistet. Die schwarze Farbe verleiht jedem Look Eleganz und der vielseitige Stil eignet sich f\u00fcr t\u00e4gliche Spazierg\u00e4nge und Outdoor-Aktivit\u00e4ten. Die Produktion in China garantiert die Qualit\u00e4t der Ausf\u00fchrung.<\/p>\n","protected":false},"featured_media":633692,"comment_status":"open","ping_status":"open","template":"","meta":[],"product_brand":[],"product_cat":[3225,3333],"product_tag":[],"class_list":{"0":"post-633688","1":"product","2":"type-product","3":"status-publish","4":"has-post-thumbnail","6":"product_cat-all-product","7":"product_cat-cherevyky","8":"pa_rozmir-910","9":"pa_rozmir-912","10":"pa_rozmir-914","11":"pa_rozmir-915","12":"pa_rozmir-916","13":"pa_rozmir-917","14":"pa_rozmir-918","15":"pa_rozmir-919","16":"pa_rozmir-920","17":"pa_rozmir-921","18":"pa_rozmir-922","20":"first","21":"onbackorder","22":"purchasable","23":"product-type-variable"},"_links":{"self":[{"href":"https:\/\/nextsnkr.com\/de\/wp-json\/wp\/v2\/product\/633688","targetHints":{"allow":["GET"]}}],"collection":[{"href":"https:\/\/nextsnkr.com\/de\/wp-json\/wp\/v2\/product"}],"about":[{"href":"https:\/\/nextsnkr.com\/de\/wp-json\/wp\/v2\/types\/product"}],"replies":[{"embeddable":true,"href":"https:\/\/nextsnkr.com\/de\/wp-json\/wp\/v2\/comments?post=633688"}],"version-history":[{"count":0,"href":"https:\/\/nextsnkr.com\/de\/wp-json\/wp\/v2\/product\/633688\/revisions"}],"wp:featuredmedia":[{"embeddable":true,"href":"https:\/\/nextsnkr.com\/de\/wp-json\/wp\/v2\/media\/633692"}],"wp:attachment":[{"href":"https:\/\/nextsnkr.com\/de\/wp-json\/wp\/v2\/media?parent=633688"}],"wp:term":[{"taxonomy":"product_brand","embeddable":true,"href":"https:\/\/nextsnkr.com\/de\/wp-json\/wp\/v2\/product_brand?post=633688"},{"taxonomy":"product_cat","embeddable":true,"href":"https:\/\/nextsnkr.com\/de\/wp-json\/wp\/v2\/product_cat?post=633688"},{"taxonomy":"product_tag","embeddable":true,"href":"https:\/\/nextsnkr.com\/de\/wp-json\/wp\/v2\/product_tag?post=633688"}],"curies":[{"name":"wp","href":"https:\/\/api.w.org\/{rel}","templated":true}]}}