{"id":633340,"date":"2025-06-14T20:03:22","date_gmt":"2025-06-14T17:03:22","guid":{"rendered":"https:\/\/nextsnkr.com\/product\/dr-martens-jadon-black-sex-pistols\/"},"modified":"2026-01-29T13:23:34","modified_gmt":"2026-01-29T10:23:34","slug":"dr-martens-jadon-black-sex-pistols","status":"publish","type":"product","link":"https:\/\/nextsnkr.com\/de\/produkt\/dr-martens-jadon-black-sex-pistols\/","title":{"rendered":"Dr. Stiefel. MARTENS Jadon Black Sex Pistols echtes Leder"},"content":{"rendered":"<h2>Dr. Stiefel. MARTENS Jadon Black Sex Pistols echtes Leder<\/h2>\n<p>&nbsp;<\/p>\n<p>Dr. Stiefel. Die MARTENS Jadon Black Sex Pistols sind aus hochwertigem echtem Leder gefertigt und sorgen f\u00fcr Langlebigkeit, Komfort und ein stilvolles Aussehen. Die robuste Laufsohle mit dem propriet\u00e4ren Schutz sorgt f\u00fcr sicheren Halt und Stabilit\u00e4t auf jeder Oberfl\u00e4che. Das exklusive Design in Zusammenarbeit mit den Sex Pistols macht das Modell ausdrucksstark und einzigartig. Hergestellt in England, kombinieren diese Schuhe die Marke Dr.. MARTENS, hochwertige Materialien und ein moderner rebellischer Stil.<\/p>\n","protected":false},"excerpt":{"rendered":"<p>Dr. Stiefel. Die MARTENS Jadon Black Sex Pistols sind aus hochwertigem echtem Leder gefertigt und sorgen f\u00fcr Langlebigkeit, Komfort und ein stilvolles Aussehen. Die robuste Laufsohle mit dem propriet\u00e4ren Schutz sorgt f\u00fcr sicheren Halt und Stabilit\u00e4t auf jeder Oberfl\u00e4che. Das exklusive Design in Zusammenarbeit mit den Sex Pistols macht das Modell ausdrucksstark und einzigartig. Hergestellt in England, kombinieren diese Schuhe die Marke Dr.. MARTENS, hochwertige Materialien und ein moderner rebellischer Stil.<\/p>\n","protected":false},"featured_media":633344,"comment_status":"open","ping_status":"open","template":"","meta":[],"product_brand":[2398],"product_cat":[3618,3225,3333],"product_tag":[],"class_list":{"0":"post-633340","1":"product","2":"type-product","3":"status-publish","4":"has-post-thumbnail","6":"product_brand-dr-martens","7":"product_cat-dr-martens","8":"product_cat-all-product","9":"product_cat-cherevyky","10":"pa_rozmir-910","11":"pa_rozmir-912","12":"pa_rozmir-914","13":"pa_rozmir-915","14":"pa_rozmir-916","15":"pa_rozmir-917","16":"pa_rozmir-918","17":"pa_rozmir-919","18":"pa_rozmir-920","19":"pa_rozmir-921","20":"pa_rozmir-922","22":"first","23":"onbackorder","24":"purchasable","25":"product-type-variable"},"_links":{"self":[{"href":"https:\/\/nextsnkr.com\/de\/wp-json\/wp\/v2\/product\/633340","targetHints":{"allow":["GET"]}}],"collection":[{"href":"https:\/\/nextsnkr.com\/de\/wp-json\/wp\/v2\/product"}],"about":[{"href":"https:\/\/nextsnkr.com\/de\/wp-json\/wp\/v2\/types\/product"}],"replies":[{"embeddable":true,"href":"https:\/\/nextsnkr.com\/de\/wp-json\/wp\/v2\/comments?post=633340"}],"version-history":[{"count":0,"href":"https:\/\/nextsnkr.com\/de\/wp-json\/wp\/v2\/product\/633340\/revisions"}],"wp:featuredmedia":[{"embeddable":true,"href":"https:\/\/nextsnkr.com\/de\/wp-json\/wp\/v2\/media\/633344"}],"wp:attachment":[{"href":"https:\/\/nextsnkr.com\/de\/wp-json\/wp\/v2\/media?parent=633340"}],"wp:term":[{"taxonomy":"product_brand","embeddable":true,"href":"https:\/\/nextsnkr.com\/de\/wp-json\/wp\/v2\/product_brand?post=633340"},{"taxonomy":"product_cat","embeddable":true,"href":"https:\/\/nextsnkr.com\/de\/wp-json\/wp\/v2\/product_cat?post=633340"},{"taxonomy":"product_tag","embeddable":true,"href":"https:\/\/nextsnkr.com\/de\/wp-json\/wp\/v2\/product_tag?post=633340"}],"curies":[{"name":"wp","href":"https:\/\/api.w.org\/{rel}","templated":true}]}}