{"id":630648,"date":"2025-06-14T20:12:37","date_gmt":"2025-06-14T17:12:37","guid":{"rendered":"https:\/\/nextsnkr.com\/product\/michael-kors-4\/"},"modified":"2026-01-29T13:21:37","modified_gmt":"2026-01-29T10:21:37","slug":"michael-kors-4","status":"publish","type":"product","link":"https:\/\/nextsnkr.com\/de\/produkt\/michael-kors-4\/","title":{"rendered":"Die Michael Kors Umh\u00e4ngetasche ist eine stilvolle Damen-Umh\u00e4ngetasche aus Kunstleder"},"content":{"rendered":"<h2>Die Michael Kors Umh\u00e4ngetasche ist eine stilvolle Damen-Umh\u00e4ngetasche aus Kunstleder<\/h2>\n<p>&nbsp;<\/p>\n<p>Umh\u00e4ngetasche von Michael Kors ist aus hochwertigem \u00f6ko-Leder, die eine lange Lebensdauer, Robustheit und elegantes Aussehen. Das Modell vereint elegantes Design und Funktionalit\u00e4t, ideal f\u00fcr den t\u00e4glichen Gebrauch. Das ger\u00e4umige innere Fach erm\u00f6glicht es Ihnen, alle notwendigen Dinge bequem unterzubringen, und das pr\u00e4gnante Design macht die Tasche f\u00fcr jedes Bild universell. W\u00e4hlen Sie Michael Kors f\u00fcr die Kombination von Komfort, modischen Stil und Premium-Qualit\u00e4t.<\/p>\n","protected":false},"excerpt":{"rendered":"<p>Umh\u00e4ngetasche von Michael Kors ist aus hochwertigem \u00f6ko-Leder, die eine lange Lebensdauer, Robustheit und elegantes Aussehen. Das Modell vereint elegantes Design und Funktionalit\u00e4t, ideal f\u00fcr den t\u00e4glichen Gebrauch. Das ger\u00e4umige innere Fach erm\u00f6glicht es Ihnen, alle notwendigen Dinge bequem unterzubringen, und das pr\u00e4gnante Design macht die Tasche f\u00fcr jedes Bild universell. W\u00e4hlen Sie Michael Kors f\u00fcr die Kombination von Komfort, modischen Stil und Premium-Qualit\u00e4t.<\/p>\n","protected":false},"featured_media":630649,"comment_status":"open","ping_status":"open","template":"","meta":[],"product_brand":[],"product_cat":[3225,3480],"product_tag":[],"class_list":{"0":"post-630648","1":"product","2":"type-product","3":"status-publish","4":"has-post-thumbnail","6":"product_cat-all-product","7":"product_cat-sumky","8":"pa_rozmir-sale-24kh16kh6","10":"first","11":"instock","12":"purchasable","13":"product-type-simple"},"_links":{"self":[{"href":"https:\/\/nextsnkr.com\/de\/wp-json\/wp\/v2\/product\/630648","targetHints":{"allow":["GET"]}}],"collection":[{"href":"https:\/\/nextsnkr.com\/de\/wp-json\/wp\/v2\/product"}],"about":[{"href":"https:\/\/nextsnkr.com\/de\/wp-json\/wp\/v2\/types\/product"}],"replies":[{"embeddable":true,"href":"https:\/\/nextsnkr.com\/de\/wp-json\/wp\/v2\/comments?post=630648"}],"version-history":[{"count":0,"href":"https:\/\/nextsnkr.com\/de\/wp-json\/wp\/v2\/product\/630648\/revisions"}],"wp:featuredmedia":[{"embeddable":true,"href":"https:\/\/nextsnkr.com\/de\/wp-json\/wp\/v2\/media\/630649"}],"wp:attachment":[{"href":"https:\/\/nextsnkr.com\/de\/wp-json\/wp\/v2\/media?parent=630648"}],"wp:term":[{"taxonomy":"product_brand","embeddable":true,"href":"https:\/\/nextsnkr.com\/de\/wp-json\/wp\/v2\/product_brand?post=630648"},{"taxonomy":"product_cat","embeddable":true,"href":"https:\/\/nextsnkr.com\/de\/wp-json\/wp\/v2\/product_cat?post=630648"},{"taxonomy":"product_tag","embeddable":true,"href":"https:\/\/nextsnkr.com\/de\/wp-json\/wp\/v2\/product_tag?post=630648"}],"curies":[{"name":"wp","href":"https:\/\/api.w.org\/{rel}","templated":true}]}}