{"id":630225,"date":"2025-06-14T20:13:08","date_gmt":"2025-06-14T17:13:08","guid":{"rendered":"https:\/\/nextsnkr.com\/product\/michael-kors-5\/"},"modified":"2026-01-29T13:21:20","modified_gmt":"2026-01-29T10:21:20","slug":"michael-kors-5","status":"publish","type":"product","link":"https:\/\/nextsnkr.com\/de\/produkt\/michael-kors-5\/","title":{"rendered":"Die Michael Kors Tasche ist eine stilvolle Umh\u00e4ngetasche aus Kunstleder f\u00fcr Damen"},"content":{"rendered":"<h2>Die Michael Kors Tasche ist eine stilvolle Umh\u00e4ngetasche aus Kunstleder f\u00fcr Damen<\/h2>\n<p>&nbsp;<\/p>\n<p>Die Michael Kors Tasche besteht aus hochwertigem Kunstleder, das Stil, Funktionalit\u00e4t und Haltbarkeit kombiniert. Das Modell verf\u00fcgt \u00fcber ein ger\u00e4umiges Hauptfach und bequeme Taschen, um Dinge zu organisieren, was es ideal f\u00fcr den t\u00e4glichen Gebrauch macht. Das elegante Design der Marke Michael Kors unterstreicht den modernen Stil und verleiht dem Bild Raffinesse. Diese Tasche ist vielseitig einsetzbar und l\u00e4sst sich leicht mit jedem Kleiderschrank kombinieren und macht sie zu einem Must-Have-Accessoire f\u00fcr Arbeit, Spazierg\u00e4nge und Reisen.<\/p>\n","protected":false},"excerpt":{"rendered":"<p>Die Michael Kors Tasche besteht aus hochwertigem Kunstleder, das Stil, Funktionalit\u00e4t und Haltbarkeit kombiniert. Das Modell verf\u00fcgt \u00fcber ein ger\u00e4umiges Hauptfach und bequeme Taschen, um Dinge zu organisieren, was es ideal f\u00fcr den t\u00e4glichen Gebrauch macht. Das elegante Design der Marke Michael Kors unterstreicht den modernen Stil und verleiht dem Bild Raffinesse. Diese Tasche ist vielseitig einsetzbar und l\u00e4sst sich leicht mit jedem Kleiderschrank kombinieren und macht sie zu einem Must-Have-Accessoire f\u00fcr Arbeit, Spazierg\u00e4nge und Reisen.<\/p>\n","protected":false},"featured_media":630228,"comment_status":"open","ping_status":"open","template":"","meta":[],"product_brand":[],"product_cat":[3225,3480],"product_tag":[],"class_list":{"0":"post-630225","1":"product","2":"type-product","3":"status-publish","4":"has-post-thumbnail","6":"product_cat-all-product","7":"product_cat-sumky","8":"pa_rozmir-24kh17","10":"first","11":"instock","12":"purchasable","13":"product-type-simple"},"_links":{"self":[{"href":"https:\/\/nextsnkr.com\/de\/wp-json\/wp\/v2\/product\/630225","targetHints":{"allow":["GET"]}}],"collection":[{"href":"https:\/\/nextsnkr.com\/de\/wp-json\/wp\/v2\/product"}],"about":[{"href":"https:\/\/nextsnkr.com\/de\/wp-json\/wp\/v2\/types\/product"}],"replies":[{"embeddable":true,"href":"https:\/\/nextsnkr.com\/de\/wp-json\/wp\/v2\/comments?post=630225"}],"version-history":[{"count":0,"href":"https:\/\/nextsnkr.com\/de\/wp-json\/wp\/v2\/product\/630225\/revisions"}],"wp:featuredmedia":[{"embeddable":true,"href":"https:\/\/nextsnkr.com\/de\/wp-json\/wp\/v2\/media\/630228"}],"wp:attachment":[{"href":"https:\/\/nextsnkr.com\/de\/wp-json\/wp\/v2\/media?parent=630225"}],"wp:term":[{"taxonomy":"product_brand","embeddable":true,"href":"https:\/\/nextsnkr.com\/de\/wp-json\/wp\/v2\/product_brand?post=630225"},{"taxonomy":"product_cat","embeddable":true,"href":"https:\/\/nextsnkr.com\/de\/wp-json\/wp\/v2\/product_cat?post=630225"},{"taxonomy":"product_tag","embeddable":true,"href":"https:\/\/nextsnkr.com\/de\/wp-json\/wp\/v2\/product_tag?post=630225"}],"curies":[{"name":"wp","href":"https:\/\/api.w.org\/{rel}","templated":true}]}}