{"id":628965,"date":"2025-06-23T08:47:41","date_gmt":"2025-06-23T05:47:41","guid":{"rendered":"https:\/\/nextsnkr.com\/product\/x-wales-bonner-black\/"},"modified":"2026-01-29T13:20:02","modified_gmt":"2026-01-29T10:20:02","slug":"x-wales-bonner-black","status":"publish","type":"product","link":"https:\/\/nextsnkr.com\/de\/produkt\/x-wales-bonner-black\/","title":{"rendered":"X Wales Bonner Black Sneakers aus Leder aus Vietnam"},"content":{"rendered":"<h2>X Wales Bonner Black Sneakers aus Leder aus Vietnam<\/h2>\n<p>&nbsp;<\/p>\n<p>Die stilvollen X Wales Bonner Black Sneakers sind aus hochwertigem Leder gefertigt und sorgen f\u00fcr Komfort und Haltbarkeit. Leicht und langlebig, sind sie perfekt f\u00fcr den t\u00e4glichen Verschlei\u00df und einen aktiven Lebensstil. Die Marke Wales Bonner garantiert ein Premium-Design und ein modernes Aussehen. Diese lederne Sneaker kombinieren Eleganz, Praktikabilit\u00e4t und vielseitigen Stil, um Ihr Image einzigartig zu machen.<\/p>\n","protected":false},"excerpt":{"rendered":"<p>Die stilvollen X Wales Bonner Black Sneakers sind aus hochwertigem Leder gefertigt und sorgen f\u00fcr Komfort und Haltbarkeit. Leicht und langlebig, sind sie perfekt f\u00fcr den t\u00e4glichen Verschlei\u00df und einen aktiven Lebensstil. Die Marke Wales Bonner garantiert ein Premium-Design und ein modernes Aussehen. Diese lederne Sneaker kombinieren Eleganz, Praktikabilit\u00e4t und vielseitigen Stil, um Ihr Image einzigartig zu machen.<\/p>\n","protected":false},"featured_media":628966,"comment_status":"open","ping_status":"open","template":"","meta":[],"product_brand":[],"product_cat":[3225,3320],"product_tag":[],"class_list":{"0":"post-628965","1":"product","2":"type-product","3":"status-publish","4":"has-post-thumbnail","6":"product_cat-all-product","7":"product_cat-kedy","8":"pa_rozmir-910","9":"pa_rozmir-912","10":"pa_rozmir-914","11":"pa_rozmir-915","12":"pa_rozmir-916","13":"pa_rozmir-917","14":"pa_rozmir-918","15":"pa_rozmir-919","16":"pa_rozmir-920","17":"pa_rozmir-921","18":"pa_rozmir-922","20":"first","21":"instock","22":"purchasable","23":"product-type-variable"},"_links":{"self":[{"href":"https:\/\/nextsnkr.com\/de\/wp-json\/wp\/v2\/product\/628965","targetHints":{"allow":["GET"]}}],"collection":[{"href":"https:\/\/nextsnkr.com\/de\/wp-json\/wp\/v2\/product"}],"about":[{"href":"https:\/\/nextsnkr.com\/de\/wp-json\/wp\/v2\/types\/product"}],"replies":[{"embeddable":true,"href":"https:\/\/nextsnkr.com\/de\/wp-json\/wp\/v2\/comments?post=628965"}],"version-history":[{"count":0,"href":"https:\/\/nextsnkr.com\/de\/wp-json\/wp\/v2\/product\/628965\/revisions"}],"wp:featuredmedia":[{"embeddable":true,"href":"https:\/\/nextsnkr.com\/de\/wp-json\/wp\/v2\/media\/628966"}],"wp:attachment":[{"href":"https:\/\/nextsnkr.com\/de\/wp-json\/wp\/v2\/media?parent=628965"}],"wp:term":[{"taxonomy":"product_brand","embeddable":true,"href":"https:\/\/nextsnkr.com\/de\/wp-json\/wp\/v2\/product_brand?post=628965"},{"taxonomy":"product_cat","embeddable":true,"href":"https:\/\/nextsnkr.com\/de\/wp-json\/wp\/v2\/product_cat?post=628965"},{"taxonomy":"product_tag","embeddable":true,"href":"https:\/\/nextsnkr.com\/de\/wp-json\/wp\/v2\/product_tag?post=628965"}],"curies":[{"name":"wp","href":"https:\/\/api.w.org\/{rel}","templated":true}]}}