{"id":628626,"date":"2025-06-12T16:27:44","date_gmt":"2025-06-12T13:27:44","guid":{"rendered":"https:\/\/nextsnkr.com\/product\/dior-boots-white\/"},"modified":"2026-01-29T13:19:53","modified_gmt":"2026-01-29T10:19:53","slug":"dior-boots-white","status":"publish","type":"product","link":"https:\/\/nextsnkr.com\/de\/produkt\/dior-boots-white\/","title":{"rendered":"Dior Boots White aus Leder und Fleece f\u00fcr stilvollen Komfort"},"content":{"rendered":"<h2>Dior Boots White aus Leder und Fleece f\u00fcr stilvollen Komfort<\/h2>\n<p>&nbsp;<\/p>\n<p>Die Dior Boots White sind aus hochwertigem Leder und weichem Fleece gefertigt und sorgen in der kalten Jahreszeit f\u00fcr W\u00e4rme und Komfort. Die elegante wei\u00dfe Farbe und das moderne Design machen sie ideal f\u00fcr den t\u00e4glichen Verschlei\u00df und besondere Anl\u00e4sse. Die Marke Dior garantiert hohe Materialqualit\u00e4t und Langlebigkeit des Produkts. Stilvoll, bequem und vielseitig \u2014 diese Stiefel werden zu einem unverzichtbaren Teil Ihrer Garderobe. Bestellen Sie jetzt und betonen Sie Ihren eleganten Stil.<\/p>\n","protected":false},"excerpt":{"rendered":"<p>Die Dior Boots White sind aus hochwertigem Leder und weichem Fleece gefertigt und sorgen in der kalten Jahreszeit f\u00fcr W\u00e4rme und Komfort. Die elegante wei\u00dfe Farbe und das moderne Design machen sie ideal f\u00fcr den t\u00e4glichen Verschlei\u00df und besondere Anl\u00e4sse. Die Marke Dior garantiert hohe Materialqualit\u00e4t und Langlebigkeit des Produkts. Stilvoll, bequem und vielseitig \u2014 diese Stiefel werden zu einem unverzichtbaren Teil Ihrer Garderobe. Bestellen Sie jetzt und betonen Sie Ihren eleganten Stil.<\/p>\n","protected":false},"featured_media":628627,"comment_status":"open","ping_status":"open","template":"","meta":[],"product_brand":[],"product_cat":[3225,3333],"product_tag":[],"class_list":{"0":"post-628626","1":"product","2":"type-product","3":"status-publish","4":"has-post-thumbnail","6":"product_cat-all-product","7":"product_cat-cherevyky","8":"pa_rozmir-910","9":"pa_rozmir-912","10":"pa_rozmir-914","11":"pa_rozmir-915","12":"pa_rozmir-916","13":"pa_rozmir-917","14":"pa_rozmir-918","15":"pa_rozmir-919","16":"pa_rozmir-920","17":"pa_rozmir-921","18":"pa_rozmir-922","20":"first","21":"onbackorder","22":"purchasable","23":"product-type-variable"},"_links":{"self":[{"href":"https:\/\/nextsnkr.com\/de\/wp-json\/wp\/v2\/product\/628626","targetHints":{"allow":["GET"]}}],"collection":[{"href":"https:\/\/nextsnkr.com\/de\/wp-json\/wp\/v2\/product"}],"about":[{"href":"https:\/\/nextsnkr.com\/de\/wp-json\/wp\/v2\/types\/product"}],"replies":[{"embeddable":true,"href":"https:\/\/nextsnkr.com\/de\/wp-json\/wp\/v2\/comments?post=628626"}],"version-history":[{"count":0,"href":"https:\/\/nextsnkr.com\/de\/wp-json\/wp\/v2\/product\/628626\/revisions"}],"wp:featuredmedia":[{"embeddable":true,"href":"https:\/\/nextsnkr.com\/de\/wp-json\/wp\/v2\/media\/628627"}],"wp:attachment":[{"href":"https:\/\/nextsnkr.com\/de\/wp-json\/wp\/v2\/media?parent=628626"}],"wp:term":[{"taxonomy":"product_brand","embeddable":true,"href":"https:\/\/nextsnkr.com\/de\/wp-json\/wp\/v2\/product_brand?post=628626"},{"taxonomy":"product_cat","embeddable":true,"href":"https:\/\/nextsnkr.com\/de\/wp-json\/wp\/v2\/product_cat?post=628626"},{"taxonomy":"product_tag","embeddable":true,"href":"https:\/\/nextsnkr.com\/de\/wp-json\/wp\/v2\/product_tag?post=628626"}],"curies":[{"name":"wp","href":"https:\/\/api.w.org\/{rel}","templated":true}]}}