{"id":626549,"date":"2025-06-13T09:02:46","date_gmt":"2025-06-13T06:02:46","guid":{"rendered":"https:\/\/nextsnkr.com\/product\/retro-1-dark-mocha\/"},"modified":"2026-01-29T13:18:41","modified_gmt":"2026-01-29T10:18:41","slug":"retro-1-dark-mocha","status":"publish","type":"product","link":"https:\/\/nextsnkr.com\/de\/produkt\/retro-1-dark-mocha\/","title":{"rendered":"Retro 1 Dark Mocha Sneakers aus echtem Leder f\u00fcr einen stilvollen Look"},"content":{"rendered":"<h2>Retro 1 Dark Mocha Sneakers aus echtem Leder f\u00fcr einen stilvollen Look<\/h2>\n<p>&nbsp;<\/p>\n<p>Die Retro 1 Dark Mocha Sneakers sind in Vietnam aus hochwertigem echtem Leder gefertigt und verbinden Komfort, Haltbarkeit und modernes Design. Die robuste Sohle bietet Komfort beim t\u00e4glichen Tragen und der dunkelbraune Farbton verleiht jedem Look einen stilvollen Akzent. Die Retro 1 Dark Mocha Sneakers sind ideal f\u00fcr Spazierg\u00e4nge, Stadtleben und Outdoor-Aktivit\u00e4ten und zeichnen sich durch hochwertige Materialien und ein elegantes Aussehen aus. Bestellen Sie jetzt und betonen Sie Ihren einzigartigen Stil.<\/p>\n","protected":false},"excerpt":{"rendered":"<p>Die Retro 1 Dark Mocha Sneakers sind in Vietnam aus hochwertigem echtem Leder gefertigt und verbinden Komfort, Haltbarkeit und modernes Design. Die robuste Sohle bietet Komfort beim t\u00e4glichen Tragen und der dunkelbraune Farbton verleiht jedem Look einen stilvollen Akzent. Die Retro 1 Dark Mocha Sneakers sind ideal f\u00fcr Spazierg\u00e4nge, Stadtleben und Outdoor-Aktivit\u00e4ten und zeichnen sich durch hochwertige Materialien und ein elegantes Aussehen aus. Bestellen Sie jetzt und betonen Sie Ihren einzigartigen Stil.<\/p>\n","protected":false},"featured_media":626550,"comment_status":"open","ping_status":"open","template":"","meta":[],"product_brand":[],"product_cat":[3225,3320],"product_tag":[],"class_list":{"0":"post-626549","1":"product","2":"type-product","3":"status-publish","4":"has-post-thumbnail","6":"product_cat-all-product","7":"product_cat-kedy","8":"pa_rozmir-910","9":"pa_rozmir-912","10":"pa_rozmir-914","11":"pa_rozmir-915","12":"pa_rozmir-916","13":"pa_rozmir-917","14":"pa_rozmir-918","15":"pa_rozmir-919","16":"pa_rozmir-920","17":"pa_rozmir-921","18":"pa_rozmir-922","20":"first","21":"instock","22":"purchasable","23":"product-type-variable"},"_links":{"self":[{"href":"https:\/\/nextsnkr.com\/de\/wp-json\/wp\/v2\/product\/626549","targetHints":{"allow":["GET"]}}],"collection":[{"href":"https:\/\/nextsnkr.com\/de\/wp-json\/wp\/v2\/product"}],"about":[{"href":"https:\/\/nextsnkr.com\/de\/wp-json\/wp\/v2\/types\/product"}],"replies":[{"embeddable":true,"href":"https:\/\/nextsnkr.com\/de\/wp-json\/wp\/v2\/comments?post=626549"}],"version-history":[{"count":0,"href":"https:\/\/nextsnkr.com\/de\/wp-json\/wp\/v2\/product\/626549\/revisions"}],"wp:featuredmedia":[{"embeddable":true,"href":"https:\/\/nextsnkr.com\/de\/wp-json\/wp\/v2\/media\/626550"}],"wp:attachment":[{"href":"https:\/\/nextsnkr.com\/de\/wp-json\/wp\/v2\/media?parent=626549"}],"wp:term":[{"taxonomy":"product_brand","embeddable":true,"href":"https:\/\/nextsnkr.com\/de\/wp-json\/wp\/v2\/product_brand?post=626549"},{"taxonomy":"product_cat","embeddable":true,"href":"https:\/\/nextsnkr.com\/de\/wp-json\/wp\/v2\/product_cat?post=626549"},{"taxonomy":"product_tag","embeddable":true,"href":"https:\/\/nextsnkr.com\/de\/wp-json\/wp\/v2\/product_tag?post=626549"}],"curies":[{"name":"wp","href":"https:\/\/api.w.org\/{rel}","templated":true}]}}