{"id":625701,"date":"2025-06-13T09:04:43","date_gmt":"2025-06-13T06:04:43","guid":{"rendered":"https:\/\/nextsnkr.com\/product\/low-travis-scotts-x-tiffany\/"},"modified":"2026-01-29T13:06:09","modified_gmt":"2026-01-29T10:06:09","slug":"low-travis-scotts-x-tiffany","status":"publish","type":"product","link":"https:\/\/nextsnkr.com\/de\/produkt\/low-travis-scotts-x-tiffany\/","title":{"rendered":"Low Travis Scott x Tiffany Sneakers aus Nubukleder f\u00fcr einen stilvollen Look"},"content":{"rendered":"<h2>Low Travis Scott x Tiffany Sneakers aus Nubukleder f\u00fcr einen stilvollen Look<\/h2>\n<p>&nbsp;<\/p>\n<p>Die Low Travis Scott x Tiffany Sneakers sind aus hochwertigem Nubukleder in Vietnam gefertigt und verbinden Komfort, Haltbarkeit und stilvolles Design. Leicht und bequem, sind sie perfekt f\u00fcr den Alltag, Spazierg\u00e4nge und ein aktives Stadtleben. Die einzigartige Kombination der Marken Travis Scott und Tiffany verleiht Exklusivit\u00e4t und einen modernen Look. Sneakers zeichnen sich durch hochwertige Materialien und Liebe zum Detail aus. Bestellen Sie jetzt und betonen Sie Ihren einzigartigen Stil.<\/p>\n","protected":false},"excerpt":{"rendered":"<p>Die Low Travis Scott x Tiffany Sneakers sind aus hochwertigem Nubukleder in Vietnam gefertigt und verbinden Komfort, Haltbarkeit und stilvolles Design. Leicht und bequem, sind sie perfekt f\u00fcr den Alltag, Spazierg\u00e4nge und ein aktives Stadtleben. Die einzigartige Kombination der Marken Travis Scott und Tiffany verleiht Exklusivit\u00e4t und einen modernen Look. Sneakers zeichnen sich durch hochwertige Materialien und Liebe zum Detail aus. Bestellen Sie jetzt und betonen Sie Ihren einzigartigen Stil.<\/p>\n","protected":false},"featured_media":625702,"comment_status":"open","ping_status":"open","template":"","meta":[],"product_brand":[],"product_cat":[3225,3320],"product_tag":[],"class_list":{"0":"post-625701","1":"product","2":"type-product","3":"status-publish","4":"has-post-thumbnail","6":"product_cat-all-product","7":"product_cat-kedy","8":"pa_rozmir-910","9":"pa_rozmir-912","10":"pa_rozmir-914","11":"pa_rozmir-915","12":"pa_rozmir-916","13":"pa_rozmir-917","14":"pa_rozmir-918","15":"pa_rozmir-919","16":"pa_rozmir-920","17":"pa_rozmir-921","18":"pa_rozmir-922","20":"first","21":"instock","22":"purchasable","23":"product-type-variable"},"_links":{"self":[{"href":"https:\/\/nextsnkr.com\/de\/wp-json\/wp\/v2\/product\/625701","targetHints":{"allow":["GET"]}}],"collection":[{"href":"https:\/\/nextsnkr.com\/de\/wp-json\/wp\/v2\/product"}],"about":[{"href":"https:\/\/nextsnkr.com\/de\/wp-json\/wp\/v2\/types\/product"}],"replies":[{"embeddable":true,"href":"https:\/\/nextsnkr.com\/de\/wp-json\/wp\/v2\/comments?post=625701"}],"version-history":[{"count":0,"href":"https:\/\/nextsnkr.com\/de\/wp-json\/wp\/v2\/product\/625701\/revisions"}],"wp:featuredmedia":[{"embeddable":true,"href":"https:\/\/nextsnkr.com\/de\/wp-json\/wp\/v2\/media\/625702"}],"wp:attachment":[{"href":"https:\/\/nextsnkr.com\/de\/wp-json\/wp\/v2\/media?parent=625701"}],"wp:term":[{"taxonomy":"product_brand","embeddable":true,"href":"https:\/\/nextsnkr.com\/de\/wp-json\/wp\/v2\/product_brand?post=625701"},{"taxonomy":"product_cat","embeddable":true,"href":"https:\/\/nextsnkr.com\/de\/wp-json\/wp\/v2\/product_cat?post=625701"},{"taxonomy":"product_tag","embeddable":true,"href":"https:\/\/nextsnkr.com\/de\/wp-json\/wp\/v2\/product_tag?post=625701"}],"curies":[{"name":"wp","href":"https:\/\/api.w.org\/{rel}","templated":true}]}}