{"id":625531,"date":"2025-06-13T09:05:26","date_gmt":"2025-06-13T06:05:26","guid":{"rendered":"https:\/\/nextsnkr.com\/product\/air-jordan-1-retro-high-travis-scott\/"},"modified":"2026-01-29T13:06:05","modified_gmt":"2026-01-29T10:06:05","slug":"air-jordan-1-retro-high-travis-scott","status":"publish","type":"product","link":"https:\/\/nextsnkr.com\/de\/produkt\/air-jordan-1-retro-high-travis-scott\/","title":{"rendered":"Air Jordan 1 Retro High Travis Scott Sneakers aus Leder und Textil"},"content":{"rendered":"<h2>Air Jordan 1 Retro High Travis Scott Sneakers aus Leder und Textil<\/h2>\n<p>&nbsp;<\/p>\n<p>Die Air Jordan 1 Retro High Travis Scott Sneakers werden in China aus hochwertigem Leder und Textilien hergestellt und verbinden Komfort, Haltbarkeit und Stil. Das legend\u00e4re Design der Marke Travis Scott verleiht dem Schuh ein einzigartiges Aussehen und die hohen Kanten bieten eine zuverl\u00e4ssige Fu\u00dfunterst\u00fctzung. Diese Sneakers von Air Jordan sind ideal f\u00fcr das t\u00e4gliche Tragen, Spazierg\u00e4nge und ein aktives Stadtleben und zeichnen sich durch Liebe zum Detail und hohe Materialqualit\u00e4t aus. Bestellen Sie jetzt und betonen Sie Ihren einzigartigen Stil.<\/p>\n","protected":false},"excerpt":{"rendered":"<p>Die Air Jordan 1 Retro High Travis Scott Sneakers werden in China aus hochwertigem Leder und Textilien hergestellt und verbinden Komfort, Haltbarkeit und Stil. Das legend\u00e4re Design der Marke Travis Scott verleiht dem Schuh ein einzigartiges Aussehen und die hohen Kanten bieten eine zuverl\u00e4ssige Fu\u00dfunterst\u00fctzung. Diese Sneakers von Air Jordan sind ideal f\u00fcr das t\u00e4gliche Tragen, Spazierg\u00e4nge und ein aktives Stadtleben und zeichnen sich durch Liebe zum Detail und hohe Materialqualit\u00e4t aus. Bestellen Sie jetzt und betonen Sie Ihren einzigartigen Stil.<\/p>\n","protected":false},"featured_media":625532,"comment_status":"open","ping_status":"open","template":"","meta":[],"product_brand":[],"product_cat":[3385,3225,3320],"product_tag":[],"class_list":{"0":"post-625531","1":"product","2":"type-product","3":"status-publish","4":"has-post-thumbnail","6":"product_cat-nike-jordan","7":"product_cat-all-product","8":"product_cat-kedy","9":"pa_rozmir-910","10":"pa_rozmir-912","11":"pa_rozmir-914","12":"pa_rozmir-915","13":"pa_rozmir-916","14":"pa_rozmir-917","15":"pa_rozmir-918","16":"pa_rozmir-919","17":"pa_rozmir-920","18":"pa_rozmir-921","19":"pa_rozmir-922","21":"first","22":"onbackorder","23":"purchasable","24":"product-type-variable"},"_links":{"self":[{"href":"https:\/\/nextsnkr.com\/de\/wp-json\/wp\/v2\/product\/625531","targetHints":{"allow":["GET"]}}],"collection":[{"href":"https:\/\/nextsnkr.com\/de\/wp-json\/wp\/v2\/product"}],"about":[{"href":"https:\/\/nextsnkr.com\/de\/wp-json\/wp\/v2\/types\/product"}],"replies":[{"embeddable":true,"href":"https:\/\/nextsnkr.com\/de\/wp-json\/wp\/v2\/comments?post=625531"}],"version-history":[{"count":0,"href":"https:\/\/nextsnkr.com\/de\/wp-json\/wp\/v2\/product\/625531\/revisions"}],"wp:featuredmedia":[{"embeddable":true,"href":"https:\/\/nextsnkr.com\/de\/wp-json\/wp\/v2\/media\/625532"}],"wp:attachment":[{"href":"https:\/\/nextsnkr.com\/de\/wp-json\/wp\/v2\/media?parent=625531"}],"wp:term":[{"taxonomy":"product_brand","embeddable":true,"href":"https:\/\/nextsnkr.com\/de\/wp-json\/wp\/v2\/product_brand?post=625531"},{"taxonomy":"product_cat","embeddable":true,"href":"https:\/\/nextsnkr.com\/de\/wp-json\/wp\/v2\/product_cat?post=625531"},{"taxonomy":"product_tag","embeddable":true,"href":"https:\/\/nextsnkr.com\/de\/wp-json\/wp\/v2\/product_tag?post=625531"}],"curies":[{"name":"wp","href":"https:\/\/api.w.org\/{rel}","templated":true}]}}