{"id":625353,"date":"2025-06-13T09:05:50","date_gmt":"2025-06-13T06:05:50","guid":{"rendered":"https:\/\/nextsnkr.com\/product\/air-jordan-high-green-white\/"},"modified":"2026-01-29T13:05:59","modified_gmt":"2026-01-29T10:05:59","slug":"air-jordan-high-green-white","status":"publish","type":"product","link":"https:\/\/nextsnkr.com\/de\/produkt\/air-jordan-high-green-white\/","title":{"rendered":"Air Jordan High Green White Sneakers aus echtem Leder"},"content":{"rendered":"<h2>Air Jordan High Green White Sneakers aus echtem Leder<\/h2>\n<p>&nbsp;<\/p>\n<p>Die Air Jordan High Green White Sneakers sind in Vietnam aus hochwertigem echtem Leder gefertigt und kombinieren Stil, Komfort und Haltbarkeit. Die helle Kombination aus Gr\u00fcn und Wei\u00df verleiht Frische und einen modernen Look und macht die Sneakers vielseitig f\u00fcr das t\u00e4gliche Tragen und Gehen. Die robuste Sohle sorgt f\u00fcr Stabilit\u00e4t und Komfort bei aktiver Bewegung. Die Air Jordan Sneakers zeichnen sich durch ihr legend\u00e4res Design und hohe Materialqualit\u00e4t aus. Bestellen Sie jetzt und betonen Sie Ihren Stil.<\/p>\n","protected":false},"excerpt":{"rendered":"<p>Die Air Jordan High Green White Sneakers sind in Vietnam aus hochwertigem echtem Leder gefertigt und kombinieren Stil, Komfort und Haltbarkeit. Die helle Kombination aus Gr\u00fcn und Wei\u00df verleiht Frische und einen modernen Look und macht die Sneakers vielseitig f\u00fcr das t\u00e4gliche Tragen und Gehen. Die robuste Sohle sorgt f\u00fcr Stabilit\u00e4t und Komfort bei aktiver Bewegung. Die Air Jordan Sneakers zeichnen sich durch ihr legend\u00e4res Design und hohe Materialqualit\u00e4t aus. Bestellen Sie jetzt und betonen Sie Ihren Stil.<\/p>\n","protected":false},"featured_media":625354,"comment_status":"open","ping_status":"open","template":"","meta":[],"product_brand":[],"product_cat":[3385,3225,3320],"product_tag":[],"class_list":{"0":"post-625353","1":"product","2":"type-product","3":"status-publish","4":"has-post-thumbnail","6":"product_cat-nike-jordan","7":"product_cat-all-product","8":"product_cat-kedy","9":"pa_rozmir-910","10":"pa_rozmir-912","11":"pa_rozmir-914","12":"pa_rozmir-915","13":"pa_rozmir-916","14":"pa_rozmir-917","15":"pa_rozmir-918","16":"pa_rozmir-919","17":"pa_rozmir-920","18":"pa_rozmir-921","19":"pa_rozmir-922","21":"first","22":"onbackorder","23":"purchasable","24":"product-type-variable"},"_links":{"self":[{"href":"https:\/\/nextsnkr.com\/de\/wp-json\/wp\/v2\/product\/625353","targetHints":{"allow":["GET"]}}],"collection":[{"href":"https:\/\/nextsnkr.com\/de\/wp-json\/wp\/v2\/product"}],"about":[{"href":"https:\/\/nextsnkr.com\/de\/wp-json\/wp\/v2\/types\/product"}],"replies":[{"embeddable":true,"href":"https:\/\/nextsnkr.com\/de\/wp-json\/wp\/v2\/comments?post=625353"}],"version-history":[{"count":0,"href":"https:\/\/nextsnkr.com\/de\/wp-json\/wp\/v2\/product\/625353\/revisions"}],"wp:featuredmedia":[{"embeddable":true,"href":"https:\/\/nextsnkr.com\/de\/wp-json\/wp\/v2\/media\/625354"}],"wp:attachment":[{"href":"https:\/\/nextsnkr.com\/de\/wp-json\/wp\/v2\/media?parent=625353"}],"wp:term":[{"taxonomy":"product_brand","embeddable":true,"href":"https:\/\/nextsnkr.com\/de\/wp-json\/wp\/v2\/product_brand?post=625353"},{"taxonomy":"product_cat","embeddable":true,"href":"https:\/\/nextsnkr.com\/de\/wp-json\/wp\/v2\/product_cat?post=625353"},{"taxonomy":"product_tag","embeddable":true,"href":"https:\/\/nextsnkr.com\/de\/wp-json\/wp\/v2\/product_tag?post=625353"}],"curies":[{"name":"wp","href":"https:\/\/api.w.org\/{rel}","templated":true}]}}