{"id":618617,"date":"2025-06-17T22:20:03","date_gmt":"2025-06-17T19:20:03","guid":{"rendered":"https:\/\/nextsnkr.com\/product\/nike-air-max-plus-utility-black-metallic-silver\/"},"modified":"2026-01-29T13:01:54","modified_gmt":"2026-01-29T10:01:54","slug":"nike-air-max-plus-utility-black-metallic-silver","status":"publish","type":"product","link":"https:\/\/nextsnkr.com\/de\/produkt\/nike-air-max-plus-utility-black-metallic-silver\/","title":{"rendered":"Nike Air Max Plus Utility Sneakers Black Metallic Silver-Leder und Textil"},"content":{"rendered":"<h2>Nike Air Max Plus Utility Sneakers Black Metallic Silver-Leder und Textil<\/h2>\n<p>&nbsp;<\/p>\n<p>Der Nike Air Max Plus Utility Black Metallic Silver ist ein stilvoller Sneaker aus hochwertigem Leder und Textil, der Komfort, Haltbarkeit und modernes Design kombiniert. Schwarz mit einem metallischen silberfarbenen Farbton macht das Modell vielseitig und zieht Aufmerksamkeit auf sich. Hergestellt in Vietnam, haben die Turnschuhe eine feste Sohle, ein Air Max-D\u00e4mpfungssystem und eine bequeme Passform am Fu\u00df. Die ideale Wahl f\u00fcr einen aktiven Lebensstil, Spazierg\u00e4nge und einen stilvollen Look mit Komfort und Premium-Qualit\u00e4t der Marke Nike.<\/p>\n","protected":false},"excerpt":{"rendered":"<p>Der Nike Air Max Plus Utility Black Metallic Silver ist ein stilvoller Sneaker aus hochwertigem Leder und Textil, der Komfort, Haltbarkeit und modernes Design kombiniert. Schwarz mit einem metallischen silberfarbenen Farbton macht das Modell vielseitig und zieht Aufmerksamkeit auf sich. Hergestellt in Vietnam, haben die Turnschuhe eine feste Sohle, ein Air Max-D\u00e4mpfungssystem und eine bequeme Passform am Fu\u00df. Die ideale Wahl f\u00fcr einen aktiven Lebensstil, Spazierg\u00e4nge und einen stilvollen Look mit Komfort und Premium-Qualit\u00e4t der Marke Nike.<\/p>\n","protected":false},"featured_media":618618,"comment_status":"open","ping_status":"open","template":"","meta":[],"product_brand":[],"product_cat":[3225,3226],"product_tag":[],"class_list":{"0":"post-618617","1":"product","2":"type-product","3":"status-publish","4":"has-post-thumbnail","6":"product_cat-all-product","7":"product_cat-krosivky","8":"pa_rozmir-910","9":"pa_rozmir-912","10":"pa_rozmir-914","11":"pa_rozmir-915","12":"pa_rozmir-916","13":"pa_rozmir-917","14":"pa_rozmir-918","15":"pa_rozmir-919","16":"pa_rozmir-920","17":"pa_rozmir-921","18":"pa_rozmir-922","20":"first","21":"onbackorder","22":"purchasable","23":"product-type-variable"},"_links":{"self":[{"href":"https:\/\/nextsnkr.com\/de\/wp-json\/wp\/v2\/product\/618617","targetHints":{"allow":["GET"]}}],"collection":[{"href":"https:\/\/nextsnkr.com\/de\/wp-json\/wp\/v2\/product"}],"about":[{"href":"https:\/\/nextsnkr.com\/de\/wp-json\/wp\/v2\/types\/product"}],"replies":[{"embeddable":true,"href":"https:\/\/nextsnkr.com\/de\/wp-json\/wp\/v2\/comments?post=618617"}],"version-history":[{"count":0,"href":"https:\/\/nextsnkr.com\/de\/wp-json\/wp\/v2\/product\/618617\/revisions"}],"wp:featuredmedia":[{"embeddable":true,"href":"https:\/\/nextsnkr.com\/de\/wp-json\/wp\/v2\/media\/618618"}],"wp:attachment":[{"href":"https:\/\/nextsnkr.com\/de\/wp-json\/wp\/v2\/media?parent=618617"}],"wp:term":[{"taxonomy":"product_brand","embeddable":true,"href":"https:\/\/nextsnkr.com\/de\/wp-json\/wp\/v2\/product_brand?post=618617"},{"taxonomy":"product_cat","embeddable":true,"href":"https:\/\/nextsnkr.com\/de\/wp-json\/wp\/v2\/product_cat?post=618617"},{"taxonomy":"product_tag","embeddable":true,"href":"https:\/\/nextsnkr.com\/de\/wp-json\/wp\/v2\/product_tag?post=618617"}],"curies":[{"name":"wp","href":"https:\/\/api.w.org\/{rel}","templated":true}]}}