{"id":618448,"date":"2025-06-17T22:20:57","date_gmt":"2025-06-17T19:20:57","guid":{"rendered":"https:\/\/nextsnkr.com\/product\/nike-air-max-plus-tn-tiffany-quad\/"},"modified":"2026-01-29T13:01:49","modified_gmt":"2026-01-29T10:01:49","slug":"nike-air-max-plus-tn-tiffany-quad","status":"publish","type":"product","link":"https:\/\/nextsnkr.com\/de\/produkt\/nike-air-max-plus-tn-tiffany-quad\/","title":{"rendered":"Nike Air Max Plus TN &#8220; Tiffany Quad Sneaker &#8211; &#8211; Stil und Komfort"},"content":{"rendered":"<h2>Nike Air Max Plus TN &#8220; Tiffany Quad Sneaker &#8211; &#8211; Stil und Komfort<\/h2>\n<p>&nbsp;<\/p>\n<p>Die Nike Air Max Plus TN Sneakers &#8222;Tiffany Quad&#8220; kombinieren modernes Design und hohen Tragekomfort f\u00fcr den t\u00e4glichen Tragekomfort. Sie sind aus hochwertigen Textilien gefertigt und bieten Leichtigkeit, Atmungsaktivit\u00e4t und Stabilit\u00e4t bei aktiver Bewegung. Die propriet\u00e4re Air Max D\u00e4mpfung garantiert Komfort und Fu\u00dfunterst\u00fctzung, und die helle Farbl\u00f6sung &#8222;Tiffany Quad&#8220; macht das Modell auff\u00e4llig und modisch. Eine ideale Wahl f\u00fcr diejenigen, die Stil, Qualit\u00e4t und Komfort im Alltag sch\u00e4tzen.<\/p>\n","protected":false},"excerpt":{"rendered":"<p>Die Nike Air Max Plus TN Sneakers &#8222;Tiffany Quad&#8220; kombinieren modernes Design und hohen Tragekomfort f\u00fcr den t\u00e4glichen Tragekomfort. Sie sind aus hochwertigen Textilien gefertigt und bieten Leichtigkeit, Atmungsaktivit\u00e4t und Stabilit\u00e4t bei aktiver Bewegung. Die propriet\u00e4re Air Max D\u00e4mpfung garantiert Komfort und Fu\u00dfunterst\u00fctzung, und die helle Farbl\u00f6sung &#8222;Tiffany Quad&#8220; macht das Modell auff\u00e4llig und modisch. Eine ideale Wahl f\u00fcr diejenigen, die Stil, Qualit\u00e4t und Komfort im Alltag sch\u00e4tzen.<\/p>\n","protected":false},"featured_media":618449,"comment_status":"open","ping_status":"open","template":"","meta":[],"product_brand":[],"product_cat":[3225,3226],"product_tag":[],"class_list":{"0":"post-618448","1":"product","2":"type-product","3":"status-publish","4":"has-post-thumbnail","6":"product_cat-all-product","7":"product_cat-krosivky","8":"pa_rozmir-910","9":"pa_rozmir-912","10":"pa_rozmir-914","11":"pa_rozmir-915","12":"pa_rozmir-916","13":"pa_rozmir-917","14":"pa_rozmir-918","15":"pa_rozmir-919","16":"pa_rozmir-920","17":"pa_rozmir-921","18":"pa_rozmir-922","20":"first","21":"onbackorder","22":"purchasable","23":"product-type-variable"},"_links":{"self":[{"href":"https:\/\/nextsnkr.com\/de\/wp-json\/wp\/v2\/product\/618448","targetHints":{"allow":["GET"]}}],"collection":[{"href":"https:\/\/nextsnkr.com\/de\/wp-json\/wp\/v2\/product"}],"about":[{"href":"https:\/\/nextsnkr.com\/de\/wp-json\/wp\/v2\/types\/product"}],"replies":[{"embeddable":true,"href":"https:\/\/nextsnkr.com\/de\/wp-json\/wp\/v2\/comments?post=618448"}],"version-history":[{"count":0,"href":"https:\/\/nextsnkr.com\/de\/wp-json\/wp\/v2\/product\/618448\/revisions"}],"wp:featuredmedia":[{"embeddable":true,"href":"https:\/\/nextsnkr.com\/de\/wp-json\/wp\/v2\/media\/618449"}],"wp:attachment":[{"href":"https:\/\/nextsnkr.com\/de\/wp-json\/wp\/v2\/media?parent=618448"}],"wp:term":[{"taxonomy":"product_brand","embeddable":true,"href":"https:\/\/nextsnkr.com\/de\/wp-json\/wp\/v2\/product_brand?post=618448"},{"taxonomy":"product_cat","embeddable":true,"href":"https:\/\/nextsnkr.com\/de\/wp-json\/wp\/v2\/product_cat?post=618448"},{"taxonomy":"product_tag","embeddable":true,"href":"https:\/\/nextsnkr.com\/de\/wp-json\/wp\/v2\/product_tag?post=618448"}],"curies":[{"name":"wp","href":"https:\/\/api.w.org\/{rel}","templated":true}]}}