{"id":614626,"date":"2025-06-13T10:59:42","date_gmt":"2025-06-13T07:59:42","guid":{"rendered":"https:\/\/nextsnkr.com\/product\/air-force-1-mini-swoosh-lime-light-najk-svetytsia-v-temnote\/"},"modified":"2026-01-29T12:59:08","modified_gmt":"2026-01-29T09:59:08","slug":"air-force-1-mini-swoosh-lime-light-najk-svetytsia-v-temnote","status":"publish","type":"product","link":"https:\/\/nextsnkr.com\/de\/produkt\/air-force-1-mini-swoosh-lime-light-najk-svetytsia-v-temnote\/","title":{"rendered":"Air Force 1 Mini Swoosh Lime Light Sneakers-im Dunkeln leuchtende Lederschuhe"},"content":{"rendered":"<h2>Air Force 1 Mini Swoosh Lime Light Sneakers-im Dunkeln leuchtende Lederschuhe<\/h2>\n<p>&nbsp;<\/p>\n<p>Die Air Force 1 Mini Swoosh Lime Light Sneakers der Marke Nike sind aus hochwertigem Leder gefertigt und zeichnen sich durch einen stilvollen Lime-Farbton aus. Die Besonderheit des Modells ist das Gl\u00fchen des Logos im Dunkeln, was dem Bild Helligkeit und Pers\u00f6nlichkeit verleiht. Eine bequeme Passform und eine robuste Sohle sorgen f\u00fcr Komfort beim t\u00e4glichen Tragen. Die ideale Wahl f\u00fcr diejenigen, die Marke, Qualit\u00e4t, modernes Design und auff\u00e4lligen Stil sch\u00e4tzen.<\/p>\n","protected":false},"excerpt":{"rendered":"<p>Die Air Force 1 Mini Swoosh Lime Light Sneakers der Marke Nike sind aus hochwertigem Leder gefertigt und zeichnen sich durch einen stilvollen Lime-Farbton aus. Die Besonderheit des Modells ist das Gl\u00fchen des Logos im Dunkeln, was dem Bild Helligkeit und Pers\u00f6nlichkeit verleiht. Eine bequeme Passform und eine robuste Sohle sorgen f\u00fcr Komfort beim t\u00e4glichen Tragen. Die ideale Wahl f\u00fcr diejenigen, die Marke, Qualit\u00e4t, modernes Design und auff\u00e4lligen Stil sch\u00e4tzen.<\/p>\n","protected":false},"featured_media":614627,"comment_status":"open","ping_status":"open","template":"","meta":[],"product_brand":[],"product_cat":[3225,3320],"product_tag":[],"class_list":{"0":"post-614626","1":"product","2":"type-product","3":"status-publish","4":"has-post-thumbnail","6":"product_cat-all-product","7":"product_cat-kedy","8":"pa_rozmir-910","9":"pa_rozmir-912","10":"pa_rozmir-914","11":"pa_rozmir-915","12":"pa_rozmir-916","13":"pa_rozmir-917","14":"pa_rozmir-918","15":"pa_rozmir-919","16":"pa_rozmir-920","17":"pa_rozmir-921","18":"pa_rozmir-922","20":"first","21":"onbackorder","22":"purchasable","23":"product-type-variable"},"_links":{"self":[{"href":"https:\/\/nextsnkr.com\/de\/wp-json\/wp\/v2\/product\/614626","targetHints":{"allow":["GET"]}}],"collection":[{"href":"https:\/\/nextsnkr.com\/de\/wp-json\/wp\/v2\/product"}],"about":[{"href":"https:\/\/nextsnkr.com\/de\/wp-json\/wp\/v2\/types\/product"}],"replies":[{"embeddable":true,"href":"https:\/\/nextsnkr.com\/de\/wp-json\/wp\/v2\/comments?post=614626"}],"version-history":[{"count":0,"href":"https:\/\/nextsnkr.com\/de\/wp-json\/wp\/v2\/product\/614626\/revisions"}],"wp:featuredmedia":[{"embeddable":true,"href":"https:\/\/nextsnkr.com\/de\/wp-json\/wp\/v2\/media\/614627"}],"wp:attachment":[{"href":"https:\/\/nextsnkr.com\/de\/wp-json\/wp\/v2\/media?parent=614626"}],"wp:term":[{"taxonomy":"product_brand","embeddable":true,"href":"https:\/\/nextsnkr.com\/de\/wp-json\/wp\/v2\/product_brand?post=614626"},{"taxonomy":"product_cat","embeddable":true,"href":"https:\/\/nextsnkr.com\/de\/wp-json\/wp\/v2\/product_cat?post=614626"},{"taxonomy":"product_tag","embeddable":true,"href":"https:\/\/nextsnkr.com\/de\/wp-json\/wp\/v2\/product_tag?post=614626"}],"curies":[{"name":"wp","href":"https:\/\/api.w.org\/{rel}","templated":true}]}}