{"id":614234,"date":"2025-06-13T11:00:25","date_gmt":"2025-06-13T08:00:25","guid":{"rendered":"https:\/\/nextsnkr.com\/product\/nike-air-force-low-khaki\/"},"modified":"2026-01-29T12:58:55","modified_gmt":"2026-01-29T09:58:55","slug":"nike-air-force-low-khaki","status":"publish","type":"product","link":"https:\/\/nextsnkr.com\/de\/produkt\/nike-air-force-low-khaki\/","title":{"rendered":"Nike Air Force Low Khaki Lederschuhe f\u00fcr Herren-stilvoll und langlebig"},"content":{"rendered":"<h2>Nike Air Force Low Khaki Lederschuhe f\u00fcr Herren-stilvoll und langlebig<\/h2>\n<p>&nbsp;<\/p>\n<p>Nike Air Force Low Khaki Sneakers sind ein klassisches Modell in einer trendigen Olivenfarbe. Echtes Leder sorgt f\u00fcr Langlebigkeit, Komfort und Zuverl\u00e4ssigkeit im t\u00e4glichen Tragen. Die hochwertige Schneiderei und das erkennbare Air Force-Design machen dieses Paar vielseitig f\u00fcr urbane Looks. Die in Vietnam hergestellten Sneakers garantieren eine hervorragende Passform und Komfort f\u00fcr jeden Tag.<\/p>\n","protected":false},"excerpt":{"rendered":"<p>Nike Air Force Low Khaki Sneakers sind ein klassisches Modell in einer trendigen Olivenfarbe. Echtes Leder sorgt f\u00fcr Langlebigkeit, Komfort und Zuverl\u00e4ssigkeit im t\u00e4glichen Tragen. Die hochwertige Schneiderei und das erkennbare Air Force-Design machen dieses Paar vielseitig f\u00fcr urbane Looks. Die in Vietnam hergestellten Sneakers garantieren eine hervorragende Passform und Komfort f\u00fcr jeden Tag.<\/p>\n","protected":false},"featured_media":614239,"comment_status":"open","ping_status":"open","template":"","meta":[],"product_brand":[],"product_cat":[3225,3320],"product_tag":[],"class_list":{"0":"post-614234","1":"product","2":"type-product","3":"status-publish","4":"has-post-thumbnail","6":"product_cat-all-product","7":"product_cat-kedy","8":"pa_rozmir-910","9":"pa_rozmir-912","10":"pa_rozmir-914","11":"pa_rozmir-915","12":"pa_rozmir-916","13":"pa_rozmir-917","14":"pa_rozmir-918","15":"pa_rozmir-919","16":"pa_rozmir-920","17":"pa_rozmir-921","18":"pa_rozmir-922","20":"first","21":"onbackorder","22":"purchasable","23":"product-type-variable"},"_links":{"self":[{"href":"https:\/\/nextsnkr.com\/de\/wp-json\/wp\/v2\/product\/614234","targetHints":{"allow":["GET"]}}],"collection":[{"href":"https:\/\/nextsnkr.com\/de\/wp-json\/wp\/v2\/product"}],"about":[{"href":"https:\/\/nextsnkr.com\/de\/wp-json\/wp\/v2\/types\/product"}],"replies":[{"embeddable":true,"href":"https:\/\/nextsnkr.com\/de\/wp-json\/wp\/v2\/comments?post=614234"}],"version-history":[{"count":0,"href":"https:\/\/nextsnkr.com\/de\/wp-json\/wp\/v2\/product\/614234\/revisions"}],"wp:featuredmedia":[{"embeddable":true,"href":"https:\/\/nextsnkr.com\/de\/wp-json\/wp\/v2\/media\/614239"}],"wp:attachment":[{"href":"https:\/\/nextsnkr.com\/de\/wp-json\/wp\/v2\/media?parent=614234"}],"wp:term":[{"taxonomy":"product_brand","embeddable":true,"href":"https:\/\/nextsnkr.com\/de\/wp-json\/wp\/v2\/product_brand?post=614234"},{"taxonomy":"product_cat","embeddable":true,"href":"https:\/\/nextsnkr.com\/de\/wp-json\/wp\/v2\/product_cat?post=614234"},{"taxonomy":"product_tag","embeddable":true,"href":"https:\/\/nextsnkr.com\/de\/wp-json\/wp\/v2\/product_tag?post=614234"}],"curies":[{"name":"wp","href":"https:\/\/api.w.org\/{rel}","templated":true}]}}