{"id":611620,"date":"2025-06-23T08:42:34","date_gmt":"2025-06-23T05:42:34","guid":{"rendered":"https:\/\/nextsnkr.com\/product\/x-wales-bonner-silver\/"},"modified":"2026-01-29T12:57:07","modified_gmt":"2026-01-29T09:57:07","slug":"x-wales-bonner-silver","status":"publish","type":"product","link":"https:\/\/nextsnkr.com\/de\/produkt\/x-wales-bonner-silver\/","title":{"rendered":"Die X Wales Bonner Silver Sneakers aus Lackleder sorgen f\u00fcr einen stilvollen Look"},"content":{"rendered":"<h2>Die X Wales Bonner Silver Sneakers aus Lackleder sorgen f\u00fcr einen stilvollen Look<\/h2>\n<p>&nbsp;<\/p>\n<p>Die X Wales Bonner Silver Sneakers der Marke Wales Bonner sind aus hochwertigem Lackleder gefertigt, das eine Strapazierf\u00e4higkeit und ein elegantes Aussehen garantiert. Diese stilvollen Sneakers sind perfekt f\u00fcr den Alltag und besondere Anl\u00e4sse geeignet und kombinieren Komfort und Premium-Design. Die moderne silberne Farbe verleiht Pers\u00f6nlichkeit und l\u00e4sst sich leicht mit jedem Kleiderschrank kombinieren, wodurch Ihr Bild hell und eing\u00e4ngig wird.<\/p>\n","protected":false},"excerpt":{"rendered":"<p>Die X Wales Bonner Silver Sneakers der Marke Wales Bonner sind aus hochwertigem Lackleder gefertigt, das eine Strapazierf\u00e4higkeit und ein elegantes Aussehen garantiert. Diese stilvollen Sneakers sind perfekt f\u00fcr den Alltag und besondere Anl\u00e4sse geeignet und kombinieren Komfort und Premium-Design. Die moderne silberne Farbe verleiht Pers\u00f6nlichkeit und l\u00e4sst sich leicht mit jedem Kleiderschrank kombinieren, wodurch Ihr Bild hell und eing\u00e4ngig wird.<\/p>\n","protected":false},"featured_media":611621,"comment_status":"open","ping_status":"open","template":"","meta":[],"product_brand":[],"product_cat":[3225,3320],"product_tag":[],"class_list":{"0":"post-611620","1":"product","2":"type-product","3":"status-publish","4":"has-post-thumbnail","6":"product_cat-all-product","7":"product_cat-kedy","8":"pa_rozmir-910","9":"pa_rozmir-912","10":"pa_rozmir-914","11":"pa_rozmir-915","12":"pa_rozmir-916","13":"pa_rozmir-917","14":"pa_rozmir-918","15":"pa_rozmir-919","16":"pa_rozmir-920","17":"pa_rozmir-921","18":"pa_rozmir-922","20":"first","21":"onbackorder","22":"purchasable","23":"product-type-variable"},"_links":{"self":[{"href":"https:\/\/nextsnkr.com\/de\/wp-json\/wp\/v2\/product\/611620","targetHints":{"allow":["GET"]}}],"collection":[{"href":"https:\/\/nextsnkr.com\/de\/wp-json\/wp\/v2\/product"}],"about":[{"href":"https:\/\/nextsnkr.com\/de\/wp-json\/wp\/v2\/types\/product"}],"replies":[{"embeddable":true,"href":"https:\/\/nextsnkr.com\/de\/wp-json\/wp\/v2\/comments?post=611620"}],"version-history":[{"count":0,"href":"https:\/\/nextsnkr.com\/de\/wp-json\/wp\/v2\/product\/611620\/revisions"}],"wp:featuredmedia":[{"embeddable":true,"href":"https:\/\/nextsnkr.com\/de\/wp-json\/wp\/v2\/media\/611621"}],"wp:attachment":[{"href":"https:\/\/nextsnkr.com\/de\/wp-json\/wp\/v2\/media?parent=611620"}],"wp:term":[{"taxonomy":"product_brand","embeddable":true,"href":"https:\/\/nextsnkr.com\/de\/wp-json\/wp\/v2\/product_brand?post=611620"},{"taxonomy":"product_cat","embeddable":true,"href":"https:\/\/nextsnkr.com\/de\/wp-json\/wp\/v2\/product_cat?post=611620"},{"taxonomy":"product_tag","embeddable":true,"href":"https:\/\/nextsnkr.com\/de\/wp-json\/wp\/v2\/product_tag?post=611620"}],"curies":[{"name":"wp","href":"https:\/\/api.w.org\/{rel}","templated":true}]}}