{"id":608851,"date":"2025-06-13T12:28:13","date_gmt":"2025-06-13T09:28:13","guid":{"rendered":"https:\/\/nextsnkr.com\/product\/yeezy-boost-700-v1-wave-runner-pink-kaws\/"},"modified":"2026-01-29T12:55:24","modified_gmt":"2026-01-29T09:55:24","slug":"yeezy-boost-700-v1-wave-runner-pink-kaws","status":"publish","type":"product","link":"https:\/\/nextsnkr.com\/de\/produkt\/yeezy-boost-700-v1-wave-runner-pink-kaws\/","title":{"rendered":"Yeezy Boost 700 V1 Wave Runner Pink Kaws Sneakers-Stil und Komfort"},"content":{"rendered":"<h2>Yeezy Boost 700 V1 Wave Runner Pink Kaws Sneakers-Stil und Komfort<\/h2>\n<p>&nbsp;<\/p>\n<p>Die Yeezy Boost 700 V1 Wave Runner Pink Kaws Sneakers kombinieren erkennbares Design, moderne Materialien und hervorragende D\u00e4mpfung. Die Kombination aus Wildleder und atmungsaktiven Textilien sorgt f\u00fcr Komfort und Verschlei\u00dffestigkeit, w\u00e4hrend helle Akzente zu einem einzigartigen Stil beitragen. Das Modell wurde f\u00fcr den aktiven st\u00e4dtischen Gebrauch entwickelt, gibt einen weichen Schritt und sieht in jedem Bild spektakul\u00e4r aus. Hergestellt in China, werden diese Turnschuhe zu einer trendigen Wahl f\u00fcr Kenner origineller Schuhe.<\/p>\n","protected":false},"excerpt":{"rendered":"<p>Die Yeezy Boost 700 V1 Wave Runner Pink Kaws Sneakers kombinieren erkennbares Design, moderne Materialien und hervorragende D\u00e4mpfung. Die Kombination aus Wildleder und atmungsaktiven Textilien sorgt f\u00fcr Komfort und Verschlei\u00dffestigkeit, w\u00e4hrend helle Akzente zu einem einzigartigen Stil beitragen. Das Modell wurde f\u00fcr den aktiven st\u00e4dtischen Gebrauch entwickelt, gibt einen weichen Schritt und sieht in jedem Bild spektakul\u00e4r aus. Hergestellt in China, werden diese Turnschuhe zu einer trendigen Wahl f\u00fcr Kenner origineller Schuhe.<\/p>\n","protected":false},"featured_media":608852,"comment_status":"open","ping_status":"open","template":"","meta":[],"product_brand":[],"product_cat":[3398,3225,3226],"product_tag":[],"class_list":{"0":"post-608851","1":"product","2":"type-product","3":"status-publish","4":"has-post-thumbnail","6":"product_cat-adidas-yeezy","7":"product_cat-all-product","8":"product_cat-krosivky","9":"pa_rozmir-910","10":"pa_rozmir-912","11":"pa_rozmir-914","12":"pa_rozmir-915","13":"pa_rozmir-916","14":"pa_rozmir-917","15":"pa_rozmir-918","16":"pa_rozmir-919","17":"pa_rozmir-920","18":"pa_rozmir-921","19":"pa_rozmir-922","21":"first","22":"instock","23":"purchasable","24":"product-type-variable"},"_links":{"self":[{"href":"https:\/\/nextsnkr.com\/de\/wp-json\/wp\/v2\/product\/608851","targetHints":{"allow":["GET"]}}],"collection":[{"href":"https:\/\/nextsnkr.com\/de\/wp-json\/wp\/v2\/product"}],"about":[{"href":"https:\/\/nextsnkr.com\/de\/wp-json\/wp\/v2\/types\/product"}],"replies":[{"embeddable":true,"href":"https:\/\/nextsnkr.com\/de\/wp-json\/wp\/v2\/comments?post=608851"}],"version-history":[{"count":0,"href":"https:\/\/nextsnkr.com\/de\/wp-json\/wp\/v2\/product\/608851\/revisions"}],"wp:featuredmedia":[{"embeddable":true,"href":"https:\/\/nextsnkr.com\/de\/wp-json\/wp\/v2\/media\/608852"}],"wp:attachment":[{"href":"https:\/\/nextsnkr.com\/de\/wp-json\/wp\/v2\/media?parent=608851"}],"wp:term":[{"taxonomy":"product_brand","embeddable":true,"href":"https:\/\/nextsnkr.com\/de\/wp-json\/wp\/v2\/product_brand?post=608851"},{"taxonomy":"product_cat","embeddable":true,"href":"https:\/\/nextsnkr.com\/de\/wp-json\/wp\/v2\/product_cat?post=608851"},{"taxonomy":"product_tag","embeddable":true,"href":"https:\/\/nextsnkr.com\/de\/wp-json\/wp\/v2\/product_tag?post=608851"}],"curies":[{"name":"wp","href":"https:\/\/api.w.org\/{rel}","templated":true}]}}