{"id":608539,"date":"2025-06-14T21:28:26","date_gmt":"2025-06-14T18:28:26","guid":{"rendered":"https:\/\/nextsnkr.com\/product\/yeezy-700-v3-safflower\/"},"modified":"2026-01-29T12:55:16","modified_gmt":"2026-01-29T09:55:16","slug":"yeezy-700-v3-safflower","status":"publish","type":"product","link":"https:\/\/nextsnkr.com\/de\/produkt\/yeezy-700-v3-safflower\/","title":{"rendered":"Yeezy 700 V3 Safflower Sneaker-Stilvolle Sneaker aus Textil und Mesh"},"content":{"rendered":"<h2>Yeezy 700 V3 Safflower Sneaker-Stilvolle Sneaker aus Textil und Mesh<\/h2>\n<p>&nbsp;<\/p>\n<p>Die Yeezy 700 V3 Safflower Sneaker sind ein Premium-Modell f\u00fcr einen modernen urbanen und sportlichen Stil. Die Kombination aus Textil, Mesh und einer robusten Gummisohle sorgt f\u00fcr Komfort, Bel\u00fcftung und zuverl\u00e4ssige D\u00e4mpfung beim Tragen. Ein heller Safflower-Farbton verleiht dem Bild Einzigartigkeit und unterstreicht den individuellen Stil. Hergestellt in Vietnam, zeichnen sich diese Turnschuhe durch ihre Haltbarkeit und hohe Verarbeitungsqualit\u00e4t aus. W\u00e4hlen Sie den Yeezy 700 V3-eine Kombination aus modernem Design, Komfort und Premium-Stil.<\/p>\n","protected":false},"excerpt":{"rendered":"<p>Die Yeezy 700 V3 Safflower Sneaker sind ein Premium-Modell f\u00fcr einen modernen urbanen und sportlichen Stil. Die Kombination aus Textil, Mesh und einer robusten Gummisohle sorgt f\u00fcr Komfort, Bel\u00fcftung und zuverl\u00e4ssige D\u00e4mpfung beim Tragen. Ein heller Safflower-Farbton verleiht dem Bild Einzigartigkeit und unterstreicht den individuellen Stil. Hergestellt in Vietnam, zeichnen sich diese Turnschuhe durch ihre Haltbarkeit und hohe Verarbeitungsqualit\u00e4t aus. W\u00e4hlen Sie den Yeezy 700 V3-eine Kombination aus modernem Design, Komfort und Premium-Stil.<\/p>\n","protected":false},"featured_media":608540,"comment_status":"open","ping_status":"open","template":"","meta":[],"product_brand":[],"product_cat":[3398,3225,3226],"product_tag":[],"class_list":{"0":"post-608539","1":"product","2":"type-product","3":"status-publish","4":"has-post-thumbnail","6":"product_cat-adidas-yeezy","7":"product_cat-all-product","8":"product_cat-krosivky","9":"pa_rozmir-910","10":"pa_rozmir-912","11":"pa_rozmir-914","12":"pa_rozmir-915","13":"pa_rozmir-916","14":"pa_rozmir-917","15":"pa_rozmir-918","16":"pa_rozmir-919","17":"pa_rozmir-920","18":"pa_rozmir-921","19":"pa_rozmir-922","21":"first","22":"instock","23":"purchasable","24":"product-type-variable"},"_links":{"self":[{"href":"https:\/\/nextsnkr.com\/de\/wp-json\/wp\/v2\/product\/608539","targetHints":{"allow":["GET"]}}],"collection":[{"href":"https:\/\/nextsnkr.com\/de\/wp-json\/wp\/v2\/product"}],"about":[{"href":"https:\/\/nextsnkr.com\/de\/wp-json\/wp\/v2\/types\/product"}],"replies":[{"embeddable":true,"href":"https:\/\/nextsnkr.com\/de\/wp-json\/wp\/v2\/comments?post=608539"}],"version-history":[{"count":0,"href":"https:\/\/nextsnkr.com\/de\/wp-json\/wp\/v2\/product\/608539\/revisions"}],"wp:featuredmedia":[{"embeddable":true,"href":"https:\/\/nextsnkr.com\/de\/wp-json\/wp\/v2\/media\/608540"}],"wp:attachment":[{"href":"https:\/\/nextsnkr.com\/de\/wp-json\/wp\/v2\/media?parent=608539"}],"wp:term":[{"taxonomy":"product_brand","embeddable":true,"href":"https:\/\/nextsnkr.com\/de\/wp-json\/wp\/v2\/product_brand?post=608539"},{"taxonomy":"product_cat","embeddable":true,"href":"https:\/\/nextsnkr.com\/de\/wp-json\/wp\/v2\/product_cat?post=608539"},{"taxonomy":"product_tag","embeddable":true,"href":"https:\/\/nextsnkr.com\/de\/wp-json\/wp\/v2\/product_tag?post=608539"}],"curies":[{"name":"wp","href":"https:\/\/api.w.org\/{rel}","templated":true}]}}