{"id":608216,"date":"2025-06-13T12:49:54","date_gmt":"2025-06-13T09:49:54","guid":{"rendered":"https:\/\/nextsnkr.com\/product\/ugg-mini-black-leather-no-logo\/"},"modified":"2026-01-29T12:55:07","modified_gmt":"2026-01-29T09:55:07","slug":"ugg-mini-black-leather-no-logo","status":"publish","type":"product","link":"https:\/\/nextsnkr.com\/de\/produkt\/ugg-mini-black-leather-no-logo\/","title":{"rendered":"Ugg Boots UGG Mini Black Leather No Logo Damen schwarzes Leder"},"content":{"rendered":"<h2>Ugg Boots UGG Mini Black Leather No Logo Damen schwarzes Leder<\/h2>\n<p>&nbsp;<\/p>\n<p>Uggs Ugg Mini Black Leather No Logo sind stilvolle Winterstiefel ohne Logos f\u00fcr diejenigen, die Minimalismus und Qualit\u00e4t sch\u00e4tzen. Sie sind aus echtem Leder gefertigt und mit weichem Fleece isoliert und bieten W\u00e4rme, Komfort und Schutz bei kaltem Wetter. Die klassische schwarze Farbe l\u00e4sst sich leicht mit jeder Art und Weise kombinieren. Diese Uggs wurden in China hergestellt und zeichnen sich durch Langlebigkeit und Bequemlichkeit f\u00fcr den t\u00e4glichen st\u00e4dtischen Gebrauch aus. Eine ideale Wahl f\u00fcr den Winter.<\/p>\n","protected":false},"excerpt":{"rendered":"<p>Uggs Ugg Mini Black Leather No Logo sind stilvolle Winterstiefel ohne Logos f\u00fcr diejenigen, die Minimalismus und Qualit\u00e4t sch\u00e4tzen. Sie sind aus echtem Leder gefertigt und mit weichem Fleece isoliert und bieten W\u00e4rme, Komfort und Schutz bei kaltem Wetter. Die klassische schwarze Farbe l\u00e4sst sich leicht mit jeder Art und Weise kombinieren. Diese Uggs wurden in China hergestellt und zeichnen sich durch Langlebigkeit und Bequemlichkeit f\u00fcr den t\u00e4glichen st\u00e4dtischen Gebrauch aus. Eine ideale Wahl f\u00fcr den Winter.<\/p>\n","protected":false},"featured_media":608220,"comment_status":"open","ping_status":"open","template":"","meta":[],"product_brand":[],"product_cat":[3409,3225],"product_tag":[],"class_list":{"0":"post-608216","1":"product","2":"type-product","3":"status-publish","4":"has-post-thumbnail","6":"product_cat-ugg","7":"product_cat-all-product","8":"pa_rozmir-910","9":"pa_rozmir-912","10":"pa_rozmir-914","11":"pa_rozmir-915","12":"pa_rozmir-916","13":"pa_rozmir-917","14":"pa_rozmir-918","15":"pa_rozmir-919","16":"pa_rozmir-920","17":"pa_rozmir-921","18":"pa_rozmir-922","20":"first","21":"instock","22":"purchasable","23":"product-type-variable"},"_links":{"self":[{"href":"https:\/\/nextsnkr.com\/de\/wp-json\/wp\/v2\/product\/608216","targetHints":{"allow":["GET"]}}],"collection":[{"href":"https:\/\/nextsnkr.com\/de\/wp-json\/wp\/v2\/product"}],"about":[{"href":"https:\/\/nextsnkr.com\/de\/wp-json\/wp\/v2\/types\/product"}],"replies":[{"embeddable":true,"href":"https:\/\/nextsnkr.com\/de\/wp-json\/wp\/v2\/comments?post=608216"}],"version-history":[{"count":0,"href":"https:\/\/nextsnkr.com\/de\/wp-json\/wp\/v2\/product\/608216\/revisions"}],"wp:featuredmedia":[{"embeddable":true,"href":"https:\/\/nextsnkr.com\/de\/wp-json\/wp\/v2\/media\/608220"}],"wp:attachment":[{"href":"https:\/\/nextsnkr.com\/de\/wp-json\/wp\/v2\/media?parent=608216"}],"wp:term":[{"taxonomy":"product_brand","embeddable":true,"href":"https:\/\/nextsnkr.com\/de\/wp-json\/wp\/v2\/product_brand?post=608216"},{"taxonomy":"product_cat","embeddable":true,"href":"https:\/\/nextsnkr.com\/de\/wp-json\/wp\/v2\/product_cat?post=608216"},{"taxonomy":"product_tag","embeddable":true,"href":"https:\/\/nextsnkr.com\/de\/wp-json\/wp\/v2\/product_tag?post=608216"}],"curies":[{"name":"wp","href":"https:\/\/api.w.org\/{rel}","templated":true}]}}