{"id":606488,"date":"2025-06-14T15:48:39","date_gmt":"2025-06-14T12:48:39","guid":{"rendered":"https:\/\/nextsnkr.com\/product\/hermes-slippers-teddy-brown\/"},"modified":"2026-01-29T12:54:09","modified_gmt":"2026-01-29T09:54:09","slug":"hermes-slippers-teddy-brown","status":"publish","type":"product","link":"https:\/\/nextsnkr.com\/de\/produkt\/hermes-slippers-teddy-brown\/","title":{"rendered":"Hermes Slippers Teddy Brown Hausschuhe &#8211; Weiche Pelz-Hausschuhe"},"content":{"rendered":"<h2>Hermes Slippers Teddy Brown Hausschuhe &#8211; Weiche Pelz-Hausschuhe<\/h2>\n<p>&nbsp;<\/p>\n<p>Die Hermes Slippers Teddy Brown sind aus weichem und warmem Fell gefertigt und sorgen f\u00fcr Komfort und Gem\u00fctlichkeit zu Hause. Das Modell kombiniert ein stilvolles Design und eine bequeme Form f\u00fcr den t\u00e4glichen Gebrauch. Die Produktion in Frankreich (eigentlich China) garantiert ein attraktives Aussehen und Praktikabilit\u00e4t. Die ideale Wahl f\u00fcr diejenigen, die Komfort, Eleganz und warme Wohnaccessoires im Premium-Stil sch\u00e4tzen.<\/p>\n","protected":false},"excerpt":{"rendered":"<p>Die Hermes Slippers Teddy Brown sind aus weichem und warmem Fell gefertigt und sorgen f\u00fcr Komfort und Gem\u00fctlichkeit zu Hause. Das Modell kombiniert ein stilvolles Design und eine bequeme Form f\u00fcr den t\u00e4glichen Gebrauch. Die Produktion in Frankreich (eigentlich China) garantiert ein attraktives Aussehen und Praktikabilit\u00e4t. Die ideale Wahl f\u00fcr diejenigen, die Komfort, Eleganz und warme Wohnaccessoires im Premium-Stil sch\u00e4tzen.<\/p>\n","protected":false},"featured_media":606489,"comment_status":"open","ping_status":"open","template":"","meta":[],"product_brand":[],"product_cat":[3225,3422],"product_tag":[],"class_list":{"0":"post-606488","1":"product","2":"type-product","3":"status-publish","4":"has-post-thumbnail","6":"product_cat-all-product","7":"product_cat-shlopantsi","8":"pa_rozmir-910","9":"pa_rozmir-912","10":"pa_rozmir-914","11":"pa_rozmir-915","12":"pa_rozmir-916","13":"pa_rozmir-917","14":"pa_rozmir-918","15":"pa_rozmir-919","16":"pa_rozmir-920","17":"pa_rozmir-921","18":"pa_rozmir-922","20":"first","21":"instock","22":"purchasable","23":"product-type-variable"},"_links":{"self":[{"href":"https:\/\/nextsnkr.com\/de\/wp-json\/wp\/v2\/product\/606488","targetHints":{"allow":["GET"]}}],"collection":[{"href":"https:\/\/nextsnkr.com\/de\/wp-json\/wp\/v2\/product"}],"about":[{"href":"https:\/\/nextsnkr.com\/de\/wp-json\/wp\/v2\/types\/product"}],"replies":[{"embeddable":true,"href":"https:\/\/nextsnkr.com\/de\/wp-json\/wp\/v2\/comments?post=606488"}],"version-history":[{"count":0,"href":"https:\/\/nextsnkr.com\/de\/wp-json\/wp\/v2\/product\/606488\/revisions"}],"wp:featuredmedia":[{"embeddable":true,"href":"https:\/\/nextsnkr.com\/de\/wp-json\/wp\/v2\/media\/606489"}],"wp:attachment":[{"href":"https:\/\/nextsnkr.com\/de\/wp-json\/wp\/v2\/media?parent=606488"}],"wp:term":[{"taxonomy":"product_brand","embeddable":true,"href":"https:\/\/nextsnkr.com\/de\/wp-json\/wp\/v2\/product_brand?post=606488"},{"taxonomy":"product_cat","embeddable":true,"href":"https:\/\/nextsnkr.com\/de\/wp-json\/wp\/v2\/product_cat?post=606488"},{"taxonomy":"product_tag","embeddable":true,"href":"https:\/\/nextsnkr.com\/de\/wp-json\/wp\/v2\/product_tag?post=606488"}],"curies":[{"name":"wp","href":"https:\/\/api.w.org\/{rel}","templated":true}]}}