{"id":604031,"date":"2025-06-13T09:18:07","date_gmt":"2025-06-13T06:18:07","guid":{"rendered":"https:\/\/nextsnkr.com\/product\/adidas-nitebal-white-gum\/"},"modified":"2026-01-29T12:52:43","modified_gmt":"2026-01-29T09:52:43","slug":"adidas-nitebal-white-gum","status":"publish","type":"product","link":"https:\/\/nextsnkr.com\/de\/produkt\/adidas-nitebal-white-gum\/","title":{"rendered":"Adidas nitebal White Gum Leder Sneaker f\u00fcr den t\u00e4glichen Verschlei\u00df"},"content":{"rendered":"<h2>Adidas nitebal White Gum Leder Sneaker f\u00fcr den t\u00e4glichen Verschlei\u00df<\/h2>\n<p>&nbsp;<\/p>\n<p>Die Adidas Nitebal White Gum Sneakers sind aus hochwertigem Leder f\u00fcr Komfort und Haltbarkeit gefertigt. Die Marke Adidas garantiert stilvolles Design und Zuverl\u00e4ssigkeit. Die helle wei\u00dfe Farbe mit einer Gummisohle verleiht ein modernes Aussehen und eignet sich f\u00fcr den t\u00e4glichen Gebrauch. Ideal f\u00fcr einen aktiven Lebensstil, kombinieren diese Turnschuhe Stil, Komfort und Praktikabilit\u00e4t und unterstreichen die Individualit\u00e4t jedes Schrittes.<\/p>\n","protected":false},"excerpt":{"rendered":"<p>Die Adidas Nitebal White Gum Sneakers sind aus hochwertigem Leder f\u00fcr Komfort und Haltbarkeit gefertigt. Die Marke Adidas garantiert stilvolles Design und Zuverl\u00e4ssigkeit. Die helle wei\u00dfe Farbe mit einer Gummisohle verleiht ein modernes Aussehen und eignet sich f\u00fcr den t\u00e4glichen Gebrauch. Ideal f\u00fcr einen aktiven Lebensstil, kombinieren diese Turnschuhe Stil, Komfort und Praktikabilit\u00e4t und unterstreichen die Individualit\u00e4t jedes Schrittes.<\/p>\n","protected":false},"featured_media":604033,"comment_status":"open","ping_status":"open","template":"","meta":[],"product_brand":[],"product_cat":[3225,3226],"product_tag":[],"class_list":{"0":"post-604031","1":"product","2":"type-product","3":"status-publish","4":"has-post-thumbnail","6":"product_cat-all-product","7":"product_cat-krosivky","8":"pa_rozmir-910","9":"pa_rozmir-912","10":"pa_rozmir-914","11":"pa_rozmir-915","12":"pa_rozmir-916","13":"pa_rozmir-917","14":"pa_rozmir-918","15":"pa_rozmir-919","16":"pa_rozmir-920","17":"pa_rozmir-921","18":"pa_rozmir-922","20":"first","21":"instock","22":"purchasable","23":"product-type-variable"},"_links":{"self":[{"href":"https:\/\/nextsnkr.com\/de\/wp-json\/wp\/v2\/product\/604031","targetHints":{"allow":["GET"]}}],"collection":[{"href":"https:\/\/nextsnkr.com\/de\/wp-json\/wp\/v2\/product"}],"about":[{"href":"https:\/\/nextsnkr.com\/de\/wp-json\/wp\/v2\/types\/product"}],"replies":[{"embeddable":true,"href":"https:\/\/nextsnkr.com\/de\/wp-json\/wp\/v2\/comments?post=604031"}],"version-history":[{"count":0,"href":"https:\/\/nextsnkr.com\/de\/wp-json\/wp\/v2\/product\/604031\/revisions"}],"wp:featuredmedia":[{"embeddable":true,"href":"https:\/\/nextsnkr.com\/de\/wp-json\/wp\/v2\/media\/604033"}],"wp:attachment":[{"href":"https:\/\/nextsnkr.com\/de\/wp-json\/wp\/v2\/media?parent=604031"}],"wp:term":[{"taxonomy":"product_brand","embeddable":true,"href":"https:\/\/nextsnkr.com\/de\/wp-json\/wp\/v2\/product_brand?post=604031"},{"taxonomy":"product_cat","embeddable":true,"href":"https:\/\/nextsnkr.com\/de\/wp-json\/wp\/v2\/product_cat?post=604031"},{"taxonomy":"product_tag","embeddable":true,"href":"https:\/\/nextsnkr.com\/de\/wp-json\/wp\/v2\/product_tag?post=604031"}],"curies":[{"name":"wp","href":"https:\/\/api.w.org\/{rel}","templated":true}]}}