{"id":603472,"date":"2025-06-18T21:46:07","date_gmt":"2025-06-18T18:46:07","guid":{"rendered":"https:\/\/nextsnkr.com\/product\/prada-re-nylon-bryshed-white\/"},"modified":"2026-01-29T12:52:34","modified_gmt":"2026-01-29T09:52:34","slug":"prada-re-nylon-bryshed-white","status":"publish","type":"product","link":"https:\/\/nextsnkr.com\/de\/produkt\/prada-re-nylon-bryshed-white\/","title":{"rendered":"Prada Re-Nylon Bryshed White Sneakers-Leder und Wildleder, Premium-Style"},"content":{"rendered":"<h2>Prada Re-Nylon Bryshed White Sneakers-Leder und Wildleder, Premium-Style<\/h2>\n<p>&nbsp;<\/p>\n<p>Die exklusiven Prada Re-Nylon Bryshed White Sneakers kombinieren hochwertiges Leder und Wildleder f\u00fcr maximalen Komfort und Haltbarkeit. Sie sind ideal f\u00fcr das t\u00e4gliche Tragen und schaffen ein stilvolles Bild, sie betonen Ihren Status und Ihren raffinierten Geschmack. Leicht, robust und mit einem Premium-Design werden diese Sneakers zu einer vielseitigen Erg\u00e4nzung der Garderobe und garantieren den ganzen Tag lang Komfort.<\/p>\n","protected":false},"excerpt":{"rendered":"<p>Die exklusiven Prada Re-Nylon Bryshed White Sneakers kombinieren hochwertiges Leder und Wildleder f\u00fcr maximalen Komfort und Haltbarkeit. Sie sind ideal f\u00fcr das t\u00e4gliche Tragen und schaffen ein stilvolles Bild, sie betonen Ihren Status und Ihren raffinierten Geschmack. Leicht, robust und mit einem Premium-Design werden diese Sneakers zu einer vielseitigen Erg\u00e4nzung der Garderobe und garantieren den ganzen Tag lang Komfort.<\/p>\n","protected":false},"featured_media":603484,"comment_status":"open","ping_status":"open","template":"","meta":[],"product_brand":[],"product_cat":[3225,3320],"product_tag":[],"class_list":{"0":"post-603472","1":"product","2":"type-product","3":"status-publish","4":"has-post-thumbnail","6":"product_cat-all-product","7":"product_cat-kedy","8":"pa_rozmir-910","9":"pa_rozmir-912","10":"pa_rozmir-914","11":"pa_rozmir-915","12":"pa_rozmir-916","13":"pa_rozmir-917","14":"pa_rozmir-918","15":"pa_rozmir-919","16":"pa_rozmir-920","17":"pa_rozmir-921","18":"pa_rozmir-922","20":"first","21":"onbackorder","22":"purchasable","23":"product-type-variable"},"_links":{"self":[{"href":"https:\/\/nextsnkr.com\/de\/wp-json\/wp\/v2\/product\/603472","targetHints":{"allow":["GET"]}}],"collection":[{"href":"https:\/\/nextsnkr.com\/de\/wp-json\/wp\/v2\/product"}],"about":[{"href":"https:\/\/nextsnkr.com\/de\/wp-json\/wp\/v2\/types\/product"}],"replies":[{"embeddable":true,"href":"https:\/\/nextsnkr.com\/de\/wp-json\/wp\/v2\/comments?post=603472"}],"version-history":[{"count":0,"href":"https:\/\/nextsnkr.com\/de\/wp-json\/wp\/v2\/product\/603472\/revisions"}],"wp:featuredmedia":[{"embeddable":true,"href":"https:\/\/nextsnkr.com\/de\/wp-json\/wp\/v2\/media\/603484"}],"wp:attachment":[{"href":"https:\/\/nextsnkr.com\/de\/wp-json\/wp\/v2\/media?parent=603472"}],"wp:term":[{"taxonomy":"product_brand","embeddable":true,"href":"https:\/\/nextsnkr.com\/de\/wp-json\/wp\/v2\/product_brand?post=603472"},{"taxonomy":"product_cat","embeddable":true,"href":"https:\/\/nextsnkr.com\/de\/wp-json\/wp\/v2\/product_cat?post=603472"},{"taxonomy":"product_tag","embeddable":true,"href":"https:\/\/nextsnkr.com\/de\/wp-json\/wp\/v2\/product_tag?post=603472"}],"curies":[{"name":"wp","href":"https:\/\/api.w.org\/{rel}","templated":true}]}}