{"id":602070,"date":"2025-06-13T11:04:15","date_gmt":"2025-06-13T08:04:15","guid":{"rendered":"https:\/\/nextsnkr.com\/product\/adidas-yeezy-boost-350-v2-ref-shnurky\/"},"modified":"2026-01-29T12:51:29","modified_gmt":"2026-01-29T09:51:29","slug":"adidas-yeezy-boost-350-v2-ref-shnurky","status":"publish","type":"product","link":"https:\/\/nextsnkr.com\/de\/produkt\/adidas-yeezy-boost-350-v2-ref-shnurky\/","title":{"rendered":"Adidas Yeezy Boost 350 V2 Sneakers mit reflektierenden Schn\u00fcrsenkeln"},"content":{"rendered":"<h2>Adidas Yeezy Boost 350 V2 Sneakers mit reflektierenden Schn\u00fcrsenkeln<\/h2>\n<p>&nbsp;<\/p>\n<p>Die stilvollen Adidas Yeezy Boost 350 V2 Sneaker mit reflektierenden Schn\u00fcrsenkeln sind aus leichtem und atmungsaktivem Textil gefertigt. Dank der weichen Sohle und den hochwertigen Materialien bietet das Modell Komfort beim t\u00e4glichen Tragen. Hergestellt in Vietnam, kombinieren sie modernes Design und hohe Verschlei\u00dffestigkeit. Die ideale Wahl f\u00fcr diejenigen, die trendigen Look und Komfort sch\u00e4tzen.<\/p>\n","protected":false},"excerpt":{"rendered":"<p>Die stilvollen Adidas Yeezy Boost 350 V2 Sneaker mit reflektierenden Schn\u00fcrsenkeln sind aus leichtem und atmungsaktivem Textil gefertigt. Dank der weichen Sohle und den hochwertigen Materialien bietet das Modell Komfort beim t\u00e4glichen Tragen. Hergestellt in Vietnam, kombinieren sie modernes Design und hohe Verschlei\u00dffestigkeit. Die ideale Wahl f\u00fcr diejenigen, die trendigen Look und Komfort sch\u00e4tzen.<\/p>\n","protected":false},"featured_media":602080,"comment_status":"open","ping_status":"open","template":"","meta":[],"product_brand":[],"product_cat":[3398,3225,3226],"product_tag":[],"class_list":{"0":"post-602070","1":"product","2":"type-product","3":"status-publish","4":"has-post-thumbnail","6":"product_cat-adidas-yeezy","7":"product_cat-all-product","8":"product_cat-krosivky","9":"pa_rozmir-910","10":"pa_rozmir-912","11":"pa_rozmir-914","12":"pa_rozmir-915","13":"pa_rozmir-916","14":"pa_rozmir-917","15":"pa_rozmir-918","16":"pa_rozmir-919","17":"pa_rozmir-920","18":"pa_rozmir-921","19":"pa_rozmir-922","21":"first","22":"onbackorder","23":"purchasable","24":"product-type-variable"},"_links":{"self":[{"href":"https:\/\/nextsnkr.com\/de\/wp-json\/wp\/v2\/product\/602070","targetHints":{"allow":["GET"]}}],"collection":[{"href":"https:\/\/nextsnkr.com\/de\/wp-json\/wp\/v2\/product"}],"about":[{"href":"https:\/\/nextsnkr.com\/de\/wp-json\/wp\/v2\/types\/product"}],"replies":[{"embeddable":true,"href":"https:\/\/nextsnkr.com\/de\/wp-json\/wp\/v2\/comments?post=602070"}],"version-history":[{"count":0,"href":"https:\/\/nextsnkr.com\/de\/wp-json\/wp\/v2\/product\/602070\/revisions"}],"wp:featuredmedia":[{"embeddable":true,"href":"https:\/\/nextsnkr.com\/de\/wp-json\/wp\/v2\/media\/602080"}],"wp:attachment":[{"href":"https:\/\/nextsnkr.com\/de\/wp-json\/wp\/v2\/media?parent=602070"}],"wp:term":[{"taxonomy":"product_brand","embeddable":true,"href":"https:\/\/nextsnkr.com\/de\/wp-json\/wp\/v2\/product_brand?post=602070"},{"taxonomy":"product_cat","embeddable":true,"href":"https:\/\/nextsnkr.com\/de\/wp-json\/wp\/v2\/product_cat?post=602070"},{"taxonomy":"product_tag","embeddable":true,"href":"https:\/\/nextsnkr.com\/de\/wp-json\/wp\/v2\/product_tag?post=602070"}],"curies":[{"name":"wp","href":"https:\/\/api.w.org\/{rel}","templated":true}]}}