{"id":601048,"date":"2025-06-14T15:52:57","date_gmt":"2025-06-14T12:52:57","guid":{"rendered":"https:\/\/nextsnkr.com\/product\/hermes-oran-black\/"},"modified":"2026-01-29T12:50:49","modified_gmt":"2026-01-29T09:50:49","slug":"hermes-oran-black","status":"publish","type":"product","link":"https:\/\/nextsnkr.com\/de\/produkt\/hermes-oran-black\/","title":{"rendered":"Hermes Oran Black Hausschuhe &#8211; Schwarze Gummischuhe f\u00fcr M\u00e4nner und Frauen"},"content":{"rendered":"<h2>Hermes Oran Black Hausschuhe &#8211; Schwarze Gummischuhe f\u00fcr M\u00e4nner und Frauen<\/h2>\n<p>&nbsp;<\/p>\n<p>Die Hermes Oran Black Slipper sind ein stilvolles und bequemes Modell aus strapazierf\u00e4higem Gummi, das f\u00fcr den t\u00e4glichen Komfort geschaffen wurde. Dank des leichten Materials sind sie ideal f\u00fcr Zuhause, am Strand oder am Wasser geeignet. Die klassische schwarze Farbe macht die Schuhe vielseitig und l\u00e4sst sich leicht mit jeder Art und Weise kombinieren. Eine ordentliche Produktion sorgt f\u00fcr eine sichere Passform und Haltbarkeit. W\u00e4hlen Sie Hermes Oran Black-praktische Hausschuhe in Kombination mit einem pr\u00e4gnanten Design.<\/p>\n","protected":false},"excerpt":{"rendered":"<p>Die Hermes Oran Black Slipper sind ein stilvolles und bequemes Modell aus strapazierf\u00e4higem Gummi, das f\u00fcr den t\u00e4glichen Komfort geschaffen wurde. Dank des leichten Materials sind sie ideal f\u00fcr Zuhause, am Strand oder am Wasser geeignet. Die klassische schwarze Farbe macht die Schuhe vielseitig und l\u00e4sst sich leicht mit jeder Art und Weise kombinieren. Eine ordentliche Produktion sorgt f\u00fcr eine sichere Passform und Haltbarkeit. W\u00e4hlen Sie Hermes Oran Black-praktische Hausschuhe in Kombination mit einem pr\u00e4gnanten Design.<\/p>\n","protected":false},"featured_media":601053,"comment_status":"open","ping_status":"open","template":"","meta":[],"product_brand":[],"product_cat":[3225,3422],"product_tag":[],"class_list":{"0":"post-601048","1":"product","2":"type-product","3":"status-publish","4":"has-post-thumbnail","6":"product_cat-all-product","7":"product_cat-shlopantsi","8":"pa_rozmir-910","9":"pa_rozmir-912","10":"pa_rozmir-914","11":"pa_rozmir-915","12":"pa_rozmir-916","13":"pa_rozmir-917","14":"pa_rozmir-918","15":"pa_rozmir-919","16":"pa_rozmir-920","17":"pa_rozmir-921","18":"pa_rozmir-922","20":"first","21":"instock","22":"purchasable","23":"product-type-variable"},"_links":{"self":[{"href":"https:\/\/nextsnkr.com\/de\/wp-json\/wp\/v2\/product\/601048","targetHints":{"allow":["GET"]}}],"collection":[{"href":"https:\/\/nextsnkr.com\/de\/wp-json\/wp\/v2\/product"}],"about":[{"href":"https:\/\/nextsnkr.com\/de\/wp-json\/wp\/v2\/types\/product"}],"replies":[{"embeddable":true,"href":"https:\/\/nextsnkr.com\/de\/wp-json\/wp\/v2\/comments?post=601048"}],"version-history":[{"count":0,"href":"https:\/\/nextsnkr.com\/de\/wp-json\/wp\/v2\/product\/601048\/revisions"}],"wp:featuredmedia":[{"embeddable":true,"href":"https:\/\/nextsnkr.com\/de\/wp-json\/wp\/v2\/media\/601053"}],"wp:attachment":[{"href":"https:\/\/nextsnkr.com\/de\/wp-json\/wp\/v2\/media?parent=601048"}],"wp:term":[{"taxonomy":"product_brand","embeddable":true,"href":"https:\/\/nextsnkr.com\/de\/wp-json\/wp\/v2\/product_brand?post=601048"},{"taxonomy":"product_cat","embeddable":true,"href":"https:\/\/nextsnkr.com\/de\/wp-json\/wp\/v2\/product_cat?post=601048"},{"taxonomy":"product_tag","embeddable":true,"href":"https:\/\/nextsnkr.com\/de\/wp-json\/wp\/v2\/product_tag?post=601048"}],"curies":[{"name":"wp","href":"https:\/\/api.w.org\/{rel}","templated":true}]}}