{"id":598316,"date":"2025-06-16T22:01:11","date_gmt":"2025-06-16T19:01:11","guid":{"rendered":"https:\/\/nextsnkr.com\/product\/nike-air-jordan-1-white-black-red-royal-mekh\/"},"modified":"2026-01-29T12:49:25","modified_gmt":"2026-01-29T09:49:25","slug":"nike-air-jordan-1-white-black-red-royal-mekh","status":"publish","type":"product","link":"https:\/\/nextsnkr.com\/de\/produkt\/nike-air-jordan-1-white-black-red-royal-mekh\/","title":{"rendered":"Nike Air Jordan Sneakers 1 White Black Red Royal-mit warmem Fell"},"content":{"rendered":"<h2>Nike Air Jordan Sneakers 1 White Black Red Royal-mit warmem Fell<\/h2>\n<p>&nbsp;<\/p>\n<p>Die Nike Air Jordan 1 White Black Red ROYAL Sneakers &#8222;FELL&#8220; kombinieren das legend\u00e4re Design der Marke mit Komfort f\u00fcr kaltes Wetter. Das Modell ist mit warmem Fell ausgestattet, das beim t\u00e4glichen Tragen W\u00e4rme und Komfort bietet. Die helle Kombination aus wei\u00dfen, schwarzen und roten Farben verleiht einen stilvollen Akzent und macht die Sneakers f\u00fcr verschiedene Looks universell. Ideal f\u00fcr urbanen Stil und Outdoor-Aktivit\u00e4ten. Nike Air Jordan 1 ROYAL ist in jeder Hinsicht eine erstklassige Qualit\u00e4t und eine ikonische Marke.<\/p>\n","protected":false},"excerpt":{"rendered":"<p>Die Nike Air Jordan 1 White Black Red ROYAL Sneakers &#8222;FELL&#8220; kombinieren das legend\u00e4re Design der Marke mit Komfort f\u00fcr kaltes Wetter. Das Modell ist mit warmem Fell ausgestattet, das beim t\u00e4glichen Tragen W\u00e4rme und Komfort bietet. Die helle Kombination aus wei\u00dfen, schwarzen und roten Farben verleiht einen stilvollen Akzent und macht die Sneakers f\u00fcr verschiedene Looks universell. Ideal f\u00fcr urbanen Stil und Outdoor-Aktivit\u00e4ten. Nike Air Jordan 1 ROYAL ist in jeder Hinsicht eine erstklassige Qualit\u00e4t und eine ikonische Marke.<\/p>\n","protected":false},"featured_media":598317,"comment_status":"open","ping_status":"open","template":"","meta":[],"product_brand":[],"product_cat":[3385,3225,3320],"product_tag":[],"class_list":{"0":"post-598316","1":"product","2":"type-product","3":"status-publish","4":"has-post-thumbnail","6":"product_cat-nike-jordan","7":"product_cat-all-product","8":"product_cat-kedy","9":"pa_rozmir-910","10":"pa_rozmir-912","11":"pa_rozmir-914","12":"pa_rozmir-915","13":"pa_rozmir-916","14":"pa_rozmir-917","15":"pa_rozmir-918","16":"pa_rozmir-919","17":"pa_rozmir-920","18":"pa_rozmir-921","19":"pa_rozmir-922","21":"first","22":"instock","23":"purchasable","24":"product-type-variable"},"_links":{"self":[{"href":"https:\/\/nextsnkr.com\/de\/wp-json\/wp\/v2\/product\/598316","targetHints":{"allow":["GET"]}}],"collection":[{"href":"https:\/\/nextsnkr.com\/de\/wp-json\/wp\/v2\/product"}],"about":[{"href":"https:\/\/nextsnkr.com\/de\/wp-json\/wp\/v2\/types\/product"}],"replies":[{"embeddable":true,"href":"https:\/\/nextsnkr.com\/de\/wp-json\/wp\/v2\/comments?post=598316"}],"version-history":[{"count":0,"href":"https:\/\/nextsnkr.com\/de\/wp-json\/wp\/v2\/product\/598316\/revisions"}],"wp:featuredmedia":[{"embeddable":true,"href":"https:\/\/nextsnkr.com\/de\/wp-json\/wp\/v2\/media\/598317"}],"wp:attachment":[{"href":"https:\/\/nextsnkr.com\/de\/wp-json\/wp\/v2\/media?parent=598316"}],"wp:term":[{"taxonomy":"product_brand","embeddable":true,"href":"https:\/\/nextsnkr.com\/de\/wp-json\/wp\/v2\/product_brand?post=598316"},{"taxonomy":"product_cat","embeddable":true,"href":"https:\/\/nextsnkr.com\/de\/wp-json\/wp\/v2\/product_cat?post=598316"},{"taxonomy":"product_tag","embeddable":true,"href":"https:\/\/nextsnkr.com\/de\/wp-json\/wp\/v2\/product_tag?post=598316"}],"curies":[{"name":"wp","href":"https:\/\/api.w.org\/{rel}","templated":true}]}}