{"id":595706,"date":"2025-06-19T23:04:20","date_gmt":"2025-06-19T20:04:20","guid":{"rendered":"https:\/\/nextsnkr.com\/product\/9060-nori-green\/"},"modified":"2026-01-29T12:37:14","modified_gmt":"2026-01-29T09:37:14","slug":"9060-nori-green","status":"publish","type":"product","link":"https:\/\/nextsnkr.com\/de\/produkt\/9060-nori-green\/","title":{"rendered":"Die 9060 Nori Green Sneakers aus Wildleder und Textilien sind stilvoll und komfortabel"},"content":{"rendered":"<h2>Die 9060 Nori Green Sneakers aus Wildleder und Textilien sind stilvoll und komfortabel<\/h2>\n<p>&nbsp;<\/p>\n<p>Die stilvollen 9060 Nori Green Sneakers sind aus hochwertigem Wildleder und Textilien gefertigt, was Komfort und Haltbarkeit bietet. Das Modell ist ideal f\u00fcr den t\u00e4glichen Gebrauch, passt zu verschiedenen Looks und garantiert den ganzen Tag lang Komfort. W\u00e4hlen Sie diese Turnschuhe f\u00fcr ein aktives und stilvolles Leben und betonen Sie Ihren einzigartigen Stil.<\/p>\n","protected":false},"excerpt":{"rendered":"<p>Die stilvollen 9060 Nori Green Sneakers sind aus hochwertigem Wildleder und Textilien gefertigt, was Komfort und Haltbarkeit bietet. Das Modell ist ideal f\u00fcr den t\u00e4glichen Gebrauch, passt zu verschiedenen Looks und garantiert den ganzen Tag lang Komfort. W\u00e4hlen Sie diese Turnschuhe f\u00fcr ein aktives und stilvolles Leben und betonen Sie Ihren einzigartigen Stil.<\/p>\n","protected":false},"featured_media":595707,"comment_status":"open","ping_status":"open","template":"","meta":[],"product_brand":[],"product_cat":[3225,3226],"product_tag":[],"class_list":{"0":"post-595706","1":"product","2":"type-product","3":"status-publish","4":"has-post-thumbnail","6":"product_cat-all-product","7":"product_cat-krosivky","8":"pa_rozmir-910","9":"pa_rozmir-912","10":"pa_rozmir-914","11":"pa_rozmir-915","12":"pa_rozmir-916","13":"pa_rozmir-917","14":"pa_rozmir-918","15":"pa_rozmir-919","16":"pa_rozmir-920","17":"pa_rozmir-921","18":"pa_rozmir-922","20":"first","21":"instock","22":"purchasable","23":"product-type-variable"},"_links":{"self":[{"href":"https:\/\/nextsnkr.com\/de\/wp-json\/wp\/v2\/product\/595706","targetHints":{"allow":["GET"]}}],"collection":[{"href":"https:\/\/nextsnkr.com\/de\/wp-json\/wp\/v2\/product"}],"about":[{"href":"https:\/\/nextsnkr.com\/de\/wp-json\/wp\/v2\/types\/product"}],"replies":[{"embeddable":true,"href":"https:\/\/nextsnkr.com\/de\/wp-json\/wp\/v2\/comments?post=595706"}],"version-history":[{"count":0,"href":"https:\/\/nextsnkr.com\/de\/wp-json\/wp\/v2\/product\/595706\/revisions"}],"wp:featuredmedia":[{"embeddable":true,"href":"https:\/\/nextsnkr.com\/de\/wp-json\/wp\/v2\/media\/595707"}],"wp:attachment":[{"href":"https:\/\/nextsnkr.com\/de\/wp-json\/wp\/v2\/media?parent=595706"}],"wp:term":[{"taxonomy":"product_brand","embeddable":true,"href":"https:\/\/nextsnkr.com\/de\/wp-json\/wp\/v2\/product_brand?post=595706"},{"taxonomy":"product_cat","embeddable":true,"href":"https:\/\/nextsnkr.com\/de\/wp-json\/wp\/v2\/product_cat?post=595706"},{"taxonomy":"product_tag","embeddable":true,"href":"https:\/\/nextsnkr.com\/de\/wp-json\/wp\/v2\/product_tag?post=595706"}],"curies":[{"name":"wp","href":"https:\/\/api.w.org\/{rel}","templated":true}]}}