{"id":594500,"date":"2025-06-23T08:55:34","date_gmt":"2025-06-23T05:55:34","guid":{"rendered":"https:\/\/nextsnkr.com\/product\/track-beige\/"},"modified":"2026-01-29T12:36:43","modified_gmt":"2026-01-29T09:36:43","slug":"track-beige","status":"publish","type":"product","link":"https:\/\/nextsnkr.com\/de\/produkt\/track-beige\/","title":{"rendered":"Track Beige Sneakers-Leder und Textil f\u00fcr Komfort und Stil"},"content":{"rendered":"<h2>Track Beige Sneakers-Leder und Textil f\u00fcr Komfort und Stil<\/h2>\n<p>&nbsp;<\/p>\n<p>Die Sneaker von Track Beige sind aus hochwertigem Leder und Textilien gefertigt und stammen aus Vietnam. Die stilvolle beige Farbe und das moderne Design machen sie vielseitig f\u00fcr das t\u00e4gliche Tragen. Die leichte und strapazierf\u00e4hige Sohle bietet Komfort und Stabilit\u00e4t, w\u00e4hrend atmungsaktive Materialien den ganzen Tag \u00fcber Komfort bieten. Eine ideale Wahl f\u00fcr diejenigen, die die Kombination aus Stil, Qualit\u00e4t und Komfort sch\u00e4tzen.<\/p>\n","protected":false},"excerpt":{"rendered":"<p>Die Sneaker von Track Beige sind aus hochwertigem Leder und Textilien gefertigt und stammen aus Vietnam. Die stilvolle beige Farbe und das moderne Design machen sie vielseitig f\u00fcr das t\u00e4gliche Tragen. Die leichte und strapazierf\u00e4hige Sohle bietet Komfort und Stabilit\u00e4t, w\u00e4hrend atmungsaktive Materialien den ganzen Tag \u00fcber Komfort bieten. Eine ideale Wahl f\u00fcr diejenigen, die die Kombination aus Stil, Qualit\u00e4t und Komfort sch\u00e4tzen.<\/p>\n","protected":false},"featured_media":594501,"comment_status":"open","ping_status":"open","template":"","meta":[],"product_brand":[],"product_cat":[3225,3226],"product_tag":[],"class_list":{"0":"post-594500","1":"product","2":"type-product","3":"status-publish","4":"has-post-thumbnail","6":"product_cat-all-product","7":"product_cat-krosivky","8":"pa_rozmir-910","9":"pa_rozmir-912","10":"pa_rozmir-914","11":"pa_rozmir-915","12":"pa_rozmir-916","13":"pa_rozmir-917","14":"pa_rozmir-918","15":"pa_rozmir-919","16":"pa_rozmir-920","17":"pa_rozmir-921","18":"pa_rozmir-922","20":"first","21":"onbackorder","22":"purchasable","23":"product-type-variable"},"_links":{"self":[{"href":"https:\/\/nextsnkr.com\/de\/wp-json\/wp\/v2\/product\/594500","targetHints":{"allow":["GET"]}}],"collection":[{"href":"https:\/\/nextsnkr.com\/de\/wp-json\/wp\/v2\/product"}],"about":[{"href":"https:\/\/nextsnkr.com\/de\/wp-json\/wp\/v2\/types\/product"}],"replies":[{"embeddable":true,"href":"https:\/\/nextsnkr.com\/de\/wp-json\/wp\/v2\/comments?post=594500"}],"version-history":[{"count":0,"href":"https:\/\/nextsnkr.com\/de\/wp-json\/wp\/v2\/product\/594500\/revisions"}],"wp:featuredmedia":[{"embeddable":true,"href":"https:\/\/nextsnkr.com\/de\/wp-json\/wp\/v2\/media\/594501"}],"wp:attachment":[{"href":"https:\/\/nextsnkr.com\/de\/wp-json\/wp\/v2\/media?parent=594500"}],"wp:term":[{"taxonomy":"product_brand","embeddable":true,"href":"https:\/\/nextsnkr.com\/de\/wp-json\/wp\/v2\/product_brand?post=594500"},{"taxonomy":"product_cat","embeddable":true,"href":"https:\/\/nextsnkr.com\/de\/wp-json\/wp\/v2\/product_cat?post=594500"},{"taxonomy":"product_tag","embeddable":true,"href":"https:\/\/nextsnkr.com\/de\/wp-json\/wp\/v2\/product_tag?post=594500"}],"curies":[{"name":"wp","href":"https:\/\/api.w.org\/{rel}","templated":true}]}}