{"id":594159,"date":"2025-06-19T22:28:54","date_gmt":"2025-06-19T19:28:54","guid":{"rendered":"https:\/\/nextsnkr.com\/product\/lv-time-out-black\/"},"modified":"2026-01-29T12:36:20","modified_gmt":"2026-01-29T09:36:20","slug":"lv-time-out-black","status":"publish","type":"product","link":"https:\/\/nextsnkr.com\/de\/produkt\/lv-time-out-black\/","title":{"rendered":"Die LV Time Out Black Sneakers aus Leder sind stilvoll f\u00fcr das t\u00e4gliche Tragen"},"content":{"rendered":"<h2>Die LV Time Out Black Sneakers aus Leder sind stilvoll f\u00fcr das t\u00e4gliche Tragen<\/h2>\n<p>&nbsp;<\/p>\n<p>Die eleganten Sneakers von LV Time Out Black sind aus hochwertigem Leder gefertigt, was Komfort, Haltbarkeit und einen Premium-Look bietet. Die Marke Louis Vuitton garantiert eine hohe Qualit\u00e4t und ein stilvolles Design. Diese LV Time Out Black Sneakers sind leicht und bequem und eignen sich f\u00fcr den t\u00e4glichen Gebrauch und die Schaffung von modischen Looks. Eine ideale Wahl f\u00fcr diejenigen, die die Kombination aus Stil und Komfort sch\u00e4tzen.<\/p>\n","protected":false},"excerpt":{"rendered":"<p>Die eleganten Sneakers von LV Time Out Black sind aus hochwertigem Leder gefertigt, was Komfort, Haltbarkeit und einen Premium-Look bietet. Die Marke Louis Vuitton garantiert eine hohe Qualit\u00e4t und ein stilvolles Design. Diese LV Time Out Black Sneakers sind leicht und bequem und eignen sich f\u00fcr den t\u00e4glichen Gebrauch und die Schaffung von modischen Looks. Eine ideale Wahl f\u00fcr diejenigen, die die Kombination aus Stil und Komfort sch\u00e4tzen.<\/p>\n","protected":false},"featured_media":594160,"comment_status":"open","ping_status":"open","template":"","meta":[],"product_brand":[],"product_cat":[3225,3320],"product_tag":[],"class_list":{"0":"post-594159","1":"product","2":"type-product","3":"status-publish","4":"has-post-thumbnail","6":"product_cat-all-product","7":"product_cat-kedy","8":"pa_rozmir-910","9":"pa_rozmir-912","10":"pa_rozmir-914","11":"pa_rozmir-915","12":"pa_rozmir-916","13":"pa_rozmir-917","14":"pa_rozmir-918","15":"pa_rozmir-919","16":"pa_rozmir-920","17":"pa_rozmir-921","18":"pa_rozmir-922","20":"first","21":"instock","22":"purchasable","23":"product-type-variable"},"_links":{"self":[{"href":"https:\/\/nextsnkr.com\/de\/wp-json\/wp\/v2\/product\/594159","targetHints":{"allow":["GET"]}}],"collection":[{"href":"https:\/\/nextsnkr.com\/de\/wp-json\/wp\/v2\/product"}],"about":[{"href":"https:\/\/nextsnkr.com\/de\/wp-json\/wp\/v2\/types\/product"}],"replies":[{"embeddable":true,"href":"https:\/\/nextsnkr.com\/de\/wp-json\/wp\/v2\/comments?post=594159"}],"version-history":[{"count":0,"href":"https:\/\/nextsnkr.com\/de\/wp-json\/wp\/v2\/product\/594159\/revisions"}],"wp:featuredmedia":[{"embeddable":true,"href":"https:\/\/nextsnkr.com\/de\/wp-json\/wp\/v2\/media\/594160"}],"wp:attachment":[{"href":"https:\/\/nextsnkr.com\/de\/wp-json\/wp\/v2\/media?parent=594159"}],"wp:term":[{"taxonomy":"product_brand","embeddable":true,"href":"https:\/\/nextsnkr.com\/de\/wp-json\/wp\/v2\/product_brand?post=594159"},{"taxonomy":"product_cat","embeddable":true,"href":"https:\/\/nextsnkr.com\/de\/wp-json\/wp\/v2\/product_cat?post=594159"},{"taxonomy":"product_tag","embeddable":true,"href":"https:\/\/nextsnkr.com\/de\/wp-json\/wp\/v2\/product_tag?post=594159"}],"curies":[{"name":"wp","href":"https:\/\/api.w.org\/{rel}","templated":true}]}}