{"id":593819,"date":"2025-06-19T22:30:39","date_gmt":"2025-06-19T19:30:39","guid":{"rendered":"https:\/\/nextsnkr.com\/product\/lv-trainer-black-white\/"},"modified":"2026-01-29T12:36:11","modified_gmt":"2026-01-29T09:36:11","slug":"lv-trainer-black-white","status":"publish","type":"product","link":"https:\/\/nextsnkr.com\/de\/produkt\/lv-trainer-black-white\/","title":{"rendered":"LV Trainer Sneakers in Schwarz \/ Wei\u00df aus Leder und Wildleder f\u00fcr einen stilvollen Look"},"content":{"rendered":"<h2>LV Trainer Sneakers in Schwarz \/ Wei\u00df aus Leder und Wildleder f\u00fcr einen stilvollen Look<\/h2>\n<p>&nbsp;<\/p>\n<p>Die stilvollen LV Trainer Sneakers in Schwarz und Wei\u00df sind aus hochwertigem Leder und Wildleder gefertigt. Sie bieten eine komfortable Passform, Festigkeit und Haltbarkeit, eignen sich f\u00fcr das t\u00e4gliche Tragen und Outdoor-Aktivit\u00e4ten. Diese LV Leder-Wildleder-Sneakers kombinieren Premium-Design, Markenqualit\u00e4t und modernen Stil und verleihen Ihrem Look Eleganz und Dynamik.<\/p>\n","protected":false},"excerpt":{"rendered":"<p>Die stilvollen LV Trainer Sneakers in Schwarz und Wei\u00df sind aus hochwertigem Leder und Wildleder gefertigt. Sie bieten eine komfortable Passform, Festigkeit und Haltbarkeit, eignen sich f\u00fcr das t\u00e4gliche Tragen und Outdoor-Aktivit\u00e4ten. Diese LV Leder-Wildleder-Sneakers kombinieren Premium-Design, Markenqualit\u00e4t und modernen Stil und verleihen Ihrem Look Eleganz und Dynamik.<\/p>\n","protected":false},"featured_media":593820,"comment_status":"open","ping_status":"open","template":"","meta":[],"product_brand":[],"product_cat":[3225,3320],"product_tag":[],"class_list":{"0":"post-593819","1":"product","2":"type-product","3":"status-publish","4":"has-post-thumbnail","6":"product_cat-all-product","7":"product_cat-kedy","8":"pa_rozmir-910","9":"pa_rozmir-912","10":"pa_rozmir-914","11":"pa_rozmir-915","12":"pa_rozmir-916","13":"pa_rozmir-917","14":"pa_rozmir-918","15":"pa_rozmir-919","16":"pa_rozmir-920","17":"pa_rozmir-921","18":"pa_rozmir-922","20":"first","21":"instock","22":"purchasable","23":"product-type-variable"},"_links":{"self":[{"href":"https:\/\/nextsnkr.com\/de\/wp-json\/wp\/v2\/product\/593819","targetHints":{"allow":["GET"]}}],"collection":[{"href":"https:\/\/nextsnkr.com\/de\/wp-json\/wp\/v2\/product"}],"about":[{"href":"https:\/\/nextsnkr.com\/de\/wp-json\/wp\/v2\/types\/product"}],"replies":[{"embeddable":true,"href":"https:\/\/nextsnkr.com\/de\/wp-json\/wp\/v2\/comments?post=593819"}],"version-history":[{"count":0,"href":"https:\/\/nextsnkr.com\/de\/wp-json\/wp\/v2\/product\/593819\/revisions"}],"wp:featuredmedia":[{"embeddable":true,"href":"https:\/\/nextsnkr.com\/de\/wp-json\/wp\/v2\/media\/593820"}],"wp:attachment":[{"href":"https:\/\/nextsnkr.com\/de\/wp-json\/wp\/v2\/media?parent=593819"}],"wp:term":[{"taxonomy":"product_brand","embeddable":true,"href":"https:\/\/nextsnkr.com\/de\/wp-json\/wp\/v2\/product_brand?post=593819"},{"taxonomy":"product_cat","embeddable":true,"href":"https:\/\/nextsnkr.com\/de\/wp-json\/wp\/v2\/product_cat?post=593819"},{"taxonomy":"product_tag","embeddable":true,"href":"https:\/\/nextsnkr.com\/de\/wp-json\/wp\/v2\/product_tag?post=593819"}],"curies":[{"name":"wp","href":"https:\/\/api.w.org\/{rel}","templated":true}]}}