{"id":593649,"date":"2025-06-19T22:31:32","date_gmt":"2025-06-19T19:31:32","guid":{"rendered":"https:\/\/nextsnkr.com\/product\/lv-trainer-white-blue\/"},"modified":"2026-01-29T12:36:06","modified_gmt":"2026-01-29T09:36:06","slug":"lv-trainer-white-blue","status":"publish","type":"product","link":"https:\/\/nextsnkr.com\/de\/produkt\/lv-trainer-white-blue\/","title":{"rendered":"Sneakers LV Trainer White \/ Blue Premium-Leder"},"content":{"rendered":"<h2>Sneakers LV Trainer White \/ Blue Premium-Leder<\/h2>\n<p>&nbsp;<\/p>\n<p>Die stilvollen Sneakers von LV Trainer White \/ Blue sind aus hochwertigem Leder gefertigt und sorgen f\u00fcr Langlebigkeit und Tragekomfort. Das Modell ist ideal f\u00fcr den t\u00e4glichen Gebrauch und einen aktiven Lebensstil und kombiniert elegantes Design und Komfort. W\u00e4hlen Sie den LV Trainer f\u00fcr ein lebendiges Bild und die Zuverl\u00e4ssigkeit jedes Schrittes.<\/p>\n","protected":false},"excerpt":{"rendered":"<p>Die stilvollen Sneakers von LV Trainer White \/ Blue sind aus hochwertigem Leder gefertigt und sorgen f\u00fcr Langlebigkeit und Tragekomfort. Das Modell ist ideal f\u00fcr den t\u00e4glichen Gebrauch und einen aktiven Lebensstil und kombiniert elegantes Design und Komfort. W\u00e4hlen Sie den LV Trainer f\u00fcr ein lebendiges Bild und die Zuverl\u00e4ssigkeit jedes Schrittes.<\/p>\n","protected":false},"featured_media":593650,"comment_status":"open","ping_status":"open","template":"","meta":[],"product_brand":[],"product_cat":[3225,3320],"product_tag":[],"class_list":{"0":"post-593649","1":"product","2":"type-product","3":"status-publish","4":"has-post-thumbnail","6":"product_cat-all-product","7":"product_cat-kedy","8":"pa_rozmir-910","9":"pa_rozmir-912","10":"pa_rozmir-914","11":"pa_rozmir-915","12":"pa_rozmir-916","13":"pa_rozmir-917","14":"pa_rozmir-918","15":"pa_rozmir-919","16":"pa_rozmir-920","17":"pa_rozmir-921","18":"pa_rozmir-922","20":"first","21":"onbackorder","22":"purchasable","23":"product-type-variable"},"_links":{"self":[{"href":"https:\/\/nextsnkr.com\/de\/wp-json\/wp\/v2\/product\/593649","targetHints":{"allow":["GET"]}}],"collection":[{"href":"https:\/\/nextsnkr.com\/de\/wp-json\/wp\/v2\/product"}],"about":[{"href":"https:\/\/nextsnkr.com\/de\/wp-json\/wp\/v2\/types\/product"}],"replies":[{"embeddable":true,"href":"https:\/\/nextsnkr.com\/de\/wp-json\/wp\/v2\/comments?post=593649"}],"version-history":[{"count":0,"href":"https:\/\/nextsnkr.com\/de\/wp-json\/wp\/v2\/product\/593649\/revisions"}],"wp:featuredmedia":[{"embeddable":true,"href":"https:\/\/nextsnkr.com\/de\/wp-json\/wp\/v2\/media\/593650"}],"wp:attachment":[{"href":"https:\/\/nextsnkr.com\/de\/wp-json\/wp\/v2\/media?parent=593649"}],"wp:term":[{"taxonomy":"product_brand","embeddable":true,"href":"https:\/\/nextsnkr.com\/de\/wp-json\/wp\/v2\/product_brand?post=593649"},{"taxonomy":"product_cat","embeddable":true,"href":"https:\/\/nextsnkr.com\/de\/wp-json\/wp\/v2\/product_cat?post=593649"},{"taxonomy":"product_tag","embeddable":true,"href":"https:\/\/nextsnkr.com\/de\/wp-json\/wp\/v2\/product_tag?post=593649"}],"curies":[{"name":"wp","href":"https:\/\/api.w.org\/{rel}","templated":true}]}}