{"id":592106,"date":"2025-06-19T22:39:09","date_gmt":"2025-06-19T19:39:09","guid":{"rendered":"https:\/\/nextsnkr.com\/product\/bv-low-black-pink-premium\/"},"modified":"2026-01-29T12:35:23","modified_gmt":"2026-01-29T09:35:23","slug":"bv-low-black-pink-premium","status":"publish","type":"product","link":"https:\/\/nextsnkr.com\/de\/produkt\/bv-low-black-pink-premium\/","title":{"rendered":"BV LOW BLACK PINK PREMIUM Lederstiefel sind stilvoll und komfortabel"},"content":{"rendered":"<h2>BV LOW BLACK PINK PREMIUM Lederstiefel sind stilvoll und komfortabel<\/h2>\n<p>&nbsp;<\/p>\n<p>Die BV LOW BLACK PINK PREMIUM Stiefel sind aus hochwertigem Leder gefertigt, das f\u00fcr Haltbarkeit und Haltbarkeit sorgt. Das Modell kombiniert ein elegantes schwarzes und ein zartes rosa Design und betont Stil und Pers\u00f6nlichkeit. Ideal f\u00fcr das t\u00e4gliche Tragen, Spazierg\u00e4nge und das Stadtleben, sie garantieren Komfort und Zuverl\u00e4ssigkeit bei jedem Wetter. Wenn Sie sich f\u00fcr diese BV-Stiefel entscheiden, erhalten Sie eine Kombination aus Premium-Qualit\u00e4t, modischem Design und Komfort.<\/p>\n","protected":false},"excerpt":{"rendered":"<p>Die BV LOW BLACK PINK PREMIUM Stiefel sind aus hochwertigem Leder gefertigt, das f\u00fcr Haltbarkeit und Haltbarkeit sorgt. Das Modell kombiniert ein elegantes schwarzes und ein zartes rosa Design und betont Stil und Pers\u00f6nlichkeit. Ideal f\u00fcr das t\u00e4gliche Tragen, Spazierg\u00e4nge und das Stadtleben, sie garantieren Komfort und Zuverl\u00e4ssigkeit bei jedem Wetter. Wenn Sie sich f\u00fcr diese BV-Stiefel entscheiden, erhalten Sie eine Kombination aus Premium-Qualit\u00e4t, modischem Design und Komfort.<\/p>\n","protected":false},"featured_media":592107,"comment_status":"open","ping_status":"open","template":"","meta":[],"product_brand":[],"product_cat":[3225,3333],"product_tag":[],"class_list":{"0":"post-592106","1":"product","2":"type-product","3":"status-publish","4":"has-post-thumbnail","6":"product_cat-all-product","7":"product_cat-cherevyky","8":"pa_rozmir-910","9":"pa_rozmir-912","10":"pa_rozmir-914","11":"pa_rozmir-915","12":"pa_rozmir-916","13":"pa_rozmir-917","14":"pa_rozmir-918","15":"pa_rozmir-919","16":"pa_rozmir-920","17":"pa_rozmir-921","18":"pa_rozmir-922","20":"first","21":"onbackorder","22":"purchasable","23":"product-type-variable"},"_links":{"self":[{"href":"https:\/\/nextsnkr.com\/de\/wp-json\/wp\/v2\/product\/592106","targetHints":{"allow":["GET"]}}],"collection":[{"href":"https:\/\/nextsnkr.com\/de\/wp-json\/wp\/v2\/product"}],"about":[{"href":"https:\/\/nextsnkr.com\/de\/wp-json\/wp\/v2\/types\/product"}],"replies":[{"embeddable":true,"href":"https:\/\/nextsnkr.com\/de\/wp-json\/wp\/v2\/comments?post=592106"}],"version-history":[{"count":0,"href":"https:\/\/nextsnkr.com\/de\/wp-json\/wp\/v2\/product\/592106\/revisions"}],"wp:featuredmedia":[{"embeddable":true,"href":"https:\/\/nextsnkr.com\/de\/wp-json\/wp\/v2\/media\/592107"}],"wp:attachment":[{"href":"https:\/\/nextsnkr.com\/de\/wp-json\/wp\/v2\/media?parent=592106"}],"wp:term":[{"taxonomy":"product_brand","embeddable":true,"href":"https:\/\/nextsnkr.com\/de\/wp-json\/wp\/v2\/product_brand?post=592106"},{"taxonomy":"product_cat","embeddable":true,"href":"https:\/\/nextsnkr.com\/de\/wp-json\/wp\/v2\/product_cat?post=592106"},{"taxonomy":"product_tag","embeddable":true,"href":"https:\/\/nextsnkr.com\/de\/wp-json\/wp\/v2\/product_tag?post=592106"}],"curies":[{"name":"wp","href":"https:\/\/api.w.org\/{rel}","templated":true}]}}