{"id":591596,"date":"2025-06-19T22:41:43","date_gmt":"2025-06-19T19:41:43","guid":{"rendered":"https:\/\/nextsnkr.com\/product\/bv-black-pink-premium\/"},"modified":"2026-01-29T12:35:08","modified_gmt":"2026-01-29T09:35:08","slug":"bv-black-pink-premium","status":"publish","type":"product","link":"https:\/\/nextsnkr.com\/de\/produkt\/bv-black-pink-premium\/","title":{"rendered":"BV Black \/ Pink Premium Stiefel aus echtem Leder"},"content":{"rendered":"<h2>BV Black \/ Pink Premium Stiefel aus echtem Leder<\/h2>\n<p>&nbsp;<\/p>\n<p>Die BV Black \/ Pink Premium Stiefel sind aus hochwertigem Leder gefertigt, das Haltbarkeit und Tragekomfort garantiert. Eine stilvolle Kombination aus schwarzen und rosa Farben macht sie zu einem hellen Akzent Ihres Bildes. Die robuste Sohle und das Premium-Finish der Materialien sorgen f\u00fcr Komfort im t\u00e4glichen Gebrauch. Eine ideale Wahl f\u00fcr diejenigen, die Marke, Qualit\u00e4t und modernes Design sch\u00e4tzen.<\/p>\n","protected":false},"excerpt":{"rendered":"<p>Die BV Black \/ Pink Premium Stiefel sind aus hochwertigem Leder gefertigt, das Haltbarkeit und Tragekomfort garantiert. Eine stilvolle Kombination aus schwarzen und rosa Farben macht sie zu einem hellen Akzent Ihres Bildes. Die robuste Sohle und das Premium-Finish der Materialien sorgen f\u00fcr Komfort im t\u00e4glichen Gebrauch. Eine ideale Wahl f\u00fcr diejenigen, die Marke, Qualit\u00e4t und modernes Design sch\u00e4tzen.<\/p>\n","protected":false},"featured_media":591597,"comment_status":"open","ping_status":"open","template":"","meta":[],"product_brand":[],"product_cat":[3225,3333],"product_tag":[],"class_list":{"0":"post-591596","1":"product","2":"type-product","3":"status-publish","4":"has-post-thumbnail","6":"product_cat-all-product","7":"product_cat-cherevyky","8":"pa_rozmir-910","9":"pa_rozmir-912","10":"pa_rozmir-914","11":"pa_rozmir-915","12":"pa_rozmir-916","13":"pa_rozmir-917","14":"pa_rozmir-918","15":"pa_rozmir-919","16":"pa_rozmir-920","17":"pa_rozmir-921","18":"pa_rozmir-922","20":"first","21":"onbackorder","22":"purchasable","23":"product-type-variable"},"_links":{"self":[{"href":"https:\/\/nextsnkr.com\/de\/wp-json\/wp\/v2\/product\/591596","targetHints":{"allow":["GET"]}}],"collection":[{"href":"https:\/\/nextsnkr.com\/de\/wp-json\/wp\/v2\/product"}],"about":[{"href":"https:\/\/nextsnkr.com\/de\/wp-json\/wp\/v2\/types\/product"}],"replies":[{"embeddable":true,"href":"https:\/\/nextsnkr.com\/de\/wp-json\/wp\/v2\/comments?post=591596"}],"version-history":[{"count":0,"href":"https:\/\/nextsnkr.com\/de\/wp-json\/wp\/v2\/product\/591596\/revisions"}],"wp:featuredmedia":[{"embeddable":true,"href":"https:\/\/nextsnkr.com\/de\/wp-json\/wp\/v2\/media\/591597"}],"wp:attachment":[{"href":"https:\/\/nextsnkr.com\/de\/wp-json\/wp\/v2\/media?parent=591596"}],"wp:term":[{"taxonomy":"product_brand","embeddable":true,"href":"https:\/\/nextsnkr.com\/de\/wp-json\/wp\/v2\/product_brand?post=591596"},{"taxonomy":"product_cat","embeddable":true,"href":"https:\/\/nextsnkr.com\/de\/wp-json\/wp\/v2\/product_cat?post=591596"},{"taxonomy":"product_tag","embeddable":true,"href":"https:\/\/nextsnkr.com\/de\/wp-json\/wp\/v2\/product_tag?post=591596"}],"curies":[{"name":"wp","href":"https:\/\/api.w.org\/{rel}","templated":true}]}}