{"id":591256,"date":"2025-06-19T22:43:28","date_gmt":"2025-06-19T19:43:28","guid":{"rendered":"https:\/\/nextsnkr.com\/product\/jordan-4\/"},"modified":"2026-01-29T12:34:59","modified_gmt":"2026-01-29T09:34:59","slug":"jordan-4","status":"publish","type":"product","link":"https:\/\/nextsnkr.com\/de\/produkt\/jordan-4\/","title":{"rendered":"Jordan 4 Leder Sneaker-Stil und Komfort f\u00fcr das t\u00e4gliche Tragen"},"content":{"rendered":"<h2>Jordan 4 Leder Sneaker-Stil und Komfort f\u00fcr das t\u00e4gliche Tragen<\/h2>\n<p>&nbsp;<\/p>\n<p>Die Jordan 4 Sneakers sind aus hochwertigem Leder gefertigt und garantieren Langlebigkeit und Komfort beim Tragen. Das Modell kombiniert stilvolles Design und zuverl\u00e4ssige D\u00e4mpfung und eignet sich f\u00fcr den t\u00e4glichen Gebrauch und Outdoor-Aktivit\u00e4ten. Der Jordan 4 bietet eine komfortable Passform und einen eleganten Look in jeder Situation. W\u00e4hlen Sie dieses Modell f\u00fcr einen modernen Look und maximalen Komfort.<\/p>\n","protected":false},"excerpt":{"rendered":"<p>Die Jordan 4 Sneakers sind aus hochwertigem Leder gefertigt und garantieren Langlebigkeit und Komfort beim Tragen. Das Modell kombiniert stilvolles Design und zuverl\u00e4ssige D\u00e4mpfung und eignet sich f\u00fcr den t\u00e4glichen Gebrauch und Outdoor-Aktivit\u00e4ten. Der Jordan 4 bietet eine komfortable Passform und einen eleganten Look in jeder Situation. W\u00e4hlen Sie dieses Modell f\u00fcr einen modernen Look und maximalen Komfort.<\/p>\n","protected":false},"featured_media":591257,"comment_status":"open","ping_status":"open","template":"","meta":[],"product_brand":[],"product_cat":[3385,3225,3226],"product_tag":[],"class_list":{"0":"post-591256","1":"product","2":"type-product","3":"status-publish","4":"has-post-thumbnail","6":"product_cat-nike-jordan","7":"product_cat-all-product","8":"product_cat-krosivky","9":"pa_rozmir-910","10":"pa_rozmir-912","11":"pa_rozmir-914","12":"pa_rozmir-915","13":"pa_rozmir-916","14":"pa_rozmir-917","15":"pa_rozmir-918","16":"pa_rozmir-919","17":"pa_rozmir-920","18":"pa_rozmir-921","19":"pa_rozmir-922","21":"first","22":"instock","23":"purchasable","24":"product-type-variable"},"_links":{"self":[{"href":"https:\/\/nextsnkr.com\/de\/wp-json\/wp\/v2\/product\/591256","targetHints":{"allow":["GET"]}}],"collection":[{"href":"https:\/\/nextsnkr.com\/de\/wp-json\/wp\/v2\/product"}],"about":[{"href":"https:\/\/nextsnkr.com\/de\/wp-json\/wp\/v2\/types\/product"}],"replies":[{"embeddable":true,"href":"https:\/\/nextsnkr.com\/de\/wp-json\/wp\/v2\/comments?post=591256"}],"version-history":[{"count":0,"href":"https:\/\/nextsnkr.com\/de\/wp-json\/wp\/v2\/product\/591256\/revisions"}],"wp:featuredmedia":[{"embeddable":true,"href":"https:\/\/nextsnkr.com\/de\/wp-json\/wp\/v2\/media\/591257"}],"wp:attachment":[{"href":"https:\/\/nextsnkr.com\/de\/wp-json\/wp\/v2\/media?parent=591256"}],"wp:term":[{"taxonomy":"product_brand","embeddable":true,"href":"https:\/\/nextsnkr.com\/de\/wp-json\/wp\/v2\/product_brand?post=591256"},{"taxonomy":"product_cat","embeddable":true,"href":"https:\/\/nextsnkr.com\/de\/wp-json\/wp\/v2\/product_cat?post=591256"},{"taxonomy":"product_tag","embeddable":true,"href":"https:\/\/nextsnkr.com\/de\/wp-json\/wp\/v2\/product_tag?post=591256"}],"curies":[{"name":"wp","href":"https:\/\/api.w.org\/{rel}","templated":true}]}}