{"id":590236,"date":"2025-06-19T22:50:40","date_gmt":"2025-06-19T19:50:40","guid":{"rendered":"https:\/\/nextsnkr.com\/product\/air-force-shadow\/"},"modified":"2026-01-29T12:34:18","modified_gmt":"2026-01-29T09:34:18","slug":"air-force-shadow","status":"publish","type":"product","link":"https:\/\/nextsnkr.com\/de\/produkt\/air-force-shadow\/","title":{"rendered":"Nike Air Force Shadow Sneakers aus Leder f\u00fcr einen stilvollen Alltagslook"},"content":{"rendered":"<h2>Nike Air Force Shadow Sneakers aus Leder f\u00fcr einen stilvollen Alltagslook<\/h2>\n<p>&nbsp;<\/p>\n<p>Stilvolle Turnschuhe Nike Air Force Shadow sind aus hochwertigem Leder gefertigt und garantiert Langlebigkeit und Komfort beim t\u00e4glichen tragen. Diese ledernen sneakers von Nike vereinen innovatives Design, Haltbarkeit und Leichtigkeit, ideal f\u00fcr Outdoor-Aktivit\u00e4ten und die Schaffung von modischen images. W\u00e4hlen Sie Nike Air Force Shadow f\u00fcr Komfort und Eleganz in jedem Schritt.<\/p>\n","protected":false},"excerpt":{"rendered":"<p>Stilvolle Turnschuhe Nike Air Force Shadow sind aus hochwertigem Leder gefertigt und garantiert Langlebigkeit und Komfort beim t\u00e4glichen tragen. Diese ledernen sneakers von Nike vereinen innovatives Design, Haltbarkeit und Leichtigkeit, ideal f\u00fcr Outdoor-Aktivit\u00e4ten und die Schaffung von modischen images. W\u00e4hlen Sie Nike Air Force Shadow f\u00fcr Komfort und Eleganz in jedem Schritt.<\/p>\n","protected":false},"featured_media":590237,"comment_status":"open","ping_status":"open","template":"","meta":[],"product_brand":[],"product_cat":[3225,3320],"product_tag":[],"class_list":{"0":"post-590236","1":"product","2":"type-product","3":"status-publish","4":"has-post-thumbnail","6":"product_cat-all-product","7":"product_cat-kedy","8":"pa_rozmir-910","9":"pa_rozmir-912","10":"pa_rozmir-914","11":"pa_rozmir-915","12":"pa_rozmir-916","13":"pa_rozmir-917","14":"pa_rozmir-918","15":"pa_rozmir-919","16":"pa_rozmir-920","17":"pa_rozmir-921","18":"pa_rozmir-922","20":"first","21":"instock","22":"purchasable","23":"product-type-variable"},"_links":{"self":[{"href":"https:\/\/nextsnkr.com\/de\/wp-json\/wp\/v2\/product\/590236","targetHints":{"allow":["GET"]}}],"collection":[{"href":"https:\/\/nextsnkr.com\/de\/wp-json\/wp\/v2\/product"}],"about":[{"href":"https:\/\/nextsnkr.com\/de\/wp-json\/wp\/v2\/types\/product"}],"replies":[{"embeddable":true,"href":"https:\/\/nextsnkr.com\/de\/wp-json\/wp\/v2\/comments?post=590236"}],"version-history":[{"count":0,"href":"https:\/\/nextsnkr.com\/de\/wp-json\/wp\/v2\/product\/590236\/revisions"}],"wp:featuredmedia":[{"embeddable":true,"href":"https:\/\/nextsnkr.com\/de\/wp-json\/wp\/v2\/media\/590237"}],"wp:attachment":[{"href":"https:\/\/nextsnkr.com\/de\/wp-json\/wp\/v2\/media?parent=590236"}],"wp:term":[{"taxonomy":"product_brand","embeddable":true,"href":"https:\/\/nextsnkr.com\/de\/wp-json\/wp\/v2\/product_brand?post=590236"},{"taxonomy":"product_cat","embeddable":true,"href":"https:\/\/nextsnkr.com\/de\/wp-json\/wp\/v2\/product_cat?post=590236"},{"taxonomy":"product_tag","embeddable":true,"href":"https:\/\/nextsnkr.com\/de\/wp-json\/wp\/v2\/product_tag?post=590236"}],"curies":[{"name":"wp","href":"https:\/\/api.w.org\/{rel}","templated":true}]}}