{"id":589726,"date":"2025-06-19T22:53:29","date_gmt":"2025-06-19T19:53:29","guid":{"rendered":"https:\/\/nextsnkr.com\/product\/9060-sea-salt-brown\/"},"modified":"2026-01-29T12:34:03","modified_gmt":"2026-01-29T09:34:03","slug":"9060-sea-salt-brown","status":"publish","type":"product","link":"https:\/\/nextsnkr.com\/de\/produkt\/9060-sea-salt-brown\/","title":{"rendered":"Die 9060 Sea Salt Brown Sneakers sind aus Wildleder und Textilien f\u00fcr den t\u00e4glichen Komfort"},"content":{"rendered":"<h2>Die 9060 Sea Salt Brown Sneakers sind aus Wildleder und Textilien f\u00fcr den t\u00e4glichen Komfort<\/h2>\n<p>&nbsp;<\/p>\n<p>Die 9060 Sea Salt Brown Sneakers sind aus hochwertigem Wildleder und Textilien gefertigt, was Komfort und Haltbarkeit bietet. Die leichte Sohle und die atmungsaktiven Materialien machen sie ideal f\u00fcr das t\u00e4gliche Tragen und einen aktiven Lebensstil. Ein stilvoller brauner Farbton l\u00e4sst sich leicht mit jedem Kleiderschrank kombinieren und f\u00fcgt ein Bild von Modernit\u00e4t und Eleganz hinzu. Eine Wahl f\u00fcr diejenigen, die Qualit\u00e4t, Komfort und modisches Design sch\u00e4tzen.<\/p>\n","protected":false},"excerpt":{"rendered":"<p>Die 9060 Sea Salt Brown Sneakers sind aus hochwertigem Wildleder und Textilien gefertigt, was Komfort und Haltbarkeit bietet. Die leichte Sohle und die atmungsaktiven Materialien machen sie ideal f\u00fcr das t\u00e4gliche Tragen und einen aktiven Lebensstil. Ein stilvoller brauner Farbton l\u00e4sst sich leicht mit jedem Kleiderschrank kombinieren und f\u00fcgt ein Bild von Modernit\u00e4t und Eleganz hinzu. Eine Wahl f\u00fcr diejenigen, die Qualit\u00e4t, Komfort und modisches Design sch\u00e4tzen.<\/p>\n","protected":false},"featured_media":589727,"comment_status":"open","ping_status":"open","template":"","meta":[],"product_brand":[],"product_cat":[3225,3226],"product_tag":[],"class_list":{"0":"post-589726","1":"product","2":"type-product","3":"status-publish","4":"has-post-thumbnail","6":"product_cat-all-product","7":"product_cat-krosivky","8":"pa_rozmir-910","9":"pa_rozmir-912","10":"pa_rozmir-914","11":"pa_rozmir-915","12":"pa_rozmir-916","13":"pa_rozmir-917","14":"pa_rozmir-918","15":"pa_rozmir-919","16":"pa_rozmir-920","17":"pa_rozmir-921","18":"pa_rozmir-922","20":"first","21":"instock","22":"purchasable","23":"product-type-variable"},"_links":{"self":[{"href":"https:\/\/nextsnkr.com\/de\/wp-json\/wp\/v2\/product\/589726","targetHints":{"allow":["GET"]}}],"collection":[{"href":"https:\/\/nextsnkr.com\/de\/wp-json\/wp\/v2\/product"}],"about":[{"href":"https:\/\/nextsnkr.com\/de\/wp-json\/wp\/v2\/types\/product"}],"replies":[{"embeddable":true,"href":"https:\/\/nextsnkr.com\/de\/wp-json\/wp\/v2\/comments?post=589726"}],"version-history":[{"count":0,"href":"https:\/\/nextsnkr.com\/de\/wp-json\/wp\/v2\/product\/589726\/revisions"}],"wp:featuredmedia":[{"embeddable":true,"href":"https:\/\/nextsnkr.com\/de\/wp-json\/wp\/v2\/media\/589727"}],"wp:attachment":[{"href":"https:\/\/nextsnkr.com\/de\/wp-json\/wp\/v2\/media?parent=589726"}],"wp:term":[{"taxonomy":"product_brand","embeddable":true,"href":"https:\/\/nextsnkr.com\/de\/wp-json\/wp\/v2\/product_brand?post=589726"},{"taxonomy":"product_cat","embeddable":true,"href":"https:\/\/nextsnkr.com\/de\/wp-json\/wp\/v2\/product_cat?post=589726"},{"taxonomy":"product_tag","embeddable":true,"href":"https:\/\/nextsnkr.com\/de\/wp-json\/wp\/v2\/product_tag?post=589726"}],"curies":[{"name":"wp","href":"https:\/\/api.w.org\/{rel}","templated":true}]}}